{"id":8452,"date":"2023-01-30T10:22:43","date_gmt":"2023-01-30T08:22:43","guid":{"rendered":"https:\/\/www.primariacalan.ro\/?page_id=8452"},"modified":"2023-12-05T09:40:36","modified_gmt":"2023-12-05T07:40:36","slug":"2023-p-h-c-l","status":"publish","type":"page","link":"https:\/\/www.primariacalan.ro\/?page_id=8452","title":{"rendered":"2023 &#8211; P.H.C.L."},"content":{"rendered":"\n<ul>\n<li class=\"has-small-font-size\"><a href=\"https:\/\/www.primariacalan.ro\/wp-content\/uploads\/2023\/02\/P.1.-utilizarea-excendentului-bugetar.pdf\">P.1.-utilizarea-excendentului-bugetar.pdf<\/a><\/li>\n\n\n\n<li class=\"has-small-font-size\"><a href=\"https:\/\/www.primariacalan.ro\/wp-content\/uploads\/2023\/02\/P.2.-acoperirea-deficitului-sectiunii-de-dezvoltare.pdf\">P.2.-acoperirea-deficitului-sectiunii-de-dezvoltare.pdf<\/a><\/li>\n\n\n\n<li class=\"has-small-font-size\"><a href=\"https:\/\/www.primariacalan.ro\/wp-content\/uploads\/2023\/02\/P.3.-bugetul-local-pe-anul-2023.pdf\">P.3.-bugetul-local-pe-anul-2023.pdf<\/a><\/li>\n\n\n\n<li class=\"has-small-font-size\"><a href=\"https:\/\/www.primariacalan.ro\/wp-content\/uploads\/2023\/02\/P.4.-modificare-Anexa-2-si-Anexa-3-la-HCL-81-din-2022.pdf\">P.4.-modificare-Anexa-2-si-Anexa-3-la-HCL-81-din-2022.pdf<\/a><\/li>\n\n\n\n<li class=\"has-small-font-size\"><a href=\"https:\/\/www.primariacalan.ro\/wp-content\/uploads\/2023\/02\/P.5.-programul-de-achizitii-publice-pe-2023.pdf\">P.5.-programul-de-achizitii-publice-pe-2023.pdf<\/a><\/li>\n\n\n\n<li class=\"has-small-font-size\"><a href=\"https:\/\/www.primariacalan.ro\/wp-content\/uploads\/2023\/02\/P.6.-stabilire-salarii-Primaria-Calan.pdf\">P.6.-stabilire-salarii-Primaria-Calan.pdf<\/a><\/li>\n\n\n\n<li class=\"has-small-font-size\"><a href=\"https:\/\/www.primariacalan.ro\/wp-content\/uploads\/2023\/02\/P.7.-stabilire-salarii-politia-locala-Calan.pdf\">P.7.-stabilire-salarii-politia-locala-Calan.pdf<\/a><\/li>\n\n\n\n<li class=\"has-small-font-size\"><a href=\"https:\/\/www.primariacalan.ro\/wp-content\/uploads\/2023\/02\/P.8.-organizarea-retelei-scolare-pe-2023-2024.pdf\">P.8.-organizarea-retelei-scolare-pe-2023-2024.pdf<\/a><\/li>\n\n\n\n<li class=\"has-small-font-size\"><a href=\"https:\/\/www.primariacalan.ro\/wp-content\/uploads\/2023\/02\/P.9.-propunere-restituire-teren-aferent-casei-Thirt.pdf\">P.9.-propunere-restituire-teren-aferent-casei-Thirt.pdf<\/a><\/li>\n\n\n\n<li class=\"has-small-font-size\"><a href=\"https:\/\/www.primariacalan.ro\/wp-content\/uploads\/2023\/02\/P.10.-scutire-impozit-pe-cladiri-Asociatia-Viata-in-Isus-Hristos.pdf\">P.10.-scutire-impozit-pe-cladiri-Asociatia-Viata-in-Isus-Hristos.pdf<\/a><\/li>\n\n\n\n<li class=\"has-small-font-size\"><a href=\"https:\/\/www.primariacalan.ro\/wp-content\/uploads\/2023\/02\/P.11.-indreptare-eroare-materiala-in-documentatie-topo.pdf\">P.11.-indreptare-eroare-materiala-in-documentatie-topo.pdf<\/a><\/li>\n\n\n\n<li class=\"has-small-font-size\"><a href=\"https:\/\/www.primariacalan.ro\/wp-content\/uploads\/2023\/02\/P.12.-aprobare-majorari-cheltuieli-neeligibile-\u201eEficienta-energetica-in-sectorul-rezidential.pdf\">P.12.-aprobare-majorari-cheltuieli-neeligibile-\u201eEficienta-energetica-in-sectorul-rezidential.pdf<\/a><\/li>\n\n\n\n<li class=\"has-small-font-size\"><a href=\"https:\/\/www.primariacalan.ro\/wp-content\/uploads\/2023\/02\/P.13.-alegerea-presedintelui-de-sedinta.pdf\">P.13.-alegerea-presedintelui-de-sedinta.pdf<\/a><\/li>\n\n\n\n<li class=\"has-small-font-size\"><a href=\"https:\/\/www.primariacalan.ro\/wp-content\/uploads\/2023\/03\/p.24.pdf\">p.24.pdf<\/a> P.24 HCL iluminat cu DALI<\/li>\n\n\n\n<li class=\"has-small-font-size\"><a href=\"https:\/\/www.primariacalan.ro\/wp-content\/uploads\/2023\/03\/p.25.pdf\">p.25.pdf<\/a> P.25. plan actiuni si lucr\u0103ri de interese local VMG<\/li>\n\n\n\n<li class=\"has-small-font-size\"><a href=\"https:\/\/www.primariacalan.ro\/wp-content\/uploads\/2023\/03\/p.26.pdf\">p.26.pdf<\/a> P.26. repartizare locuin\u021b\u0103 ANL d-nei Cardos Adina-Laura<\/li>\n\n\n\n<li class=\"has-small-font-size\"><a href=\"https:\/\/www.primariacalan.ro\/wp-content\/uploads\/2023\/03\/p.27.pdf\">p.27.pdf<\/a> P.27. concesionare cab med dr. Bogdan Cristian Ciocan<\/li>\n\n\n\n<li class=\"has-small-font-size\"><a href=\"https:\/\/www.primariacalan.ro\/wp-content\/uploads\/2023\/03\/p.28.pdf\">p.28.pdf<\/a> P.28. aprobare ajutor financiar culte 2023<\/li>\n\n\n\n<li class=\"has-small-font-size\"><a href=\"https:\/\/www.primariacalan.ro\/wp-content\/uploads\/2023\/03\/p.29.pdf\">p.29.pdf<\/a> P.29. mandatare ADI Deseuri pentru Act aditional<\/li>\n\n\n\n<li class=\"has-small-font-size\"><a href=\"https:\/\/www.primariacalan.ro\/wp-content\/uploads\/2023\/03\/p.30.pdf\">p.30.pdf<\/a> P.30. Planul de ordine \u015fi siguran\u0163\u0103 public\u0103 2023<\/li>\n\n\n\n<li class=\"has-small-font-size\"><a href=\"https:\/\/www.primariacalan.ro\/wp-content\/uploads\/2023\/03\/p.31.pdf\">p.31.pdf<\/a> P.31. Suplimentare burse an scolar 2022- 2023<\/li>\n\n\n\n<li class=\"has-small-font-size\"><a href=\"https:\/\/www.primariacalan.ro\/wp-content\/uploads\/2023\/03\/p.32.pdf\">p.32.pdf<\/a> P.32. mandat Aqua Prest<\/li>\n\n\n\n<li class=\"has-small-font-size\"><a href=\"https:\/\/www.primariacalan.ro\/wp-content\/uploads\/2023\/03\/p.33.pdf\">p.33.pdf<\/a> P.33. Modificare Document de pozitie<\/li>\n\n\n\n<li class=\"has-small-font-size\"><a href=\"https:\/\/www.primariacalan.ro\/wp-content\/uploads\/2023\/03\/p.34.pdf\">p.34.pdf<\/a> P.34. \u00eenchiriere p\u0103\u0219une Criseni<\/li>\n\n\n\n<li class=\"has-small-font-size\"><a href=\"https:\/\/www.primariacalan.ro\/wp-content\/uploads\/2023\/03\/p.35.pdf\">p.35.pdf<\/a> P.35. \u00eenchiriere p\u0103\u0219une Streis\u00e2ngeorgiu<\/li>\n\n\n\n<li class=\"has-small-font-size\"><a href=\"https:\/\/www.primariacalan.ro\/wp-content\/uploads\/2023\/03\/p.36.pdf\">p.36.pdf<\/a> P.36. \u00eenchiriere p\u0103\u0219une Strei<\/li>\n\n\n\n<li class=\"has-small-font-size\"><a href=\"https:\/\/www.primariacalan.ro\/wp-content\/uploads\/2023\/03\/p.37.pdf\">p.37.pdf<\/a> P.37. \u00eenchiriere p\u0103\u0219une Calanu Mic<\/li>\n\n\n\n<li class=\"has-small-font-size\"><a href=\"https:\/\/www.primariacalan.ro\/wp-content\/uploads\/2023\/03\/p.38.pdf\">p.38.pdf<\/a> P.38. \u00eenchiriere p\u0103\u0219une Nadastia de Jos<\/li>\n\n\n\n<li class=\"has-small-font-size\"><a href=\"https:\/\/www.primariacalan.ro\/wp-content\/uploads\/2023\/03\/p.39.pdf\">p.39.pdf<\/a> P.39. \u00eenchiriere p\u0103\u0219une Nadastia de Sus<\/li>\n\n\n\n<li class=\"has-small-font-size\"><a href=\"https:\/\/www.primariacalan.ro\/wp-content\/uploads\/2023\/04\/P.41.-aprobare-buget-SC-Parc-Industrial-Calan-2023.pdf\">P.41.<\/a>-aprobare-buget-SC-Parc-Industrial-Calan-2023<\/li>\n\n\n\n<li class=\"has-small-font-size\"><a href=\"https:\/\/www.primariacalan.ro\/wp-content\/uploads\/2023\/04\/P.42.-executie-buget-trim-1-2023.pdf\">P.42.<\/a>-executie-buget-trim-1-2023<\/li>\n\n\n\n<li class=\"has-small-font-size\"><a href=\"https:\/\/www.primariacalan.ro\/wp-content\/uploads\/2023\/04\/P.43.-indexare-impozite-pe-2024.pdf\">P.43.<\/a>-indexare-impozite-pe-2024<\/li>\n\n\n\n<li class=\"has-small-font-size\"><a href=\"https:\/\/www.primariacalan.ro\/wp-content\/uploads\/2023\/04\/P.44.-actualizare-chirii-ANL-2023.pdf\">P.44.<\/a>-actualizare-chirii-ANL-2023.pdf<\/li>\n\n\n\n<li class=\"has-small-font-size\"><a href=\"https:\/\/www.primariacalan.ro\/wp-content\/uploads\/2023\/04\/P.45.-parcelare-loturi-Braniste.pdf\">P.45.<\/a>-parcelare-loturi-Braniste<\/li>\n\n\n\n<li class=\"has-small-font-size\"><a href=\"https:\/\/www.primariacalan.ro\/wp-content\/uploads\/2023\/04\/P.45.-plansa.pdf\">P.45.-plansa.pdf<\/a><\/li>\n\n\n\n<li class=\"has-small-font-size\"><a href=\"https:\/\/www.primariacalan.ro\/wp-content\/uploads\/2023\/04\/P.46.-Participare-la-programul-Rabla-local.pdf\">P.46.-Participare-la-programul-Rabla-local<\/a><\/li>\n\n\n\n<li class=\"has-small-font-size\"><a href=\"https:\/\/www.primariacalan.ro\/wp-content\/uploads\/2023\/04\/P.-47-indicatorilor-tehnico-economici-actualizati-apa-Santamaria-de-Piatra-si-Sancrai.docx\">P.-47<\/a>-indicatorilor-tehnico-economici-actualizati-apa-Santamaria-de-Piatra-si-Sancrai<\/li>\n\n\n\n<li class=\"has-small-font-size\"><a href=\"https:\/\/www.primariacalan.ro\/wp-content\/uploads\/2023\/04\/P.48.-Alegere-presedinte-de-sedinta-nov-2022-ian-2023.doc\">P.48.<\/a>-Alegere-presedinte-de-sedinta-nov-2022-ian-2023<\/li>\n\n\n\n<li class=\"has-small-font-size\"><a href=\"https:\/\/www.primariacalan.ro\/wp-content\/uploads\/2023\/05\/P.50.-Cerere-finantare-Canalizare-OV-Calan.pdf\">P.50. &#8211; Cerere-finantare-Canalizare-OV-Calan<\/a><\/li>\n\n\n\n<li class=\"has-small-font-size\"><a href=\"https:\/\/www.primariacalan.ro\/wp-content\/uploads\/2023\/05\/P.51.-contractare-imprumut-din-trezorerie.pdf\">P.51.-contractare-imprumut-din-trezorerie<\/a><\/li>\n\n\n\n<li class=\"has-small-font-size\"><a href=\"https:\/\/www.primariacalan.ro\/wp-content\/uploads\/2023\/05\/P.52.-SF-ITE-Deviz-actualizat-Centru-de-colectare-prin-aport-voluntar.pdf\">P.52.-SF-ITE-Deviz-actualizat-Centru-de-colectare-prin-aport-voluntar<\/a><\/li>\n\n\n\n<li class=\"has-small-font-size\"><a href=\"https:\/\/www.primariacalan.ro\/wp-content\/uploads\/2023\/06\/P.60-DALI-Scoala-Gimnaziala.pdf\">P.60-DALI-Scoala-Gimnaziala.pd<\/a>f<\/li>\n\n\n\n<li class=\"has-small-font-size\"><a href=\"https:\/\/www.primariacalan.ro\/wp-content\/uploads\/2023\/06\/P.61-DALI-Liceu-Sala-de-sport.pdf\">P.61-DALI-Liceu-Sala-de-sport.pdf<\/a><\/li>\n\n\n\n<li class=\"has-small-font-size\"><a href=\"https:\/\/www.primariacalan.ro\/wp-content\/uploads\/2023\/06\/P.62-DALI-Liceu-Atelier-Tehnic.pdf\">P.62-DALI-Liceu-Atelier-Tehnic.pdf<\/a><\/li>\n\n\n\n<li class=\"has-small-font-size\"><a href=\"https:\/\/www.primariacalan.ro\/wp-content\/uploads\/2023\/06\/P.63-DALI-Liceu-Cantina.pdf\">P.63-DALI-Liceu-Cantina.pdf<\/a><\/li>\n\n\n\n<li class=\"has-small-font-size\"><a href=\"https:\/\/www.primariacalan.ro\/wp-content\/uploads\/2023\/06\/P.64-DALI-Liceu-internat.pdf\">P.64-DALI-Liceu-internat.pdf<\/a><\/li>\n\n\n\n<li class=\"has-small-font-size\"><a href=\"https:\/\/www.primariacalan.ro\/wp-content\/uploads\/2023\/06\/P.65-DALI-Liceu-corp-A.pdf\">P.65-DALI-Liceu-corp-A.pdf<\/a><\/li>\n\n\n\n<li class=\"has-small-font-size\"><a href=\"https:\/\/www.primariacalan.ro\/wp-content\/uploads\/2023\/06\/P.66-DALI-Liceu-corp-B.pdf\">P.66-DALI-Liceu-corp-B.pdf<\/a><\/li>\n\n\n\n<li class=\"has-small-font-size\"><a href=\"https:\/\/www.primariacalan.ro\/wp-content\/uploads\/2023\/06\/P.67-intabulare-albie-minora-VALEA-GRIDULUI.pdf\">P.67-intabulare-albie-minora-VALEA-GRIDULUI.pdf<\/a><\/li>\n\n\n\n<li class=\"has-small-font-size\"><a href=\"https:\/\/www.primariacalan.ro\/wp-content\/uploads\/2023\/06\/P.68-dezlipire-parcela-64333.pdf\">P.68-dezlipire-parcela-64333.pdf<\/a><\/li>\n\n\n\n<li class=\"has-small-font-size\"><a href=\"https:\/\/www.primariacalan.ro\/wp-content\/uploads\/2023\/06\/P.69-dezlipire-parcela-64336.pdf\">P.69-dezlipire-parcela-64336.pdf<\/a><\/li>\n\n\n\n<li class=\"has-small-font-size\"><a href=\"https:\/\/www.primariacalan.ro\/wp-content\/uploads\/2023\/06\/P.70.-dezlipire-parcela-64339.pdf\">P.70.-dezlipire-parcela-64339.pdf<\/a><\/li>\n\n\n\n<li class=\"has-small-font-size\"><a href=\"https:\/\/www.primariacalan.ro\/wp-content\/uploads\/2023\/06\/P.71.-Privind-aprobarea-Bugetului-creditelor-interne-al-orasului-Calan-in-anul-2023.pdf\">P.71.-Privind-aprobarea-Bugetului-creditelor-interne-al-orasului-Calan-in-anul-2023.pdf<\/a><\/li>\n\n\n\n<li class=\"has-small-font-size\"><a href=\"https:\/\/www.primariacalan.ro\/wp-content\/uploads\/2023\/06\/1.-P.72.-restituire-teren-aferent-casei-Craciun-Teodora.pdf\">P.72.-restituire-teren-aferent-casei-Craciun-Teodora.pdf<\/a><\/li>\n\n\n\n<li class=\"has-small-font-size\"><a href=\"https:\/\/www.primariacalan.ro\/wp-content\/uploads\/2023\/06\/2.-P.73.-dezlipire-parcela-66286.pdf\">P.73.-dezlipire-parcela-66286.pdf<\/a><\/li>\n\n\n\n<li class=\"has-small-font-size\"><a href=\"https:\/\/www.primariacalan.ro\/wp-content\/uploads\/2023\/06\/3.-P.74.-Regulament-intern-solutionare-cereri-ANL.pdf\">P.74.-Regulament-intern-solutionare-cereri-ANL.pdf<\/a><\/li>\n\n\n\n<li class=\"has-small-font-size\"><a href=\"https:\/\/www.primariacalan.ro\/wp-content\/uploads\/2023\/06\/4.-P.75.-Modificare-Canalizare-CM-S-si-SP.pdf\">P.75.-Modificare-Canalizare-CM-S-si-SP.pdf<\/a><\/li>\n\n\n\n<li class=\"has-small-font-size\"><a href=\"https:\/\/www.primariacalan.ro\/wp-content\/uploads\/2023\/06\/5.-P.76.-Situatii-financiare-Parc-Industrial.pdf\">P.76.-Situatii-financiare-Parc-Industrial.pdf<\/a><\/li>\n\n\n\n<li class=\"has-small-font-size\"><a href=\"https:\/\/www.primariacalan.ro\/wp-content\/uploads\/2023\/06\/6.-P.77-rectificare-buget-local-06-2023.pdf\">P.77-rectificare-buget-local-06-2023.pdf<\/a><\/li>\n\n\n\n<li class=\"has-small-font-size\"><a href=\"https:\/\/www.primariacalan.ro\/wp-content\/uploads\/2023\/06\/7.-P.78.-Suplimentare-burse-an-scolar-2022-2023.pdf\">P.78.-Suplimentare-burse-an-scolar-2022-2023.pdf<\/a><\/li>\n\n\n\n<li class=\"has-small-font-size\"><a href=\"https:\/\/www.primariacalan.ro\/wp-content\/uploads\/2023\/06\/8.-P.79.-dezlipire-parcela-66618.pdf\">P.79.-dezlipire-parcela-66618.pdf<\/a><\/li>\n\n\n\n<li class=\"has-small-font-size\"><a href=\"https:\/\/www.primariacalan.ro\/wp-content\/uploads\/2023\/06\/9.-P.49.-regulament-atribuire-parcari.pdf\">P.49.-regulament-atribuire-parcari.pdf<\/a><\/li>\n\n\n\n<li class=\"has-small-font-size\"><a href=\"https:\/\/www.primariacalan.ro\/wp-content\/uploads\/2023\/07\/P.80.-dezlipire-parcela-66264.pdf\">P.80.-dezlipire-parcela-66264.pdf<\/a><\/li>\n\n\n\n<li class=\"has-small-font-size\"><a href=\"https:\/\/www.primariacalan.ro\/wp-content\/uploads\/2023\/07\/P.81.-dare-in-administrare-VALEA-GRIDULUI.pdf\">P.81.-dare-in-administrare-VALEA-GRIDULUI.pdf<\/a><\/li>\n\n\n\n<li class=\"has-small-font-size\"><a href=\"https:\/\/www.primariacalan.ro\/wp-content\/uploads\/2023\/07\/P.82.-executia-bugetara-trim-2-2023.pdf\">P.82.-executia-bugetara-trim-2-2023.pdf<\/a><\/li>\n\n\n\n<li class=\"has-small-font-size\"><a href=\"https:\/\/www.primariacalan.ro\/wp-content\/uploads\/2023\/07\/P.83.-completare-domeniu-privat-.pdf\">P.83.-completare-domeniu-privat-.pdf<\/a><\/li>\n\n\n\n<li class=\"has-small-font-size\"><a href=\"https:\/\/www.primariacalan.ro\/wp-content\/uploads\/2023\/07\/P.84.-alegere-presedinte-de-sedinta.pdf\">P.84.-alegere-presedinte-de-sedinta.pdf<\/a><\/li>\n\n\n\n<li class=\"has-small-font-size\"><a href=\"https:\/\/www.primariacalan.ro\/wp-content\/uploads\/2023\/07\/P.85.-rectificare-de-buget-trim-3.pdf\">P.85.-rectificare-de-buget-trim-3.pdf<\/a><\/li>\n\n\n\n<li class=\"has-small-font-size\"><a href=\"https:\/\/www.primariacalan.ro\/wp-content\/uploads\/2023\/08\/P.86.-modificare-anexa-4-taxa-speciala-de-salubrizare-final.pdf\" data-type=\"link\" data-id=\"https:\/\/www.primariacalan.ro\/wp-content\/uploads\/2023\/08\/P.86.-modificare-anexa-4-taxa-speciala-de-salubrizare-final.pdf\">P.86.-modificare-anexa-4-taxa-speciala-de-salubrizare-final.pdf<\/a><\/li>\n\n\n\n<li class=\"has-small-font-size\"><a href=\"https:\/\/www.primariacalan.ro\/wp-content\/uploads\/2023\/08\/P.87.-plan-de-actiune-romi.pdf\">P.87.-plan-de-actiune-romi.pdf<\/a><\/li>\n\n\n\n<li class=\"has-small-font-size\"><a href=\"https:\/\/www.primariacalan.ro\/wp-content\/uploads\/2023\/08\/P.89.-completare-inventar-domeniu-privat.pdf\">P.89.-completare-inventar-domeniu-privat.pdf<\/a><\/li>\n\n\n\n<li class=\"has-small-font-size\"><a href=\"https:\/\/www.primariacalan.ro\/wp-content\/uploads\/2023\/08\/P.90.-alipire-parcela-66836.pdf\">P.90.-alipire-parcela-66836.pdf<\/a><\/li>\n\n\n\n<li class=\"has-small-font-size\"><a href=\"https:\/\/www.primariacalan.ro\/wp-content\/uploads\/2023\/08\/P.91.-schimb-de-locuinte-ANL.pdf\">P.91.-schimb-de-locuinte-ANL.pdf<\/a><\/li>\n\n\n\n<li class=\"has-small-font-size\"><a href=\"https:\/\/www.primariacalan.ro\/wp-content\/uploads\/2023\/08\/P.92.-Modificare-Regulament-taxa-reabilitare-termica.pdf\">P.92.-Modificare-Regulament-taxa-reabilitare-termica.pdf<\/a><\/li>\n\n\n\n<li class=\"has-small-font-size\"><a href=\"https:\/\/www.primariacalan.ro\/wp-content\/uploads\/2023\/08\/P.93.-dezlipire-parcela-66198.pdf\">P.93.-dezlipire-parcela-66198.pdf<\/a><\/li>\n\n\n\n<li class=\"has-small-font-size\"><a href=\"https:\/\/www.primariacalan.ro\/wp-content\/uploads\/2023\/10\/106-Incetare-mandat-Cimponer-Razvan.pdf\">P.106-Incetare-mandat-Cimponer-Razvan.pdf<\/a><\/li>\n\n\n\n<li class=\"has-small-font-size\"><a href=\"https:\/\/www.primariacalan.ro\/wp-content\/uploads\/2023\/10\/107-ITE-actualizati-SP-si-Sancrai.pdf\">P.107-ITE-actualizati-SP-si-Sancrai.pdf<\/a><\/li>\n\n\n\n<li class=\"has-small-font-size\"><a href=\"https:\/\/www.primariacalan.ro\/wp-content\/uploads\/2023\/10\/108-ITE-actualizati-canalizare-NJ-NS-si-VS.pdf\">P.108-ITE-actualizati-canalizare-NJ-NS-si-VS.pdf<\/a><\/li>\n\n\n\n<li class=\"has-small-font-size\"><a href=\"https:\/\/www.primariacalan.ro\/wp-content\/uploads\/2023\/10\/P.103-Concesiuni-loturi-pt-locuinte-Furnalistului.pdf\">P.103-Concesiuni-loturi-pt-locuinte-Furnalistului.pdf<\/a><\/li>\n\n\n\n<li class=\"has-small-font-size\"><a href=\"https:\/\/www.primariacalan.ro\/wp-content\/uploads\/2023\/10\/P.110.-Restiruire-teren-aferent-casei-Bicazan-Catalin-Valeriu.pdf\">P.110.-Restiruire-teren-aferent-casei-Bicazan-Catalin-Valeriu.pdf<\/a><\/li>\n\n\n\n<li class=\"has-small-font-size\"><a href=\"https:\/\/www.primariacalan.ro\/wp-content\/uploads\/2023\/10\/P.111.-Cont-exec-trim-3-2023.pdf\">P.111.-Cont-exec-trim-3-2023.pdf<\/a><\/li>\n\n\n\n<li class=\"has-small-font-size\"><a href=\"https:\/\/www.primariacalan.ro\/wp-content\/uploads\/2023\/10\/P.112.-Responsabil-cu-registrul-datoriei-publice.pdf\">P.112.-Responsabil-cu-registrul-datoriei-publice.pdf<\/a><\/li>\n\n\n\n<li class=\"has-small-font-size\"><a href=\"https:\/\/www.primariacalan.ro\/wp-content\/uploads\/2023\/10\/P.113.-Rectficare-buget-trim.4-2023.pdf\">P.113.-Rectficare-buget-trim.4-2023.pdf<\/a><\/li>\n\n\n\n<li class=\"has-small-font-size\"><a href=\"https:\/\/www.primariacalan.ro\/wp-content\/uploads\/2023\/10\/P.114.-Dezlipire-parcela-66788-in-parc-ind.pdf\">P.114.-Dezlipire-parcela-66788-in-parc-ind.pdf<\/a><\/li>\n\n\n\n<li class=\"has-small-font-size\"><a href=\"https:\/\/www.primariacalan.ro\/wp-content\/uploads\/2023\/10\/P.115.-DALI-si-ITE-Renovarea-energetica-Casa-de-cultura.pdf\">P.115.-DALI-si-ITE-Renovarea-energetica-Casa-de-cultura.pdf<\/a><\/li>\n\n\n\n<li class=\"has-small-font-size\"><a href=\"https:\/\/www.primariacalan.ro\/wp-content\/uploads\/2023\/10\/P.116.-Alegere-presedinte-de-sedinta-noiembrie-ianuarie.pdf\">P.116.-Alegere-presedinte-de-sedinta-noiembrie-ianuarie.pdf<\/a><\/li>\n\n\n\n<li class=\"has-small-font-size\"><a href=\"https:\/\/www.primariacalan.ro\/wp-content\/uploads\/2023\/10\/P.117.-Concesionare-cabinet-pediatrie-Antal.pdf\">P.117.-Concesionare-cabinet-pediatrie-Antal.pdf<\/a><\/li>\n\n\n\n<li class=\"has-small-font-size\"><a href=\"https:\/\/www.primariacalan.ro\/wp-content\/uploads\/2023\/10\/P.118.-intabulare-parcare-str.-Bradului.pdf\">P.118.-intabulare-parcare-str.-Bradului.pdf<\/a><\/li>\n\n\n\n<li class=\"has-small-font-size\"><a href=\"https:\/\/www.primariacalan.ro\/wp-content\/uploads\/2023\/12\/P.129.-cerere-de-finantare-construire-parc-fotovoltaic.pdf\">P.129.-cerere-de-finantare-construire-parc-fotovoltaic.pdf<\/a><\/li>\n<\/ul>\n","protected":false},"excerpt":{"rendered":"","protected":false},"author":1,"featured_media":0,"parent":0,"menu_order":0,"comment_status":"closed","ping_status":"closed","template":"","meta":{"_acf_changed":false,"footnotes":""},"folder":[],"acf":[],"_links":{"self":[{"href":"https:\/\/www.primariacalan.ro\/index.php?rest_route=\/wp\/v2\/pages\/8452"}],"collection":[{"href":"https:\/\/www.primariacalan.ro\/index.php?rest_route=\/wp\/v2\/pages"}],"about":[{"href":"https:\/\/www.primariacalan.ro\/index.php?rest_route=\/wp\/v2\/types\/page"}],"author":[{"embeddable":true,"href":"https:\/\/www.primariacalan.ro\/index.php?rest_route=\/wp\/v2\/users\/1"}],"replies":[{"embeddable":true,"href":"https:\/\/www.primariacalan.ro\/index.php?rest_route=%2Fwp%2Fv2%2Fcomments&post=8452"}],"version-history":[{"count":20,"href":"https:\/\/www.primariacalan.ro\/index.php?rest_route=\/wp\/v2\/pages\/8452\/revisions"}],"predecessor-version":[{"id":9970,"href":"https:\/\/www.primariacalan.ro\/index.php?rest_route=\/wp\/v2\/pages\/8452\/revisions\/9970"}],"wp:attachment":[{"href":"https:\/\/www.primariacalan.ro\/index.php?rest_route=%2Fwp%2Fv2%2Fmedia&parent=8452"}],"wp:term":[{"taxonomy":"folder","embeddable":true,"href":"https:\/\/www.primariacalan.ro\/index.php?rest_route=%2Fwp%2Fv2%2Ffolder&post=8452"}],"curies":[{"name":"wp","href":"https:\/\/api.w.org\/{rel}","templated":true}]}}