{"id":733,"date":"2022-01-19T13:58:22","date_gmt":"2022-01-19T11:58:22","guid":{"rendered":"https:\/\/www.primariacalan.ro\/?page_id=733"},"modified":"2025-01-24T09:30:09","modified_gmt":"2025-01-24T07:30:09","slug":"delegatii-satesti","status":"publish","type":"page","link":"https:\/\/www.primariacalan.ro\/?page_id=733","title":{"rendered":"DELEGA\u021aI S\u0102TE\u0218TI"},"content":{"rendered":"\n<figure class=\"wp-block-table\"><table><tbody><tr><td>Batiz<\/td><td>Calot\u0103 Alexandru<\/td><\/tr><tr><td>C\u0103lanu Mic<\/td><td>Codreanu Cristian<\/td><\/tr><tr><td>Grid<\/td><td>\u015eerbescu Ioan<\/td><\/tr><tr><td>N\u0103d\u0103stia de Jos<\/td><td>Budiul Marius<\/td><\/tr><tr><td>N\u0103d\u0103stia de Sus<\/td><td>Pan\u0103 Alin<\/td><\/tr><tr><td>Ohaba<\/td><td>Toma Ioan<\/td><\/tr><tr><td>S\u00eencrai<\/td><td>Mil\u0103\u015fan Alexandru<\/td><\/tr><tr><td>S\u00eent\u0103m\u0103ria de Piatr\u0103<\/td><td>Condor Raul<\/td><\/tr><tr><td>Strei<\/td><td>Jic Dorel<\/td><\/tr><tr><td>Strei S\u0103cel<\/td><td>Corn\u0103\u0163eanu Ovidiu<\/td><\/tr><tr><td>Valea S\u00eengeorgiului<\/td><td>Marian Manuela<\/td><\/tr><\/tbody><\/table><\/figure>\n","protected":false},"excerpt":{"rendered":"<p>Batiz Calot\u0103 Alexandru C\u0103lanu Mic Codreanu Cristian Grid \u015eerbescu Ioan N\u0103d\u0103stia de Jos Budiul Marius N\u0103d\u0103stia de Sus Pan\u0103 Alin Ohaba Toma Ioan S\u00eencrai Mil\u0103\u015fan Alexandru S\u00eent\u0103m\u0103ria de Piatr\u0103 Condor&hellip;<\/p>\n","protected":false},"author":1,"featured_media":0,"parent":0,"menu_order":0,"comment_status":"closed","ping_status":"closed","template":"","meta":{"_acf_changed":false,"footnotes":""},"folder":[],"acf":[],"_links":{"self":[{"href":"https:\/\/www.primariacalan.ro\/index.php?rest_route=\/wp\/v2\/pages\/733"}],"collection":[{"href":"https:\/\/www.primariacalan.ro\/index.php?rest_route=\/wp\/v2\/pages"}],"about":[{"href":"https:\/\/www.primariacalan.ro\/index.php?rest_route=\/wp\/v2\/types\/page"}],"author":[{"embeddable":true,"href":"https:\/\/www.primariacalan.ro\/index.php?rest_route=\/wp\/v2\/users\/1"}],"replies":[{"embeddable":true,"href":"https:\/\/www.primariacalan.ro\/index.php?rest_route=%2Fwp%2Fv2%2Fcomments&post=733"}],"version-history":[{"count":9,"href":"https:\/\/www.primariacalan.ro\/index.php?rest_route=\/wp\/v2\/pages\/733\/revisions"}],"predecessor-version":[{"id":12641,"href":"https:\/\/www.primariacalan.ro\/index.php?rest_route=\/wp\/v2\/pages\/733\/revisions\/12641"}],"wp:attachment":[{"href":"https:\/\/www.primariacalan.ro\/index.php?rest_route=%2Fwp%2Fv2%2Fmedia&parent=733"}],"wp:term":[{"taxonomy":"folder","embeddable":true,"href":"https:\/\/www.primariacalan.ro\/index.php?rest_route=%2Fwp%2Fv2%2Ffolder&post=733"}],"curies":[{"name":"wp","href":"https:\/\/api.w.org\/{rel}","templated":true}]}}