{"id":690,"date":"2022-01-19T11:32:58","date_gmt":"2022-01-19T09:32:58","guid":{"rendered":"https:\/\/www.primariacalan.ro\/?page_id=690"},"modified":"2026-01-09T11:31:17","modified_gmt":"2026-01-09T09:31:17","slug":"hotarari-de-c-l","status":"publish","type":"page","link":"https:\/\/www.primariacalan.ro\/?page_id=690","title":{"rendered":"HOT\u0102R\u00c2RI de C.L."},"content":{"rendered":"\n<ul class=\"has-medium-font-size\">\n<li><a href=\"https:\/\/www.primariacalan.ro\/?page_id=15145\"><strong>2026<\/strong><\/a><\/li>\n\n\n\n<li><strong><a href=\"https:\/\/www.primariacalan.ro\/?page_id=11877\">2025<\/a><\/strong><\/li>\n\n\n\n<li><strong><a href=\"https:\/\/www.primariacalan.ro\/?page_id=10042\">2024<\/a><\/strong><\/li>\n\n\n\n<li><strong><a href=\"https:\/\/www.primariacalan.ro\/?page_id=8456(se deschide \u00eentr-o fil\u0103 nou\u0103)\">2023<\/a><\/strong><\/li>\n\n\n\n<li><strong><a href=\"https:\/\/www.primariacalan.ro\/?page_id=1430\">2022<\/a><\/strong><\/li>\n\n\n\n<li><strong><a href=\"https:\/\/www.primariacalan.ro\/?page_id=2434\">2021<\/a><\/strong><\/li>\n\n\n\n<li><a href=\"https:\/\/www.primariacalan.ro\/?page_id=3123\"><strong>2020<\/strong><\/a><\/li>\n\n\n\n<li><a href=\"https:\/\/www.primariacalan.ro\/?page_id=3666\"><strong>2019<\/strong><\/a><\/li>\n\n\n\n<li><a href=\"https:\/\/www.primariacalan.ro\/?page_id=4200\"><strong>2018<\/strong><\/a><\/li>\n\n\n\n<li><a href=\"https:\/\/www.primariacalan.ro\/?page_id=4725\"><strong>2017<\/strong><\/a><\/li>\n\n\n\n<li><a href=\"https:\/\/www.primariacalan.ro\/?page_id=4907\"><strong>2016<\/strong><\/a><\/li>\n\n\n\n<li><a href=\"https:\/\/www.primariacalan.ro\/?page_id=5372\"><strong>2015<\/strong><\/a><\/li>\n\n\n\n<li><a href=\"https:\/\/www.primariacalan.ro\/?page_id=5595\"><strong>2014<\/strong><\/a><\/li>\n<\/ul>\n","protected":false},"excerpt":{"rendered":"","protected":false},"author":1,"featured_media":0,"parent":0,"menu_order":0,"comment_status":"closed","ping_status":"closed","template":"","meta":{"_acf_changed":false,"footnotes":""},"folder":[],"acf":[],"_links":{"self":[{"href":"https:\/\/www.primariacalan.ro\/index.php?rest_route=\/wp\/v2\/pages\/690"}],"collection":[{"href":"https:\/\/www.primariacalan.ro\/index.php?rest_route=\/wp\/v2\/pages"}],"about":[{"href":"https:\/\/www.primariacalan.ro\/index.php?rest_route=\/wp\/v2\/types\/page"}],"author":[{"embeddable":true,"href":"https:\/\/www.primariacalan.ro\/index.php?rest_route=\/wp\/v2\/users\/1"}],"replies":[{"embeddable":true,"href":"https:\/\/www.primariacalan.ro\/index.php?rest_route=%2Fwp%2Fv2%2Fcomments&post=690"}],"version-history":[{"count":42,"href":"https:\/\/www.primariacalan.ro\/index.php?rest_route=\/wp\/v2\/pages\/690\/revisions"}],"predecessor-version":[{"id":15151,"href":"https:\/\/www.primariacalan.ro\/index.php?rest_route=\/wp\/v2\/pages\/690\/revisions\/15151"}],"wp:attachment":[{"href":"https:\/\/www.primariacalan.ro\/index.php?rest_route=%2Fwp%2Fv2%2Fmedia&parent=690"}],"wp:term":[{"taxonomy":"folder","embeddable":true,"href":"https:\/\/www.primariacalan.ro\/index.php?rest_route=%2Fwp%2Fv2%2Ffolder&post=690"}],"curies":[{"name":"wp","href":"https:\/\/api.w.org\/{rel}","templated":true}]}}