{"id":637,"date":"2022-01-19T10:01:05","date_gmt":"2022-01-19T08:01:05","guid":{"rendered":"https:\/\/www.primariacalan.ro\/?page_id=637"},"modified":"2022-04-05T11:28:56","modified_gmt":"2022-04-05T08:28:56","slug":"superlative","status":"publish","type":"page","link":"https:\/\/www.primariacalan.ro\/?page_id=637","title":{"rendered":"SUPERLATIVE"},"content":{"rendered":"\t\t<div data-elementor-type=\"wp-page\" data-elementor-id=\"637\" class=\"elementor elementor-637\">\n\t\t\t\t\t\t<section class=\"elementor-section elementor-top-section elementor-element elementor-element-6b7d40d elementor-section-boxed elementor-section-height-default elementor-section-height-default\" data-id=\"6b7d40d\" data-element_type=\"section\">\n\t\t\t\t\t\t<div class=\"elementor-container elementor-column-gap-default\">\n\t\t\t\t\t<div class=\"elementor-column elementor-col-100 elementor-top-column elementor-element elementor-element-4f4efe1\" data-id=\"4f4efe1\" data-element_type=\"column\">\n\t\t\t<div class=\"elementor-widget-wrap elementor-element-populated\">\n\t\t\t\t\t\t<div class=\"elementor-element elementor-element-501fc8e elementor-widget elementor-widget-text-editor\" data-id=\"501fc8e\" data-element_type=\"widget\" data-widget_type=\"text-editor.default\">\n\t\t\t\t<div class=\"elementor-widget-container\">\n\t\t\t<style>\/*! elementor - v3.21.0 - 26-05-2024 *\/\n.elementor-widget-text-editor.elementor-drop-cap-view-stacked .elementor-drop-cap{background-color:#69727d;color:#fff}.elementor-widget-text-editor.elementor-drop-cap-view-framed .elementor-drop-cap{color:#69727d;border:3px solid;background-color:transparent}.elementor-widget-text-editor:not(.elementor-drop-cap-view-default) .elementor-drop-cap{margin-top:8px}.elementor-widget-text-editor:not(.elementor-drop-cap-view-default) .elementor-drop-cap-letter{width:1em;height:1em}.elementor-widget-text-editor .elementor-drop-cap{float:left;text-align:center;line-height:1;font-size:50px}.elementor-widget-text-editor .elementor-drop-cap-letter{display:inline-block}<\/style>\t\t\t\t<p style=\"margin-bottom: 0cm; color: #060101; line-height: 16px;\" align=\"justify\"><span style=\"color: #808080; font-family: georgia, palatino;\">Pe parcursul activit\u0103\u021bii sale industriale ora\u0219ul C\u0103lan a cunoscut c\u00e2teva\u00a0<b>premiere pe plan na\u021bional \u0219i interna\u021bional:<\/b><\/span><\/p><p style=\"margin-bottom: 0cm; color: #060101; line-height: 16px;\" align=\"justify\"><span style=\"font-family: georgia, palatino;\"><span style=\"color: #808080;\">\u2013 cel mai mare furnal de pe teritoriul actual al Rom\u00e2niei la sf\u00e2r\u0219itul sec.al XIXlea,\u00a0<\/span><span style=\"color: #808080;\">de 380mc.<\/span><\/span><\/p><p style=\"margin-bottom: 0cm; color: #060101; line-height: 16px;\" align=\"justify\"><span style=\"color: #808080; font-family: georgia, palatino;\">\u2013 folosirea primelor suflante pentru furnale proiectate \u0219i construite de speciali\u0219ti rom\u00e2ni (1952).<\/span><\/p><p style=\"margin-bottom: 0cm; color: #060101; line-height: 16px;\" align=\"justify\"><span style=\"color: #808080; font-family: georgia, palatino;\">\u2013 conform Asocia\u021biei Inginerilor din Rom\u00e2nia, prima instala\u021bie din Europa pentru producerea cocsului \u0219i semicocsului prin fluidizare (1957), mai exact un cuptor (reactor cu pat fluidizat) (de carbofluidizare) pentru ob\u021binerea semicocsului prin degazarea c\u0103rbunilor neaglutina\u021bi sau slab aglutina\u021bi \u00een strat fluidizat a fost ridicat\u0103 la C\u0103lan. Realizat dup\u0103 un proiect original rom\u00e2nesc, sub conducerea inginerului Dumitru Ionescu, (care continu\u0103 lucr\u0103rile lui Isac Blum, cel care pune bazele brichet\u0103rii, gazeific\u0103rii \u0219i utiliz\u0103rii ca \u00eengr\u0103\u0219\u0103m\u00e2nt agricol a ligni\u021bilor din Rom\u00e2nia precum \u0219i a fabric\u0103rii cocsului metalurgic din c\u0103rbuni de Lupeni) cuptorul a permis renun\u021barea definitiv\u0103 la vechile instala\u021bii, care func\u021bionau cu degazarea c\u0103rbunilor prin \u00eenc\u0103lzire direct\u0103. Prin folosirea noii instala\u021bii, denumit\u0103 \u201ecarbofluid\u201c, investi\u021biile erau mai mici, pre\u021bul de cost realizat \u00een exploatare mai redus \u0219i semicocsul ob\u021binut mai omogen.<\/span><\/p><p style=\"margin-bottom: 0cm; color: #060101; line-height: 16px;\" align=\"justify\"><span style=\"color: #808080; font-family: georgia, palatino;\">\u2013 producerea cocsului brichete pentru scopuri industriale \u00een \u021bar\u0103 (1961).<\/span><\/p><p style=\"margin-bottom: 0cm; color: #060101; line-height: 16px;\" align=\"justify\"><span style=\"color: #808080; font-family: georgia, palatino; font-weight: var( --e-global-typography-text-font-weight ); font-size: 1em; text-align: left;\">\u2013 fabricarea utilajului de turnare pentru o\u021bel\u0103rii direct din font\u0103 de prima fuziune \u00een \u021bar\u0103 (1989).<\/span><\/p>\t\t\t\t\t\t<\/div>\n\t\t\t\t<\/div>\n\t\t\t\t\t<\/div>\n\t\t<\/div>\n\t\t\t\t\t<\/div>\n\t\t<\/section>\n\t\t\t\t<\/div>\n\t\t","protected":false},"excerpt":{"rendered":"<p>Pe parcursul activit\u0103\u021bii sale industriale ora\u0219ul C\u0103lan a cunoscut c\u00e2teva\u00a0premiere pe plan na\u021bional \u0219i interna\u021bional: \u2013 cel mai mare furnal de pe teritoriul actual al Rom\u00e2niei la sf\u00e2r\u0219itul sec.al XIXlea,\u00a0de&hellip;<\/p>\n","protected":false},"author":1,"featured_media":0,"parent":0,"menu_order":0,"comment_status":"closed","ping_status":"closed","template":"","meta":{"_acf_changed":false,"footnotes":""},"folder":[],"acf":[],"_links":{"self":[{"href":"https:\/\/www.primariacalan.ro\/index.php?rest_route=\/wp\/v2\/pages\/637"}],"collection":[{"href":"https:\/\/www.primariacalan.ro\/index.php?rest_route=\/wp\/v2\/pages"}],"about":[{"href":"https:\/\/www.primariacalan.ro\/index.php?rest_route=\/wp\/v2\/types\/page"}],"author":[{"embeddable":true,"href":"https:\/\/www.primariacalan.ro\/index.php?rest_route=\/wp\/v2\/users\/1"}],"replies":[{"embeddable":true,"href":"https:\/\/www.primariacalan.ro\/index.php?rest_route=%2Fwp%2Fv2%2Fcomments&post=637"}],"version-history":[{"count":7,"href":"https:\/\/www.primariacalan.ro\/index.php?rest_route=\/wp\/v2\/pages\/637\/revisions"}],"predecessor-version":[{"id":5907,"href":"https:\/\/www.primariacalan.ro\/index.php?rest_route=\/wp\/v2\/pages\/637\/revisions\/5907"}],"wp:attachment":[{"href":"https:\/\/www.primariacalan.ro\/index.php?rest_route=%2Fwp%2Fv2%2Fmedia&parent=637"}],"wp:term":[{"taxonomy":"folder","embeddable":true,"href":"https:\/\/www.primariacalan.ro\/index.php?rest_route=%2Fwp%2Fv2%2Ffolder&post=637"}],"curies":[{"name":"wp","href":"https:\/\/api.w.org\/{rel}","templated":true}]}}