{"id":353,"date":"2022-01-17T10:48:29","date_gmt":"2022-01-17T08:48:29","guid":{"rendered":"https:\/\/www.primariacalan.ro\/?page_id=353"},"modified":"2025-06-30T10:02:29","modified_gmt":"2025-06-30T07:02:29","slug":"consiliul-local","status":"publish","type":"page","link":"https:\/\/www.primariacalan.ro\/?page_id=353","title":{"rendered":"Consiliul Local C\u0102LAN 2024-2028"},"content":{"rendered":"\t\t<div data-elementor-type=\"wp-page\" data-elementor-id=\"353\" class=\"elementor elementor-353\">\n\t\t\t\t\t\t<section class=\"elementor-section elementor-top-section elementor-element elementor-element-e5ab074 elementor-section-boxed elementor-section-height-default elementor-section-height-default\" data-id=\"e5ab074\" data-element_type=\"section\">\n\t\t\t\t\t\t<div class=\"elementor-container elementor-column-gap-default\">\n\t\t\t\t\t<div class=\"elementor-column elementor-col-100 elementor-top-column elementor-element elementor-element-1e88a20\" data-id=\"1e88a20\" data-element_type=\"column\">\n\t\t\t<div class=\"elementor-widget-wrap elementor-element-populated\">\n\t\t\t\t\t\t<div class=\"elementor-element elementor-element-a506c3e elementor-widget__width-initial elementor-widget elementor-widget-text-editor\" data-id=\"a506c3e\" data-element_type=\"widget\" data-widget_type=\"text-editor.default\">\n\t\t\t\t<div class=\"elementor-widget-container\">\n\t\t\t<style>\/*! elementor - v3.21.0 - 26-05-2024 *\/\n.elementor-widget-text-editor.elementor-drop-cap-view-stacked .elementor-drop-cap{background-color:#69727d;color:#fff}.elementor-widget-text-editor.elementor-drop-cap-view-framed .elementor-drop-cap{color:#69727d;border:3px solid;background-color:transparent}.elementor-widget-text-editor:not(.elementor-drop-cap-view-default) .elementor-drop-cap{margin-top:8px}.elementor-widget-text-editor:not(.elementor-drop-cap-view-default) .elementor-drop-cap-letter{width:1em;height:1em}.elementor-widget-text-editor .elementor-drop-cap{float:left;text-align:center;line-height:1;font-size:50px}.elementor-widget-text-editor .elementor-drop-cap-letter{display:inline-block}<\/style>\t\t\t\t<pre><span style=\"color: #000000; font-size: 16px;\"><strong><span style=\"font-family: helvetica;\">BOLFO\u0218 COSMIN - PSD<\/span><\/strong><\/span><br \/><span style=\"color: #000000; font-size: 16px;\"><strong><span style=\"font-family: helvetica;\">COROIESCU CRISTIAN CORNEL - FD<\/span><\/strong><\/span><br \/><span style=\"color: #000000; font-size: 16px;\"><strong><span style=\"font-family: helvetica;\">DRAGO\u0218 MARCEL - PNL<br \/>JEFLEA DORIN EMANUEL - PSD<\/span><\/strong><\/span><br \/><span style=\"color: #000000; font-size: 16px;\"><strong><span style=\"font-family: helvetica;\">MATEOI FLAVIUS NICOLAE - AUR<\/span><\/strong><\/span><br \/><span style=\"color: #000000; font-size: 16px;\"><strong><span style=\"font-family: helvetica;\">MEDREA PETRU - PNL<\/span><\/strong><\/span><br \/><span style=\"color: #000000; font-size: 16px;\"><strong><span style=\"font-family: helvetica;\">MONDA ELENA NELA - PNL <\/span><\/strong><\/span><br \/><span style=\"color: #000000; font-size: 16px;\"><strong><span style=\"font-family: helvetica;\">NEAGU ILIE - AUR<\/span><\/strong><\/span><br \/><span style=\"color: #000000; font-size: 16px;\"><strong><span style=\"font-family: helvetica;\">OLARIU ADRIAN MARIUS - PSD<\/span><\/strong><\/span><br \/><span style=\"color: #000000; font-size: 16px;\"><strong><span style=\"font-family: helvetica;\">P\u0102CURAR FLORIN - AUR<\/span><\/strong><\/span><br \/><span style=\"color: #000000; font-size: 16px;\"><strong><span style=\"font-family: helvetica;\">P\u00c2RLI\u021aEANU ALEXANDRU SABIN - PNL<\/span><\/strong><\/span><br \/><span style=\"color: #000000; font-size: 16px;\"><strong><span style=\"font-family: helvetica;\">PETROI OANA - PNL<\/span><\/strong><\/span><br \/><span style=\"color: #000000; font-size: 16px;\"><strong><span style=\"font-family: helvetica;\">S\u0102L\u0102\u0218AN ROXANA GABRIELA - PSD<\/span><\/strong><\/span><br \/><span style=\"color: #000000; font-size: 16px;\"><strong><span style=\"font-family: helvetica;\">SEREDIUC ANDREI SORIN - PSD<\/span><\/strong><\/span><br \/><span style=\"color: #000000; font-size: 16px;\"><strong><span style=\"font-family: helvetica;\">TIRINESCU HORA\u021aIU - PNL<\/span><\/strong><\/span><br \/><span style=\"color: #000000; font-size: 16px;\"><strong><span style=\"font-family: helvetica;\">VASILESCU CONSTANTIN - PNL<\/span><\/strong><\/span><\/pre>\t\t\t\t\t\t<\/div>\n\t\t\t\t<\/div>\n\t\t\t\t\t<\/div>\n\t\t<\/div>\n\t\t\t\t\t<\/div>\n\t\t<\/section>\n\t\t\t\t<section class=\"elementor-section elementor-top-section elementor-element elementor-element-b175f25 elementor-section-boxed elementor-section-height-default elementor-section-height-default\" data-id=\"b175f25\" data-element_type=\"section\">\n\t\t\t\t\t\t<div class=\"elementor-container elementor-column-gap-default\">\n\t\t\t\t\t<div class=\"elementor-column elementor-col-100 elementor-top-column elementor-element elementor-element-c133bf2\" data-id=\"c133bf2\" data-element_type=\"column\">\n\t\t\t<div class=\"elementor-widget-wrap elementor-element-populated\">\n\t\t\t\t\t\t<section class=\"elementor-section elementor-inner-section elementor-element elementor-element-6321d4b elementor-section-boxed elementor-section-height-default elementor-section-height-default\" data-id=\"6321d4b\" data-element_type=\"section\" data-settings=\"{&quot;background_background&quot;:&quot;classic&quot;}\">\n\t\t\t\t\t\t<div class=\"elementor-container elementor-column-gap-default\">\n\t\t\t\t\t<div class=\"elementor-column elementor-col-33 elementor-inner-column elementor-element elementor-element-a7ddea6\" data-id=\"a7ddea6\" data-element_type=\"column\">\n\t\t\t<div class=\"elementor-widget-wrap elementor-element-populated\">\n\t\t\t\t\t\t<div class=\"elementor-element elementor-element-1db98da elementor-widget elementor-widget-heading\" data-id=\"1db98da\" data-element_type=\"widget\" data-widget_type=\"heading.default\">\n\t\t\t\t<div class=\"elementor-widget-container\">\n\t\t\t<style>\/*! elementor - v3.21.0 - 26-05-2024 *\/\n.elementor-heading-title{padding:0;margin:0;line-height:1}.elementor-widget-heading .elementor-heading-title[class*=elementor-size-]>a{color:inherit;font-size:inherit;line-height:inherit}.elementor-widget-heading .elementor-heading-title.elementor-size-small{font-size:15px}.elementor-widget-heading .elementor-heading-title.elementor-size-medium{font-size:19px}.elementor-widget-heading .elementor-heading-title.elementor-size-large{font-size:29px}.elementor-widget-heading .elementor-heading-title.elementor-size-xl{font-size:39px}.elementor-widget-heading .elementor-heading-title.elementor-size-xxl{font-size:59px}<\/style><h2 class=\"elementor-heading-title elementor-size-default\"><a href=\"https:\/\/www.primariacalan.ro\/?page_id=733\">DELEGA\u021aII S\u0102TE\u0218TI<\/a><\/h2>\t\t<\/div>\n\t\t\t\t<\/div>\n\t\t\t\t\t<\/div>\n\t\t<\/div>\n\t\t\t\t<div class=\"elementor-column elementor-col-33 elementor-inner-column elementor-element elementor-element-3451f49\" data-id=\"3451f49\" data-element_type=\"column\">\n\t\t\t<div class=\"elementor-widget-wrap elementor-element-populated\">\n\t\t\t\t\t\t<div class=\"elementor-element elementor-element-95a1d32 elementor-widget elementor-widget-heading\" data-id=\"95a1d32\" data-element_type=\"widget\" data-widget_type=\"heading.default\">\n\t\t\t\t<div class=\"elementor-widget-container\">\n\t\t\t<h2 class=\"elementor-heading-title elementor-size-default\"><a href=\"https:\/\/www.primariacalan.ro\/?page_id=795\">REGULAMENTUL CONSILIULUI LOCAL C\u0102LAN<\/a><\/h2>\t\t<\/div>\n\t\t\t\t<\/div>\n\t\t\t\t\t<\/div>\n\t\t<\/div>\n\t\t\t\t<div class=\"elementor-column elementor-col-33 elementor-inner-column elementor-element elementor-element-abc8676\" data-id=\"abc8676\" data-element_type=\"column\">\n\t\t\t<div class=\"elementor-widget-wrap elementor-element-populated\">\n\t\t\t\t\t\t<div class=\"elementor-element elementor-element-251c493 elementor-widget elementor-widget-heading\" data-id=\"251c493\" data-element_type=\"widget\" data-widget_type=\"heading.default\">\n\t\t\t\t<div class=\"elementor-widget-container\">\n\t\t\t<h2 class=\"elementor-heading-title elementor-size-default\"><a href=\"https:\/\/www.primariacalan.ro\/?page_id=739\">MATERIALE VIDEO<\/a><\/h2>\t\t<\/div>\n\t\t\t\t<\/div>\n\t\t\t\t\t<\/div>\n\t\t<\/div>\n\t\t\t\t\t<\/div>\n\t\t<\/section>\n\t\t\t\t\t<\/div>\n\t\t<\/div>\n\t\t\t\t\t<\/div>\n\t\t<\/section>\n\t\t\t\t<section class=\"elementor-section elementor-top-section elementor-element elementor-element-8e5576b elementor-section-boxed elementor-section-height-default elementor-section-height-default\" data-id=\"8e5576b\" data-element_type=\"section\">\n\t\t\t\t\t\t<div class=\"elementor-container elementor-column-gap-default\">\n\t\t\t\t\t<div class=\"elementor-column elementor-col-100 elementor-top-column elementor-element elementor-element-23f0b48\" data-id=\"23f0b48\" data-element_type=\"column\">\n\t\t\t<div class=\"elementor-widget-wrap elementor-element-populated\">\n\t\t\t\t\t\t<section class=\"elementor-section elementor-inner-section elementor-element elementor-element-10ecf17 elementor-section-boxed elementor-section-height-default elementor-section-height-default\" data-id=\"10ecf17\" data-element_type=\"section\">\n\t\t\t\t\t\t<div class=\"elementor-container elementor-column-gap-default\">\n\t\t\t\t\t<div class=\"elementor-column elementor-col-33 elementor-inner-column elementor-element elementor-element-1f55ae5\" data-id=\"1f55ae5\" data-element_type=\"column\">\n\t\t\t<div class=\"elementor-widget-wrap elementor-element-populated\">\n\t\t\t\t\t\t<div class=\"elementor-element elementor-element-b2d4e03 elementor-widget elementor-widget-heading\" data-id=\"b2d4e03\" data-element_type=\"widget\" data-widget_type=\"heading.default\">\n\t\t\t\t<div class=\"elementor-widget-container\">\n\t\t\t<h2 class=\"elementor-heading-title elementor-size-default\"><a href=\"https:\/\/www.primariacalan.ro\/?page_id=690\">HOT\u0102R\u00c2RI DE CONSILIU LOCAL<\/a><\/h2>\t\t<\/div>\n\t\t\t\t<\/div>\n\t\t\t\t\t<\/div>\n\t\t<\/div>\n\t\t\t\t<div class=\"elementor-column elementor-col-33 elementor-inner-column elementor-element elementor-element-638a44d\" data-id=\"638a44d\" data-element_type=\"column\">\n\t\t\t<div class=\"elementor-widget-wrap elementor-element-populated\">\n\t\t\t\t\t\t<div class=\"elementor-element elementor-element-5b038c5 elementor-widget elementor-widget-heading\" data-id=\"5b038c5\" data-element_type=\"widget\" data-widget_type=\"heading.default\">\n\t\t\t\t<div class=\"elementor-widget-container\">\n\t\t\t<h2 class=\"elementor-heading-title elementor-size-default\"><a href=\"https:\/\/www.primariacalan.ro\/?page_id=919\">PROIECTE DE HOT\u0102R\u00c2RI<\/a><\/h2>\t\t<\/div>\n\t\t\t\t<\/div>\n\t\t\t\t\t<\/div>\n\t\t<\/div>\n\t\t\t\t<div class=\"elementor-column elementor-col-33 elementor-inner-column elementor-element elementor-element-b4530f9\" data-id=\"b4530f9\" data-element_type=\"column\">\n\t\t\t<div class=\"elementor-widget-wrap elementor-element-populated\">\n\t\t\t\t\t\t<div class=\"elementor-element elementor-element-7814c13 elementor-widget elementor-widget-heading\" data-id=\"7814c13\" data-element_type=\"widget\" data-widget_type=\"heading.default\">\n\t\t\t\t<div class=\"elementor-widget-container\">\n\t\t\t<h2 class=\"elementor-heading-title elementor-size-default\"><a href=\"https:\/\/www.primariacalan.ro\/?page_id=692\">PROCESE VERBALE DE \u0218EDIN\u021a\u0102<\/a><\/h2>\t\t<\/div>\n\t\t\t\t<\/div>\n\t\t\t\t\t<\/div>\n\t\t<\/div>\n\t\t\t\t\t<\/div>\n\t\t<\/section>\n\t\t\t\t\t<\/div>\n\t\t<\/div>\n\t\t\t\t\t<\/div>\n\t\t<\/section>\n\t\t\t\t<section class=\"elementor-section elementor-top-section elementor-element elementor-element-59c3795 elementor-section-boxed elementor-section-height-default elementor-section-height-default\" data-id=\"59c3795\" data-element_type=\"section\">\n\t\t\t\t\t\t<div class=\"elementor-container elementor-column-gap-default\">\n\t\t\t\t\t<div class=\"elementor-column elementor-col-100 elementor-top-column elementor-element elementor-element-abc7cad\" data-id=\"abc7cad\" data-element_type=\"column\">\n\t\t\t<div class=\"elementor-widget-wrap elementor-element-populated\">\n\t\t\t\t\t\t<section class=\"elementor-section elementor-inner-section elementor-element elementor-element-d7c5f04 elementor-section-boxed elementor-section-height-default elementor-section-height-default\" data-id=\"d7c5f04\" data-element_type=\"section\">\n\t\t\t\t\t\t<div class=\"elementor-container elementor-column-gap-default\">\n\t\t\t\t\t<div class=\"elementor-column elementor-col-33 elementor-inner-column elementor-element elementor-element-26849ab\" data-id=\"26849ab\" data-element_type=\"column\">\n\t\t\t<div class=\"elementor-widget-wrap elementor-element-populated\">\n\t\t\t\t\t\t<div class=\"elementor-element elementor-element-8abdd39 elementor-widget elementor-widget-heading\" data-id=\"8abdd39\" data-element_type=\"widget\" data-widget_type=\"heading.default\">\n\t\t\t\t<div class=\"elementor-widget-container\">\n\t\t\t<h2 class=\"elementor-heading-title elementor-size-default\"><a href=\"https:\/\/www.primariacalan.ro\/?page_id=798\">DECLARA\u021aII DE AVERE \u0218I INTERESE<\/a><\/h2>\t\t<\/div>\n\t\t\t\t<\/div>\n\t\t\t\t\t<\/div>\n\t\t<\/div>\n\t\t\t\t<div class=\"elementor-column elementor-col-33 elementor-inner-column elementor-element elementor-element-fb34701\" data-id=\"fb34701\" data-element_type=\"column\">\n\t\t\t<div class=\"elementor-widget-wrap elementor-element-populated\">\n\t\t\t\t\t\t<div class=\"elementor-element elementor-element-369c82b elementor-widget elementor-widget-heading\" data-id=\"369c82b\" data-element_type=\"widget\" data-widget_type=\"heading.default\">\n\t\t\t\t<div class=\"elementor-widget-container\">\n\t\t\t<h2 class=\"elementor-heading-title elementor-size-default\"><a href=\"https:\/\/www.primariacalan.ro\/?page_id=7807\">AUDIEN\u021aE<\/a><\/h2>\t\t<\/div>\n\t\t\t\t<\/div>\n\t\t\t\t\t<\/div>\n\t\t<\/div>\n\t\t\t\t<div class=\"elementor-column elementor-col-33 elementor-inner-column elementor-element elementor-element-387e67c\" data-id=\"387e67c\" data-element_type=\"column\">\n\t\t\t<div class=\"elementor-widget-wrap elementor-element-populated\">\n\t\t\t\t\t\t<div class=\"elementor-element elementor-element-f388fed elementor-widget elementor-widget-heading\" data-id=\"f388fed\" data-element_type=\"widget\" data-widget_type=\"heading.default\">\n\t\t\t\t<div class=\"elementor-widget-container\">\n\t\t\t<h2 class=\"elementor-heading-title elementor-size-default\"><a href=\"https:\/\/www.primariacalan.ro\/?page_id=801\">RAPOARTE DE ACTIVITATE<\/a><\/h2>\t\t<\/div>\n\t\t\t\t<\/div>\n\t\t\t\t\t<\/div>\n\t\t<\/div>\n\t\t\t\t\t<\/div>\n\t\t<\/section>\n\t\t\t\t\t<\/div>\n\t\t<\/div>\n\t\t\t\t\t<\/div>\n\t\t<\/section>\n\t\t\t\t<section class=\"elementor-section elementor-top-section elementor-element elementor-element-4706e82 elementor-section-boxed elementor-section-height-default elementor-section-height-default\" data-id=\"4706e82\" data-element_type=\"section\">\n\t\t\t\t\t\t<div class=\"elementor-container elementor-column-gap-default\">\n\t\t\t\t\t<div class=\"elementor-column elementor-col-100 elementor-top-column elementor-element elementor-element-b7fcf9e\" data-id=\"b7fcf9e\" data-element_type=\"column\">\n\t\t\t<div class=\"elementor-widget-wrap elementor-element-populated\">\n\t\t\t\t\t\t<div class=\"elementor-element elementor-element-369346c elementor-widget elementor-widget-heading\" data-id=\"369346c\" data-element_type=\"widget\" data-widget_type=\"heading.default\">\n\t\t\t\t<div class=\"elementor-widget-container\">\n\t\t\t<h2 class=\"elementor-heading-title elementor-size-default\"><a href=\"https:\/\/www.primariacalan.ro\/wp-content\/uploads\/2025\/05\/Model_Amendament_PHCL_Calan.docx\">Model Amendament la Proiectele de Hot\u0103r\u00e2ri de Consiliu Local<\/a><\/h2>\t\t<\/div>\n\t\t\t\t<\/div>\n\t\t\t\t\t<\/div>\n\t\t<\/div>\n\t\t\t\t\t<\/div>\n\t\t<\/section>\n\t\t\t\t<section class=\"elementor-section elementor-top-section elementor-element elementor-element-fd608b3 elementor-section-boxed elementor-section-height-default elementor-section-height-default\" data-id=\"fd608b3\" data-element_type=\"section\">\n\t\t\t\t\t\t<div class=\"elementor-container elementor-column-gap-default\">\n\t\t\t\t\t<div class=\"elementor-column elementor-col-100 elementor-top-column elementor-element elementor-element-1861cc4\" data-id=\"1861cc4\" data-element_type=\"column\">\n\t\t\t<div class=\"elementor-widget-wrap elementor-element-populated\">\n\t\t\t\t\t\t<div class=\"elementor-element elementor-element-ce64c08 elementor-widget elementor-widget-text-editor\" data-id=\"ce64c08\" data-element_type=\"widget\" data-widget_type=\"text-editor.default\">\n\t\t\t\t<div class=\"elementor-widget-container\">\n\t\t\t\t\t\t\t<p style=\"text-align: center;\"><span style=\"color: #00ccff;\"><b>Componen\u021ba Comisiilor de specialitate aprobate prin Hot\u0103r\u00e2rea C. L. C\u0103lan<\/b><\/span><\/p><p><span style=\"color: #000000;\"><span style=\"font-family: Arial, sans-serif;\"><span style=\"font-size: small;\"><b>1. Comisia economic\u0103 \u2013 comisia de specialitate <\/b><\/span><\/span><span style=\"font-family: Arial, sans-serif;\"><span style=\"font-size: small;\"><b>pentru <\/b><\/span><\/span><span style=\"font-family: Arial, sans-serif;\"><span style=\"font-size: small;\"><b>programe de dezvoltare economico-social\u0103, buget, finan\u021be, lucr\u0103ri publice, administrarea domeniului public \u0219i privat al ora\u0219ului C\u0103lan<\/b><\/span><\/span><span style=\"font-family: Arial, sans-serif;\"><span style=\"font-size: small;\"><b>: <\/b><\/span><\/span><\/span><span style=\"font-size: 13px; font-family: Arial, sans-serif;\">Bolfo\u0219 Cosmin, <\/span><span style=\"font-size: 13px; font-family: Arial, sans-serif;\">S\u0103l\u0103\u0219an Roxana \u2013 Gabriela, <\/span><span style=\"font-size: 13px; font-family: Arial, sans-serif;\">Serediuc Andrei \u2013 Sorin, <\/span><span style=\"font-size: 13px; font-family: Arial, sans-serif;\">Medrea Petru \u2013 PNL, <\/span><span style=\"font-size: 13px; font-family: Arial, sans-serif;\">Petroi Oana \u2013 PNL, <\/span><span style=\"font-size: 13px; font-family: Arial, sans-serif;\">Monda Elena \u2013 Nela, <\/span><span style=\"font-size: 13px; font-family: Arial, sans-serif;\">Mateoi Flavius Nicolae<\/span><br \/><span style=\"color: #000000;\"><span style=\"font-size: 13px;\"><b><span style=\"font-family: Arial, sans-serif;\">2. <\/span><\/b><\/span><span style=\"font-family: Arial, sans-serif;\"><span style=\"font-size: small;\"><b>Comisia social &#8211; juridic\u0103 \u2013 comisia de specialitate <\/b><\/span><\/span><span style=\"font-family: Arial, sans-serif;\"><span style=\"font-size: small;\"><b>pentru probleme de administra\u021bie public\u0103 local\u0103, juridice, ap\u0103rarea ordinii \u0219i lini\u0219tii publice, respectarea drepturilor \u0219i libert\u0103\u021bilor cet\u0103\u021beanului, educa\u021bie, \u00eenv\u0103\u021b\u0103m\u00e2nt, s\u0103n\u0103tate, familie, protec\u021bie social\u0103, culte, cultur\u0103, activit\u0103\u021bi sportive \u0219i de agrement<\/b><\/span><\/span><span style=\"font-family: Arial, sans-serif;\"><span style=\"font-size: small;\"><b>: <\/b><\/span><\/span><\/span><span style=\"font-family: Arial, sans-serif;\"><span style=\"font-size: small;\">Drago\u0219 Marcel, Jeflea Dorin Emanuel,\u00a0<\/span><\/span><span style=\"font-family: Arial, sans-serif;\"><span style=\"font-size: small;\">P\u00e2rli\u021beanu Alexandru &#8211; Sabin, <\/span><\/span><span style=\"font-family: Arial, sans-serif;\"><span style=\"font-size: small;\">Neagu Ilie, <\/span><\/span><span style=\"font-family: Arial, sans-serif;\"><span style=\"font-size: small;\">Coroiescu Cristian Cornel<\/span><\/span><br \/><span style=\"color: #000000;\"><span style=\"font-family: Arial, sans-serif;\"><span style=\"font-size: small;\"><b>3. Comisia urbanism \u2013 comisia de specialitate pentru <\/b><\/span><\/span><span style=\"font-family: Arial, sans-serif;\"><span style=\"font-size: small;\"><b>probleme de amenajarea teritoriului \u0219i urbanism, protec\u021bia \u0219i refacerea mediului, agricultur\u0103, conservarea \u0219i punerea \u00een valoare a monumentelor istorice \u0219i de arhitectur\u0103, a parcurilor \u0219i gr\u0103dinilor publice<\/b><\/span><\/span><span style=\"font-family: Arial, sans-serif;\"><span style=\"font-size: small;\"><b>: <\/b><\/span><\/span><\/span><span style=\"font-family: Arial, sans-serif;\"><span style=\"font-size: small;\">Olariu Adrian Marius, <\/span><\/span><span style=\"font-family: Arial, sans-serif;\"><span style=\"font-size: small;\">Vasilescu Constantin, <\/span><\/span><span style=\"font-family: Arial, sans-serif;\"><span style=\"font-size: small;\">Tirinescu Hora\u021biu, <\/span><\/span><span style=\"font-family: Arial, sans-serif;\"><span style=\"font-size: small;\">P\u0103curar Florin<\/span><\/span><\/p>\t\t\t\t\t\t<\/div>\n\t\t\t\t<\/div>\n\t\t\t\t\t<\/div>\n\t\t<\/div>\n\t\t\t\t\t<\/div>\n\t\t<\/section>\n\t\t\t\t<section class=\"elementor-section elementor-top-section elementor-element elementor-element-1d1a90e elementor-section-boxed elementor-section-height-default elementor-section-height-default\" data-id=\"1d1a90e\" data-element_type=\"section\">\n\t\t\t\t\t\t<div class=\"elementor-container elementor-column-gap-default\">\n\t\t\t\t\t<div class=\"elementor-column elementor-col-100 elementor-top-column elementor-element elementor-element-cb1c68f\" data-id=\"cb1c68f\" data-element_type=\"column\">\n\t\t\t<div class=\"elementor-widget-wrap\">\n\t\t\t\t\t\t\t<\/div>\n\t\t<\/div>\n\t\t\t\t\t<\/div>\n\t\t<\/section>\n\t\t\t\t<\/div>\n\t\t","protected":false},"excerpt":{"rendered":"<p>BOLFO\u0218 COSMIN &#8211; PSDCOROIESCU CRISTIAN CORNEL &#8211; FDDRAGO\u0218 MARCEL &#8211; PNLJEFLEA DORIN EMANUEL &#8211; PSDMATEOI FLAVIUS NICOLAE &#8211; AURMEDREA PETRU &#8211; PNLMONDA ELENA NELA &#8211; PNL NEAGU ILIE &#8211; AUROLARIU&hellip;<\/p>\n","protected":false},"author":1,"featured_media":0,"parent":0,"menu_order":0,"comment_status":"closed","ping_status":"closed","template":"","meta":{"_acf_changed":false,"footnotes":""},"folder":[],"acf":[],"_links":{"self":[{"href":"https:\/\/www.primariacalan.ro\/index.php?rest_route=\/wp\/v2\/pages\/353"}],"collection":[{"href":"https:\/\/www.primariacalan.ro\/index.php?rest_route=\/wp\/v2\/pages"}],"about":[{"href":"https:\/\/www.primariacalan.ro\/index.php?rest_route=\/wp\/v2\/types\/page"}],"author":[{"embeddable":true,"href":"https:\/\/www.primariacalan.ro\/index.php?rest_route=\/wp\/v2\/users\/1"}],"replies":[{"embeddable":true,"href":"https:\/\/www.primariacalan.ro\/index.php?rest_route=%2Fwp%2Fv2%2Fcomments&post=353"}],"version-history":[{"count":126,"href":"https:\/\/www.primariacalan.ro\/index.php?rest_route=\/wp\/v2\/pages\/353\/revisions"}],"predecessor-version":[{"id":13745,"href":"https:\/\/www.primariacalan.ro\/index.php?rest_route=\/wp\/v2\/pages\/353\/revisions\/13745"}],"wp:attachment":[{"href":"https:\/\/www.primariacalan.ro\/index.php?rest_route=%2Fwp%2Fv2%2Fmedia&parent=353"}],"wp:term":[{"taxonomy":"folder","embeddable":true,"href":"https:\/\/www.primariacalan.ro\/index.php?rest_route=%2Fwp%2Fv2%2Ffolder&post=353"}],"curies":[{"name":"wp","href":"https:\/\/api.w.org\/{rel}","templated":true}]}}