{"id":339,"date":"2022-01-17T10:47:05","date_gmt":"2022-01-17T08:47:05","guid":{"rendered":"https:\/\/www.primariacalan.ro\/?page_id=339"},"modified":"2025-08-04T09:15:23","modified_gmt":"2025-08-04T06:15:23","slug":"contact","status":"publish","type":"page","link":"https:\/\/www.primariacalan.ro\/?page_id=339","title":{"rendered":"Contact"},"content":{"rendered":"\t\t<div data-elementor-type=\"wp-page\" data-elementor-id=\"339\" class=\"elementor elementor-339\">\n\t\t\t\t\t\t<section class=\"elementor-section elementor-top-section elementor-element elementor-element-522a4c8a elementor-section-boxed elementor-section-height-default elementor-section-height-default\" data-id=\"522a4c8a\" data-element_type=\"section\">\n\t\t\t\t\t\t<div class=\"elementor-container elementor-column-gap-default\">\n\t\t\t\t\t<div class=\"elementor-column elementor-col-100 elementor-top-column elementor-element elementor-element-7cf18b86\" data-id=\"7cf18b86\" data-element_type=\"column\">\n\t\t\t<div class=\"elementor-widget-wrap elementor-element-populated\">\n\t\t\t\t\t\t<div class=\"elementor-element elementor-element-0683881 elementor-widget elementor-widget-text-editor\" data-id=\"0683881\" data-element_type=\"widget\" data-widget_type=\"text-editor.default\">\n\t\t\t\t<div class=\"elementor-widget-container\">\n\t\t\t<style>\/*! elementor - v3.21.0 - 26-05-2024 *\/\n.elementor-widget-text-editor.elementor-drop-cap-view-stacked .elementor-drop-cap{background-color:#69727d;color:#fff}.elementor-widget-text-editor.elementor-drop-cap-view-framed .elementor-drop-cap{color:#69727d;border:3px solid;background-color:transparent}.elementor-widget-text-editor:not(.elementor-drop-cap-view-default) .elementor-drop-cap{margin-top:8px}.elementor-widget-text-editor:not(.elementor-drop-cap-view-default) .elementor-drop-cap-letter{width:1em;height:1em}.elementor-widget-text-editor .elementor-drop-cap{float:left;text-align:center;line-height:1;font-size:50px}.elementor-widget-text-editor .elementor-drop-cap-letter{display:inline-block}<\/style>\t\t\t\t<!-- wp:quote {\"align\":\"right\"} -->\n<blockquote class=\"wp-block-quote has-text-align-right\">\n<p style=\"text-align: center;\"><span style=\"font-size: 15px; color: #3366ff;\"><strong>PRIM\u0102RIA ORA\u0218ULUI C\u0102LAN: Str. G\u0102RII nr.1 <\/strong><strong>C\u0102LAN &#8211; HD &#8211; ROM\u00c2NIA &#8211; 335300<\/strong><strong> &#8211; CUI 5742434<\/strong><\/span><br \/>Email:<a href=\"mailto:primariacalan@yahoo.com\" data-auto-recognition=\"true\">primariacalan@yahoo.com<\/a>\u00a0 \u00a0 \u00a0 <a href=\"secretariat@primariacalan.ro\">secretariat@primariacalan.ro<\/a><br \/>Telefon:<span style=\"color: #808080;\"><strong>0254730223 \u00a00254730201 \u00a00354883252<\/strong><\/span><br \/><strong>PROGRAM cu PUBLICUL &#8211; <\/strong>Luni \u2013 Vineri: 07.30 \u2013 15.30\u00a0<br \/>S\u00e2mb\u0103t\u0103, Duminic\u0103 \u0219i S\u0103rb\u0103torile legale: \u00ceNCHIS<br \/><br \/><span style=\"color: #3366ff;\"><strong>Serviciul Public Comunitar Local de Eviden\u021b\u0103 a Persoanelor <\/strong><\/span>Telefon:\u00a0<strong>0254730489\u00a0<\/strong>Email:\u00a0<a role=\"link\" href=\"mailto:spclep@primariacalan.ro\">spclep@primariacalan.ro<\/a><br \/><strong><span style=\"color: #3366ff;\">POLI\u021aIA LOCAL\u0102 C\u0102LAN<\/span> &#8211; <\/strong>Telefon: <a role=\"link\" href=\"tel:0734773448\">0734773448<\/a><br \/><strong><span style=\"color: #3366ff;\">POLI\u021aIA ORA\u0218ULUI C\u0102LAN<\/span> &#8211; <\/strong>Email:<a role=\"link\" href=\"mailto:calan@hd.politiaromana.ro\" data-auto-recognition=\"true\">calan@hd.politiaromana.ro <\/a>Telefon:<a role=\"link\" href=\"tel:0254730159\">0757058238<\/a><\/p>\n<p style=\"text-align: center;\"><span style=\"color: #3366ff;\"><strong>DISPECERAT RIDIC\u0102RI DE\u0218EURI DIN CONSTRUC\u021aII, MOBILIER DEZAFECTAT, VOLUMINOASE<\/strong><\/span> &#8211; <a href=\"http:\/\/tel.0748115984\">0748115984<\/a><\/p>\n<\/blockquote>\n<!-- \/wp:paragraph -->\t\t\t\t\t\t<\/div>\n\t\t\t\t<\/div>\n\t\t\t\t\t<\/div>\n\t\t<\/div>\n\t\t\t\t\t<\/div>\n\t\t<\/section>\n\t\t\t\t<section class=\"elementor-section elementor-top-section elementor-element elementor-element-cd899d1 elementor-section-boxed elementor-section-height-default elementor-section-height-default\" data-id=\"cd899d1\" data-element_type=\"section\">\n\t\t\t\t\t\t<div class=\"elementor-container elementor-column-gap-default\">\n\t\t\t\t\t<div class=\"elementor-column elementor-col-100 elementor-top-column elementor-element elementor-element-61ccd4c\" data-id=\"61ccd4c\" data-element_type=\"column\">\n\t\t\t<div class=\"elementor-widget-wrap elementor-element-populated\">\n\t\t\t\t\t\t<div class=\"elementor-element elementor-element-6792267 elementor-widget elementor-widget-elementskit-social-share\" data-id=\"6792267\" data-element_type=\"widget\" data-widget_type=\"elementskit-social-share.default\">\n\t\t\t\t<div class=\"elementor-widget-container\">\n\t\t\t<div class=\"ekit-wid-con\" >\t\t<ul class=\"ekit_socialshare\">\n                            <li class=\"elementor-repeater-item-f893a43\" data-social=\"facebook\">\n                    <div class=\"facebook\">\n                        \n                        <i aria-hidden=\"true\" class=\"icon icon-facebook\"><\/i>                        \n                                                                                            <\/div>\n                <\/li>\n                                            <li class=\"elementor-repeater-item-8972d3e\" data-social=\"twitter\">\n                    <div class=\"twitter\">\n                        \n                        <i aria-hidden=\"true\" class=\"fab fa-x-twitter\"><\/i>                        \n                                                                                            <\/div>\n                <\/li>\n                                            <li class=\"elementor-repeater-item-e8afaed\" data-social=\"whatsapp\">\n                    <div class=\"whatsapp\">\n                        \n                        <i aria-hidden=\"true\" class=\"icon icon-whatsapp-2\"><\/i>                        \n                                                                                            <\/div>\n                <\/li>\n                                            <li class=\"elementor-repeater-item-598771b\" data-social=\"linkedin\">\n                    <div class=\"linkedin\">\n                        \n                        <i aria-hidden=\"true\" class=\"icon icon-linkedin\"><\/i>                        \n                                                                                            <\/div>\n                <\/li>\n                                    <\/ul>\n        <\/div>\t\t<\/div>\n\t\t\t\t<\/div>\n\t\t\t\t\t<\/div>\n\t\t<\/div>\n\t\t\t\t\t<\/div>\n\t\t<\/section>\n\t\t\t\t<section class=\"elementor-section elementor-top-section elementor-element elementor-element-46d104c elementor-section-boxed elementor-section-height-default elementor-section-height-default\" data-id=\"46d104c\" data-element_type=\"section\">\n\t\t\t\t\t\t<div class=\"elementor-container elementor-column-gap-default\">\n\t\t\t\t\t<div class=\"elementor-column elementor-col-100 elementor-top-column elementor-element elementor-element-e2a7ba5\" data-id=\"e2a7ba5\" data-element_type=\"column\">\n\t\t\t<div class=\"elementor-widget-wrap elementor-element-populated\">\n\t\t\t\t\t\t<div class=\"elementor-element elementor-element-be73543 elementor-widget elementor-widget-google_maps\" data-id=\"be73543\" data-element_type=\"widget\" data-widget_type=\"google_maps.default\">\n\t\t\t\t<div class=\"elementor-widget-container\">\n\t\t\t<style>\/*! elementor - v3.21.0 - 26-05-2024 *\/\n.elementor-widget-google_maps .elementor-widget-container{overflow:hidden}.elementor-widget-google_maps .elementor-custom-embed{line-height:0}.elementor-widget-google_maps iframe{height:300px}<\/style>\t\t<div class=\"elementor-custom-embed\">\n\t\t\t<iframe loading=\"lazy\"\n\t\t\t\t\tsrc=\"https:\/\/maps.google.com\/maps?q=Prim%C4%83ria%20C%C4%83lan&#038;t=m&#038;z=16&#038;output=embed&#038;iwloc=near\"\n\t\t\t\t\ttitle=\"Prim\u0103ria C\u0103lan\"\n\t\t\t\t\taria-label=\"Prim\u0103ria C\u0103lan\"\n\t\t\t><\/iframe>\n\t\t<\/div>\n\t\t\t\t<\/div>\n\t\t\t\t<\/div>\n\t\t\t\t\t<\/div>\n\t\t<\/div>\n\t\t\t\t\t<\/div>\n\t\t<\/section>\n\t\t\t\t<\/div>\n\t\t","protected":false},"excerpt":{"rendered":"<p>PRIM\u0102RIA ORA\u0218ULUI C\u0102LAN: Str. G\u0102RII nr.1 C\u0102LAN &#8211; HD &#8211; ROM\u00c2NIA &#8211; 335300 &#8211; CUI 5742434Email:primariacalan@yahoo.com\u00a0 \u00a0 \u00a0 secretariat@primariacalan.roTelefon:0254730223 \u00a00254730201 \u00a00354883252PROGRAM cu PUBLICUL &#8211; Luni \u2013 Vineri: 07.30 \u2013 15.30\u00a0S\u00e2mb\u0103t\u0103,&hellip;<\/p>\n","protected":false},"author":1,"featured_media":0,"parent":0,"menu_order":0,"comment_status":"closed","ping_status":"closed","template":"","meta":{"_acf_changed":false,"footnotes":""},"folder":[],"acf":[],"_links":{"self":[{"href":"https:\/\/www.primariacalan.ro\/index.php?rest_route=\/wp\/v2\/pages\/339"}],"collection":[{"href":"https:\/\/www.primariacalan.ro\/index.php?rest_route=\/wp\/v2\/pages"}],"about":[{"href":"https:\/\/www.primariacalan.ro\/index.php?rest_route=\/wp\/v2\/types\/page"}],"author":[{"embeddable":true,"href":"https:\/\/www.primariacalan.ro\/index.php?rest_route=\/wp\/v2\/users\/1"}],"replies":[{"embeddable":true,"href":"https:\/\/www.primariacalan.ro\/index.php?rest_route=%2Fwp%2Fv2%2Fcomments&post=339"}],"version-history":[{"count":78,"href":"https:\/\/www.primariacalan.ro\/index.php?rest_route=\/wp\/v2\/pages\/339\/revisions"}],"predecessor-version":[{"id":13878,"href":"https:\/\/www.primariacalan.ro\/index.php?rest_route=\/wp\/v2\/pages\/339\/revisions\/13878"}],"wp:attachment":[{"href":"https:\/\/www.primariacalan.ro\/index.php?rest_route=%2Fwp%2Fv2%2Fmedia&parent=339"}],"wp:term":[{"taxonomy":"folder","embeddable":true,"href":"https:\/\/www.primariacalan.ro\/index.php?rest_route=%2Fwp%2Fv2%2Ffolder&post=339"}],"curies":[{"name":"wp","href":"https:\/\/api.w.org\/{rel}","templated":true}]}}