{"id":2113,"date":"2022-02-07T13:47:43","date_gmt":"2022-02-07T11:47:43","guid":{"rendered":"https:\/\/www.primariacalan.ro\/?page_id=2113"},"modified":"2023-11-01T14:58:14","modified_gmt":"2023-11-01T12:58:14","slug":"hotararile-autoritatii-deliberative","status":"publish","type":"page","link":"https:\/\/www.primariacalan.ro\/?page_id=2113","title":{"rendered":"DISPOZI\u021aIILE AUTORIT\u0102\u021aII EXECUTIVE"},"content":{"rendered":"\n<ul>\n<li><a href=\"https:\/\/www.primariacalan.ro\/?page_id=806\">&#8211; Dispozi\u0163iile autorit\u0103\u0163ii executive;<\/a><\/li>\n\n\n\n<li><a href=\"https:\/\/www.primariacalan.ro\/?page_id=2113\">&#8211; Acte administrative emise de primar cu caracter normativ;<\/a><\/li>\n\n\n\n<li><a href=\"https:\/\/www.primariacalan.ro\/?page_id=2113\">&#8211; Proiecte de dispozi\u0163ii ale autorit\u0103\u0163ii executive,<\/a><\/li>\n<\/ul>\n\n\n\n<p><\/p>\n","protected":false},"excerpt":{"rendered":"","protected":false},"author":1,"featured_media":0,"parent":0,"menu_order":0,"comment_status":"closed","ping_status":"closed","template":"","meta":{"_acf_changed":false,"footnotes":""},"folder":[],"acf":[],"_links":{"self":[{"href":"https:\/\/www.primariacalan.ro\/index.php?rest_route=\/wp\/v2\/pages\/2113"}],"collection":[{"href":"https:\/\/www.primariacalan.ro\/index.php?rest_route=\/wp\/v2\/pages"}],"about":[{"href":"https:\/\/www.primariacalan.ro\/index.php?rest_route=\/wp\/v2\/types\/page"}],"author":[{"embeddable":true,"href":"https:\/\/www.primariacalan.ro\/index.php?rest_route=\/wp\/v2\/users\/1"}],"replies":[{"embeddable":true,"href":"https:\/\/www.primariacalan.ro\/index.php?rest_route=%2Fwp%2Fv2%2Fcomments&post=2113"}],"version-history":[{"count":6,"href":"https:\/\/www.primariacalan.ro\/index.php?rest_route=\/wp\/v2\/pages\/2113\/revisions"}],"predecessor-version":[{"id":9860,"href":"https:\/\/www.primariacalan.ro\/index.php?rest_route=\/wp\/v2\/pages\/2113\/revisions\/9860"}],"wp:attachment":[{"href":"https:\/\/www.primariacalan.ro\/index.php?rest_route=%2Fwp%2Fv2%2Fmedia&parent=2113"}],"wp:term":[{"taxonomy":"folder","embeddable":true,"href":"https:\/\/www.primariacalan.ro\/index.php?rest_route=%2Fwp%2Fv2%2Ffolder&post=2113"}],"curies":[{"name":"wp","href":"https:\/\/api.w.org\/{rel}","templated":true}]}}