{"id":1629,"date":"2022-02-02T10:27:39","date_gmt":"2022-02-02T08:27:39","guid":{"rendered":"https:\/\/www.primariacalan.ro\/?page_id=1629"},"modified":"2022-02-15T19:13:09","modified_gmt":"2022-02-15T17:13:09","slug":"economia-locala","status":"publish","type":"page","link":"https:\/\/www.primariacalan.ro\/?page_id=1629","title":{"rendered":"ECONOMIA LOCAL\u0102"},"content":{"rendered":"\t\t<div data-elementor-type=\"wp-page\" data-elementor-id=\"1629\" class=\"elementor elementor-1629\">\n\t\t\t\t\t\t<section class=\"elementor-section elementor-top-section elementor-element elementor-element-bf4171c elementor-section-boxed elementor-section-height-default elementor-section-height-default\" data-id=\"bf4171c\" data-element_type=\"section\">\n\t\t\t\t\t\t<div class=\"elementor-container elementor-column-gap-default\">\n\t\t\t\t\t<div class=\"elementor-column elementor-col-100 elementor-top-column elementor-element elementor-element-65f97eb\" data-id=\"65f97eb\" data-element_type=\"column\">\n\t\t\t<div class=\"elementor-widget-wrap elementor-element-populated\">\n\t\t\t\t\t\t<div class=\"elementor-element elementor-element-50e8753 elementor-widget elementor-widget-accordion\" data-id=\"50e8753\" data-element_type=\"widget\" data-widget_type=\"accordion.default\">\n\t\t\t\t<div class=\"elementor-widget-container\">\n\t\t\t<style>\/*! elementor - v3.21.0 - 26-05-2024 *\/\n.elementor-accordion{text-align:start}.elementor-accordion .elementor-accordion-item{border:1px solid #d5d8dc}.elementor-accordion .elementor-accordion-item+.elementor-accordion-item{border-top:none}.elementor-accordion .elementor-tab-title{margin:0;padding:15px 20px;font-weight:700;line-height:1;cursor:pointer;outline:none}.elementor-accordion .elementor-tab-title .elementor-accordion-icon{display:inline-block;width:1.5em}.elementor-accordion .elementor-tab-title .elementor-accordion-icon svg{width:1em;height:1em}.elementor-accordion .elementor-tab-title .elementor-accordion-icon.elementor-accordion-icon-right{float:right;text-align:right}.elementor-accordion .elementor-tab-title .elementor-accordion-icon.elementor-accordion-icon-left{float:left;text-align:left}.elementor-accordion .elementor-tab-title .elementor-accordion-icon .elementor-accordion-icon-closed{display:block}.elementor-accordion .elementor-tab-title .elementor-accordion-icon .elementor-accordion-icon-opened,.elementor-accordion .elementor-tab-title.elementor-active .elementor-accordion-icon-closed{display:none}.elementor-accordion .elementor-tab-title.elementor-active .elementor-accordion-icon-opened{display:block}.elementor-accordion .elementor-tab-content{display:none;padding:15px 20px;border-top:1px solid #d5d8dc}@media (max-width:767px){.elementor-accordion .elementor-tab-title{padding:12px 15px}.elementor-accordion .elementor-tab-title .elementor-accordion-icon{width:1.2em}.elementor-accordion .elementor-tab-content{padding:7px 15px}}.e-con-inner>.elementor-widget-accordion,.e-con>.elementor-widget-accordion{width:var(--container-widget-width);--flex-grow:var(--container-widget-flex-grow)}<\/style>\t\t<div class=\"elementor-accordion\">\n\t\t\t\t\t\t\t<div class=\"elementor-accordion-item\">\n\t\t\t\t\t<div id=\"elementor-tab-title-8481\" class=\"elementor-tab-title\" data-tab=\"1\" role=\"button\" aria-controls=\"elementor-tab-content-8481\" aria-expanded=\"false\">\n\t\t\t\t\t\t\t\t\t\t\t\t\t<span class=\"elementor-accordion-icon elementor-accordion-icon-left\" aria-hidden=\"true\">\n\t\t\t\t\t\t\t\t\t\t\t\t\t\t\t<span class=\"elementor-accordion-icon-closed\"><i class=\"fas fa-plus\"><\/i><\/span>\n\t\t\t\t\t\t\t\t<span class=\"elementor-accordion-icon-opened\"><i class=\"fas fa-minus\"><\/i><\/span>\n\t\t\t\t\t\t\t\t\t\t\t\t\t\t<\/span>\n\t\t\t\t\t\t\t\t\t\t\t\t<a class=\"elementor-accordion-title\" tabindex=\"0\">INDUSTRIE<\/a>\n\t\t\t\t\t<\/div>\n\t\t\t\t\t<div id=\"elementor-tab-content-8481\" class=\"elementor-tab-content elementor-clearfix\" data-tab=\"1\" role=\"region\" aria-labelledby=\"elementor-tab-title-8481\"><p align=\"justify\">Orientarea economiei localit\u0103\u0163ii C\u0103lan spre o dezvoltare durabil\u0103 \u00een concordan\u0163\u0103 cu interesele na\u0163ionale impune implicarea profund\u0103 \u00een acest proces, a industriei, aceasta av\u00e2nd o contribu\u0163ie major\u0103 \u00een atingerea obiectivelor generale ale politicii industriale. <br \/><span lang=\"ro-RO\">Economia ora\u015fului C\u0103lan pare a fi diversificat\u0103, fiind reprezentative diferite sectoare ale industriei cum ar fi: produc\u0163ie, procesare, servicii etc., dar \u00een special se remarc\u0103 industria de textile \u015fi industria metalelor \u015fi a produselor metalice, companii de construc\u0163ie \u015fi \u00eentreprinderi comerciale \u015fi de servicii mai mici \u015fi mijlocii \u00eenfiin\u0163ate de antreprenorii locali. <\/span><br \/>Industria ora\u015fului C\u0103lan a fost afectat\u0103 dup\u0103 anul 1989 de procesul de restructurare industrial\u0103, sectorul cel mai afectat fiind cel siderurgic. <br \/><span lang=\"ro-RO\">\u020an prezent produc\u021bia industrial\u0103 s-a orientat spre sectorul construc\u0163iilor \u015fi a industriei u\u015foare. <\/span><br \/><span lang=\"ro-RO\">De asemenea se afl\u0103 \u00een plin\u0103 dezvoltare sectorul comer\u021bului cu m\u0103rfuri \u0219i al serviciilor, \u00een special transporturile rutiere de m\u0103rfuri \u015fi serviciile de \u00eentre\u0163inere \u015fi \u00eenfrumuse\u0163are. <\/span><\/p><\/div>\n\t\t\t\t<\/div>\n\t\t\t\t\t\t\t<div class=\"elementor-accordion-item\">\n\t\t\t\t\t<div id=\"elementor-tab-title-8482\" class=\"elementor-tab-title\" data-tab=\"2\" role=\"button\" aria-controls=\"elementor-tab-content-8482\" aria-expanded=\"false\">\n\t\t\t\t\t\t\t\t\t\t\t\t\t<span class=\"elementor-accordion-icon elementor-accordion-icon-left\" aria-hidden=\"true\">\n\t\t\t\t\t\t\t\t\t\t\t\t\t\t\t<span class=\"elementor-accordion-icon-closed\"><i class=\"fas fa-plus\"><\/i><\/span>\n\t\t\t\t\t\t\t\t<span class=\"elementor-accordion-icon-opened\"><i class=\"fas fa-minus\"><\/i><\/span>\n\t\t\t\t\t\t\t\t\t\t\t\t\t\t<\/span>\n\t\t\t\t\t\t\t\t\t\t\t\t<a class=\"elementor-accordion-title\" tabindex=\"0\">AGRICULTURA<\/a>\n\t\t\t\t\t<\/div>\n\t\t\t\t\t<div id=\"elementor-tab-content-8482\" class=\"elementor-tab-content elementor-clearfix\" data-tab=\"2\" role=\"region\" aria-labelledby=\"elementor-tab-title-8482\"><p lang=\"es-ES\" align=\"justify\">\u00cen ce prive\u0219te structura suprafe\u021bei fondului funciar dup\u0103 modul de folosin\u021b\u0103, situa\u021bia acestuia se prezint\u0103 astfel:<\/p><table width=\"539\" cellspacing=\"0\" cellpadding=\"7\"><tbody><tr><td bgcolor=\"#f2f2f2\" width=\"360\" height=\"23\"><p lang=\"es-ES\" align=\"center\">Modul de folosin\u021b\u0103 pe suprafa\u021ba agricol\u0103<\/p><\/td><td bgcolor=\"#f2f2f2\" width=\"149\"><p align=\"center\">Suprafa\u021ba (ha)<\/p><\/td><\/tr><tr><td width=\"360\" height=\"17\"><p>Total<\/p><\/td><td width=\"149\"><p>10.273<\/p><\/td><\/tr><tr><td width=\"360\" height=\"17\"><p>Terenuri agricole total<\/p><\/td><td width=\"149\"><p>7.298<\/p><\/td><\/tr><tr><td width=\"360\" height=\"17\"><p>Terenuri arabile<\/p><\/td><td width=\"149\"><p>3.419<\/p><\/td><\/tr><tr><td width=\"360\" height=\"17\"><p>P\u0103\u0219uni<\/p><\/td><td width=\"149\"><p>2.626<\/p><\/td><\/tr><tr><td width=\"360\" height=\"17\"><p>F\u00e2ne\u021be<\/p><\/td><td width=\"149\"><p>1.145<\/p><\/td><\/tr><tr><td width=\"360\" height=\"18\"><p>Livezi<\/p><\/td><td width=\"149\"><p>80<\/p><\/td><\/tr><tr><td width=\"360\" height=\"18\"><p>Terenuri neagricole total<\/p><\/td><td width=\"149\"><p>2.975<\/p><\/td><\/tr><tr><td width=\"360\" height=\"18\"><p>P\u0103duri \u0219i alte terenuri cu vegeta\u021bie forestier\u0103<\/p><\/td><td width=\"149\"><p>1.814<\/p><\/td><\/tr><tr><td width=\"360\" height=\"18\"><p>Terenuri cu ape \u0219i ape cu stuf<\/p><\/td><td width=\"149\"><p>115<\/p><\/td><\/tr><tr><td width=\"360\" height=\"18\"><p>C\u0103i de comunica\u021bie \u0219i c\u0103i ferate<\/p><\/td><td width=\"149\"><p>279<\/p><\/td><\/tr><tr><td width=\"360\" height=\"18\"><p>Terenuri ocupate cu construc\u021bii \u0219i curti<\/p><\/td><td width=\"149\"><p>631<\/p><\/td><\/tr><tr><td width=\"360\" height=\"17\"><p>Terenuri degradate si neproductive<\/p><\/td><td width=\"149\"><p>136<\/p><\/td><\/tr><\/tbody><\/table><p lang=\"es-ES\" align=\"justify\"><span lang=\"es-ES\">Din totalul de 10.273 ha ce constituie suprafa\u021ba teritoriului administrativ al ora\u0219ului, terenul arabil ocup\u0103 o suprafa\u021b\u0103 de 3.419 ha, reprezent\u00e2nd 33% din totalul suprafe\u021bei ora\u0219ului. <\/span><br \/><span lang=\"es-ES\">Teritoriul ora\u0219ului, define\u0219te clar func\u021biunea predominant agricol\u0103 prin cele 7.298 ha &#8211; total teren agricol din suprafa\u021ba total\u0103 a teritoriului administrativ. Terenul arabil de\u021bine un rol important \u00een cadrul teritoriului la care se adaug\u0103 suprafa\u021ba p\u0103\u0219unilor (2.626 ha), a f\u00e2ne\u021belor (1.145 ha), \u0219i a livezilor (80 ha).<\/span><br \/><br \/><span lang=\"es-ES\">O alt\u0103 bog\u0103\u021bie natural\u0103 a ora\u0219ului o reprezint\u0103 resursele forestiere.<\/span><br \/><span lang=\"es-ES\">\u00cen ce prive\u0219te structura suprafe\u021bei agricole dup\u0103 localitate, situa\u021bia acestuia se prezint\u0103 astfel:<\/span><\/p><table width=\"419\" cellspacing=\"0\" cellpadding=\"7\"><tbody><tr><td width=\"196\" height=\"25\"><p align=\"center\">Localitatea<\/p><\/td><td width=\"193\"><p align=\"center\">Teren agricol total (ha)<\/p><\/td><\/tr><tr><td width=\"196\" height=\"21\"><p>Cri\u015feni<\/p><\/td><td width=\"193\"><p align=\"center\">252<\/p><\/td><\/tr><tr><td width=\"196\" height=\"20\"><p>S\u0103cel<\/p><\/td><td width=\"193\"><p align=\"center\">395<\/p><\/td><\/tr><tr><td width=\"196\" height=\"27\"><p>Valea S\u00e2ngeorgiului<\/p><\/td><td width=\"193\"><p align=\"center\">823<\/p><\/td><\/tr><tr><td width=\"196\" height=\"20\"><p>Grid<\/p><\/td><td width=\"193\"><p align=\"center\">550<\/p><\/td><\/tr><tr><td width=\"196\" height=\"20\"><p>Streis\u00e2ngeorgiu<\/p><\/td><td width=\"193\"><p align=\"center\">612<\/p><\/td><\/tr><tr><td width=\"196\" height=\"21\"><p>Ohaba<\/p><\/td><td width=\"193\"><p align=\"center\">223<\/p><\/td><\/tr><tr><td width=\"196\" height=\"21\"><p>Strei<\/p><\/td><td width=\"193\"><p align=\"center\">495<\/p><\/td><\/tr><tr><td width=\"196\" height=\"20\"><p>N\u0103d\u0103\u015ftia de Jos<\/p><\/td><td width=\"193\"><p align=\"center\">721<\/p><\/td><\/tr><tr><td width=\"196\" height=\"21\"><p>N\u0103d\u0103\u015ftia de Sus<\/p><\/td><td width=\"193\"><p align=\"center\">724<\/p><\/td><\/tr><tr><td width=\"196\" height=\"21\"><p>Batiz<\/p><\/td><td width=\"193\"><p align=\"center\">740<\/p><\/td><\/tr><tr><td width=\"196\" height=\"20\"><p>S\u00e2nt\u0103m\u0103ria de Piatr\u0103<\/p><\/td><td width=\"193\"><p align=\"center\">650<\/p><\/td><\/tr><tr><td width=\"196\" height=\"21\"><p>S\u00e2ncrai<\/p><\/td><td width=\"193\"><p align=\"center\">555<\/p><\/td><\/tr><tr><td width=\"196\" height=\"21\"><p>C\u0103lanul Mic<\/p><\/td><td width=\"193\"><p align=\"center\">280<\/p><\/td><\/tr><tr><td width=\"196\" height=\"23\"><p>Ora\u015ful Vechi C\u0103lan<\/p><\/td><td width=\"193\"><p align=\"center\">278<\/p><\/td><\/tr><tr><td width=\"196\" height=\"20\"><p>TOTAL:<\/p><\/td><td width=\"193\"><p align=\"center\">7.298<\/p><\/td><\/tr><\/tbody><\/table><p lang=\"es-ES\" align=\"justify\"><span lang=\"es-ES\">Suprafa\u021ba recoltat\u0103 \u020bn anul 2019 este prezentat\u0103 \u00een tabelul de mai jos:<\/span><\/p><center><table width=\"508\" cellspacing=\"0\" cellpadding=\"7\"><tbody><tr><td bgcolor=\"#f2f2f2\" width=\"50\" height=\"22\"><p>Nr.crt.<\/p><\/td><td bgcolor=\"#f2f2f2\" width=\"194\"><p>Principalele culturi<\/p><\/td><td bgcolor=\"#f2f2f2\" width=\"220\"><p>Suprafa\u021ba recoltat\u0103 (ha)<\/p><\/td><\/tr><tr><td width=\"50\" height=\"23\"><p>1.<\/p><\/td><td width=\"194\"><p>Gr\u00e2u<\/p><\/td><td width=\"220\"><p>115<\/p><\/td><\/tr><tr><td width=\"50\" height=\"23\"><p>2.<\/p><\/td><td width=\"194\"><p>Triticale<\/p><\/td><td width=\"220\"><p>15<\/p><\/td><\/tr><tr><td width=\"50\" height=\"23\"><p>3.<\/p><\/td><td width=\"194\"><p>Orz<\/p><\/td><td width=\"220\"><p>9<\/p><\/td><\/tr><tr><td width=\"50\" height=\"23\"><p>4.<\/p><\/td><td width=\"194\"><p>Orzoaic\u0103<\/p><\/td><td width=\"220\"><p>5<\/p><\/td><\/tr><tr><td width=\"50\" height=\"23\"><p>5.<\/p><\/td><td width=\"194\"><p>Ov\u0103z<\/p><\/td><td width=\"220\"><p>30<\/p><\/td><\/tr><tr><td width=\"50\" height=\"23\"><p>6.<\/p><\/td><td width=\"194\"><p>Porumb<\/p><\/td><td width=\"220\"><p>470<\/p><\/td><\/tr><tr><td width=\"50\" height=\"24\"><p>7.<\/p><\/td><td width=\"194\"><p>Cartofi<\/p><\/td><td width=\"220\"><p>30<\/p><\/td><\/tr><tr><td width=\"50\" height=\"23\"><p>8.<\/p><\/td><td width=\"194\"><p>Legume<\/p><\/td><td width=\"220\"><p>85<\/p><\/td><\/tr><\/tbody><\/table><\/center><p lang=\"es-ES\" align=\"justify\"><br \/><span lang=\"es-ES\"><br \/>Produc\u021bia agricol\u0103 este reprezentat\u0103 \u00een principal de c\u0103tre cultura de porumb, urmat\u0103 de produc\u021bia de gr\u00e2u, produc\u021bia de legume, cartofi, <\/span><span lang=\"es-ES\">ov\u0103z, triticale, orz \u0219i orzoaic\u0103<\/span><span lang=\"es-ES\">. <\/span><br \/><br \/>Cre\u0219terea animalelor reprezint\u0103 o component\u0103 principal\u0103 a activit\u0103\u021bii agricole.<br \/><span lang=\"es-ES\">Principalele categorii de animale care reprezint\u0103 sectorul zootehnic sunt definite de c\u0103tre ovine, caprine, bovine \u0219i bubaline, porcine \u0219i p\u0103s\u0103ri.<\/span><\/p><\/div>\n\t\t\t\t<\/div>\n\t\t\t\t\t\t\t<div class=\"elementor-accordion-item\">\n\t\t\t\t\t<div id=\"elementor-tab-title-8483\" class=\"elementor-tab-title\" data-tab=\"3\" role=\"button\" aria-controls=\"elementor-tab-content-8483\" aria-expanded=\"false\">\n\t\t\t\t\t\t\t\t\t\t\t\t\t<span class=\"elementor-accordion-icon elementor-accordion-icon-left\" aria-hidden=\"true\">\n\t\t\t\t\t\t\t\t\t\t\t\t\t\t\t<span class=\"elementor-accordion-icon-closed\"><i class=\"fas fa-plus\"><\/i><\/span>\n\t\t\t\t\t\t\t\t<span class=\"elementor-accordion-icon-opened\"><i class=\"fas fa-minus\"><\/i><\/span>\n\t\t\t\t\t\t\t\t\t\t\t\t\t\t<\/span>\n\t\t\t\t\t\t\t\t\t\t\t\t<a class=\"elementor-accordion-title\" tabindex=\"0\">PREST\u0102RI SERVICII<\/a>\n\t\t\t\t\t<\/div>\n\t\t\t\t\t<div id=\"elementor-tab-content-8483\" class=\"elementor-tab-content elementor-clearfix\" data-tab=\"3\" role=\"region\" aria-labelledby=\"elementor-tab-title-8483\"><\/div>\n\t\t\t\t<\/div>\n\t\t\t\t\t\t\t\t<\/div>\n\t\t\t\t<\/div>\n\t\t\t\t<\/div>\n\t\t\t\t\t<\/div>\n\t\t<\/div>\n\t\t\t\t\t<\/div>\n\t\t<\/section>\n\t\t\t\t<\/div>\n\t\t","protected":false},"excerpt":{"rendered":"<p>INDUSTRIE Orientarea economiei localit\u0103\u0163ii C\u0103lan spre o dezvoltare durabil\u0103 \u00een concordan\u0163\u0103 cu interesele na\u0163ionale impune implicarea profund\u0103 \u00een acest proces, a industriei, aceasta av\u00e2nd o contribu\u0163ie major\u0103 \u00een atingerea obiectivelor&hellip;<\/p>\n","protected":false},"author":1,"featured_media":0,"parent":0,"menu_order":0,"comment_status":"closed","ping_status":"closed","template":"","meta":{"_acf_changed":false,"footnotes":""},"folder":[],"acf":[],"_links":{"self":[{"href":"https:\/\/www.primariacalan.ro\/index.php?rest_route=\/wp\/v2\/pages\/1629"}],"collection":[{"href":"https:\/\/www.primariacalan.ro\/index.php?rest_route=\/wp\/v2\/pages"}],"about":[{"href":"https:\/\/www.primariacalan.ro\/index.php?rest_route=\/wp\/v2\/types\/page"}],"author":[{"embeddable":true,"href":"https:\/\/www.primariacalan.ro\/index.php?rest_route=\/wp\/v2\/users\/1"}],"replies":[{"embeddable":true,"href":"https:\/\/www.primariacalan.ro\/index.php?rest_route=%2Fwp%2Fv2%2Fcomments&post=1629"}],"version-history":[{"count":7,"href":"https:\/\/www.primariacalan.ro\/index.php?rest_route=\/wp\/v2\/pages\/1629\/revisions"}],"predecessor-version":[{"id":2938,"href":"https:\/\/www.primariacalan.ro\/index.php?rest_route=\/wp\/v2\/pages\/1629\/revisions\/2938"}],"wp:attachment":[{"href":"https:\/\/www.primariacalan.ro\/index.php?rest_route=%2Fwp%2Fv2%2Fmedia&parent=1629"}],"wp:term":[{"taxonomy":"folder","embeddable":true,"href":"https:\/\/www.primariacalan.ro\/index.php?rest_route=%2Fwp%2Fv2%2Ffolder&post=1629"}],"curies":[{"name":"wp","href":"https:\/\/api.w.org\/{rel}","templated":true}]}}