{"id":1623,"date":"2022-02-02T10:24:53","date_gmt":"2022-02-02T08:24:53","guid":{"rendered":"https:\/\/www.primariacalan.ro\/?page_id=1623"},"modified":"2022-02-02T18:16:56","modified_gmt":"2022-02-02T16:16:56","slug":"sport-si-agrement","status":"publish","type":"page","link":"https:\/\/www.primariacalan.ro\/?page_id=1623","title":{"rendered":"SPORT \u0219i AGREMENT"},"content":{"rendered":"\t\t<div data-elementor-type=\"wp-page\" data-elementor-id=\"1623\" class=\"elementor elementor-1623\">\n\t\t\t\t\t\t<section class=\"elementor-section elementor-top-section elementor-element elementor-element-5546757 elementor-section-boxed elementor-section-height-default elementor-section-height-default\" data-id=\"5546757\" data-element_type=\"section\">\n\t\t\t\t\t\t<div class=\"elementor-container elementor-column-gap-default\">\n\t\t\t\t\t<div class=\"elementor-column elementor-col-100 elementor-top-column elementor-element elementor-element-7c0b583\" data-id=\"7c0b583\" data-element_type=\"column\">\n\t\t\t<div class=\"elementor-widget-wrap elementor-element-populated\">\n\t\t\t\t\t\t<div class=\"elementor-element elementor-element-ad83e53 elementor-widget elementor-widget-text-editor\" data-id=\"ad83e53\" data-element_type=\"widget\" data-widget_type=\"text-editor.default\">\n\t\t\t\t<div class=\"elementor-widget-container\">\n\t\t\t<style>\/*! elementor - v3.21.0 - 26-05-2024 *\/\n.elementor-widget-text-editor.elementor-drop-cap-view-stacked .elementor-drop-cap{background-color:#69727d;color:#fff}.elementor-widget-text-editor.elementor-drop-cap-view-framed .elementor-drop-cap{color:#69727d;border:3px solid;background-color:transparent}.elementor-widget-text-editor:not(.elementor-drop-cap-view-default) .elementor-drop-cap{margin-top:8px}.elementor-widget-text-editor:not(.elementor-drop-cap-view-default) .elementor-drop-cap-letter{width:1em;height:1em}.elementor-widget-text-editor .elementor-drop-cap{float:left;text-align:center;line-height:1;font-size:50px}.elementor-widget-text-editor .elementor-drop-cap-letter{display:inline-block}<\/style>\t\t\t\t<p align=\"justify\"><strong>BAZE SPORTIVE<\/strong><br \/><br \/>Baza Sportiv\u0103 \u201eVictoria\u201d compus din:<br \/>&#8211; Teren de fotbal cu tribune din beton f\u0103r\u0103 scaune<br \/>&#8211; Pista de atletism \u020bn jurul terenului<br \/>&#8211; Vestiare modernizate <br \/>&#8211; Teren de antrenament<br \/>&#8211; 2 Terenuri sintetice cu nocturn\u0103 pentru fotbal \u0219i tenis de c\u00e2mp<br \/>&#8211; Un teren sintetic la Liceul industrial C\u0103lan pe care se pot desf\u0103\u0219ura activita\u021bi sportive ( fotbal, handbal, baschet, volei, tenis de c\u00e2mp)<br \/>&#8211; Un teren sintetic la \u015ecoala General\u0103 C\u0103lan pe care se pot desf\u0103\u0219ura activita\u021bi sportive ( fotbal, handbal, baschet, volei, tenis de c\u00e2mp)<br \/>&#8211; Un teren de minifotbal \u0219i tenis asfaltat \u0219i \u00eengr\u0103dit la intersec\u021bia str. Policlinicii cu str. Independen\u021bei<br \/>&#8211; Teren de fotbal \u020bn satele: Batiz, Strei, N\u0103d\u0103\u0219tia de Sus, Ohaba Streiului, Strei S\u0103cel, Streis\u00e2ngeorgiu, Grid<br \/><br \/><strong>PARCURI &#8211; ZONE VERZI<\/strong><br \/><br \/>Ora\u0219ul C\u0103lan de\u021bine numeroase parcuri, care se \u020bntind pe o suprafa\u021b\u0103 de 110.000 m\u00b2 . Aceste parcuri sunt prezentate \u020bn tabelul de mai jos:<\/p><table width=\"626\" cellspacing=\"0\" cellpadding=\"7\"><tbody><tr><td width=\"41\"><p align=\"center\">Nr. crt.<\/p><\/td><td width=\"347\"><p align=\"center\">Denumire<\/p><\/td><td width=\"194\"><p align=\"center\">Suprafa\u021ba tratat\u0103 mp<\/p><\/td><\/tr><tr valign=\"top\"><td width=\"41\"><p align=\"center\">1.<\/p><\/td><td width=\"347\"><p align=\"justify\">Parc intrare Ora\u0219ul Nou<\/p><\/td><td width=\"194\"><p align=\"center\">4000<\/p><\/td><\/tr><tr valign=\"top\"><td width=\"41\"><p align=\"center\">2.<\/p><\/td><td width=\"347\"><p align=\"justify\">Parc Casa de Cultur\u0103<\/p><\/td><td width=\"194\"><p align=\"center\">6000<\/p><\/td><\/tr><tr valign=\"top\"><td width=\"41\"><p align=\"center\">3.<\/p><\/td><td width=\"347\"><p align=\"justify\">Parc \u015ecoala General\u0103<\/p><\/td><td width=\"194\"><p align=\"center\">2000<\/p><\/td><\/tr><tr valign=\"top\"><td width=\"41\"><p align=\"center\">4.<\/p><\/td><td width=\"347\"><p align=\"justify\">Parc Strada Pie\u021bii<\/p><\/td><td width=\"194\"><p align=\"center\">8000<\/p><\/td><\/tr><tr valign=\"top\"><td width=\"41\"><p align=\"center\">5.<\/p><\/td><td width=\"347\"><p align=\"justify\">Parc spre Valea S\u00e2ngiorgiului<\/p><\/td><td width=\"194\"><p align=\"center\">2400<\/p><\/td><\/tr><tr valign=\"top\"><td width=\"41\"><p align=\"center\">6.<\/p><\/td><td width=\"347\"><p align=\"justify\">Parc ANL<\/p><\/td><td width=\"194\"><p align=\"center\">2000<\/p><\/td><\/tr><tr valign=\"top\"><td width=\"41\"><p align=\"center\">7.<\/p><\/td><td width=\"347\"><p align=\"justify\">Parc Ovid Densusianu 1-3<\/p><\/td><td width=\"194\"><p align=\"center\">6000<\/p><\/td><\/tr><tr valign=\"top\"><td width=\"41\"><p align=\"center\">8.<\/p><\/td><td width=\"347\"><p align=\"justify\">Parc Castel<\/p><\/td><td width=\"194\"><p align=\"center\">2700<\/p><\/td><\/tr><tr valign=\"top\"><td width=\"41\"><p align=\"center\">9.<\/p><\/td><td width=\"347\"><p align=\"justify\">Parc P-ta Libert\u0103\u021bii<\/p><\/td><td width=\"194\"><p align=\"center\">2300<\/p><\/td><\/tr><tr valign=\"top\"><td width=\"41\"><p align=\"center\">10.<\/p><\/td><td width=\"347\"><p align=\"justify\">Parc Unirii<\/p><\/td><td width=\"194\"><p align=\"center\">1800<\/p><\/td><\/tr><tr valign=\"top\"><td width=\"41\"><p align=\"center\">11.<\/p><\/td><td width=\"347\"><p align=\"justify\">Parc Ovid Densu\u0219ianu 4<\/p><\/td><td width=\"194\"><p align=\"center\">500<\/p><\/td><\/tr><tr valign=\"top\"><td width=\"41\"><p align=\"center\">12.<\/p><\/td><td width=\"347\"><p align=\"justify\">Aliniament Str. Ovid Densu\u0219ianu<\/p><\/td><td width=\"194\"><p align=\"center\">860<\/p><\/td><\/tr><tr valign=\"top\"><td width=\"41\"><p align=\"center\">13.<\/p><\/td><td width=\"347\"><p align=\"justify\">Aliniament Str. Independen\u021bei<\/p><\/td><td width=\"194\"><p align=\"center\">2100<\/p><\/td><\/tr><tr valign=\"top\"><td width=\"41\"><p align=\"center\">14.<\/p><\/td><td width=\"347\"><p align=\"justify\">Aliniament Str. Pie\u021bii<\/p><\/td><td width=\"194\"><p align=\"center\">860<\/p><\/td><\/tr><tr valign=\"top\"><td width=\"41\"><p align=\"center\">15.<\/p><\/td><td width=\"347\"><p align=\"justify\">Aliniament Str. M. Eminescu<\/p><\/td><td width=\"194\"><p align=\"center\">1000<\/p><\/td><\/tr><tr valign=\"top\"><td width=\"41\"><p align=\"center\">16.<\/p><\/td><td width=\"347\"><p align=\"justify\">Aliniament str. Policlinicii<\/p><\/td><td width=\"194\"><p align=\"center\">960<\/p><\/td><\/tr><tr valign=\"top\"><td width=\"41\"><p align=\"center\">17.<\/p><\/td><td width=\"347\"><p align=\"justify\">Aliniament Str. Aleea \u015ecolii<\/p><\/td><td width=\"194\"><p align=\"center\">500<\/p><\/td><\/tr><tr valign=\"top\"><td width=\"41\"><p align=\"center\">18.<\/p><\/td><td width=\"347\"><p align=\"justify\">Aliniament Str. Florilor<\/p><\/td><td width=\"194\"><p align=\"center\">1160<\/p><\/td><\/tr><tr valign=\"top\"><td width=\"41\"><p align=\"center\">19.<\/p><\/td><td width=\"347\"><p align=\"justify\">Aliniament Str. Unirii<\/p><\/td><td width=\"194\"><p align=\"center\">440<\/p><\/td><\/tr><tr valign=\"top\"><td width=\"41\"><p align=\"center\">20.<\/p><\/td><td width=\"347\"><p align=\"justify\">Aliniament Str. Bradului<\/p><\/td><td width=\"194\"><p align=\"center\">650<\/p><\/td><\/tr><tr valign=\"top\"><td width=\"41\"><p align=\"center\">21.<\/p><\/td><td width=\"347\"><p align=\"justify\">Aliniament Str. L. Blaga<\/p><\/td><td width=\"194\"><p align=\"center\">500<\/p><\/td><\/tr><tr valign=\"top\"><td width=\"41\"><p align=\"center\">22.<\/p><\/td><td width=\"347\"><p align=\"justify\">Aliniament zone verzi dintre blocuri \u0219i terenuri de sport<\/p><\/td><td width=\"194\"><p align=\"center\">63270<\/p><\/td><\/tr><tr valign=\"top\"><td width=\"41\">\u00a0<\/td><td width=\"347\"><p align=\"center\">Suprafa\u021b\u0103 total\u0103<\/p><\/td><td width=\"194\"><p align=\"center\">110000<\/p><\/td><\/tr><\/tbody><\/table><p align=\"justify\"><strong>Locuri de joac\u0103 pentru copii<\/strong><br \/><br \/>Pe raza ora\u0219ului C\u0103lan, dar \u0219i \u020bn majoritatea satelor apar\u021bin\u0103toare, exist\u0103 spa\u021bii special amenajate pentru copii, unde ace\u0219tia i\u0219i pot petrece timpul liber.<\/p>\t\t\t\t\t\t<\/div>\n\t\t\t\t<\/div>\n\t\t\t\t\t<\/div>\n\t\t<\/div>\n\t\t\t\t\t<\/div>\n\t\t<\/section>\n\t\t\t\t<\/div>\n\t\t","protected":false},"excerpt":{"rendered":"<p>BAZE SPORTIVE Baza Sportiv\u0103 \u201eVictoria\u201d compus din:&#8211; Teren de fotbal cu tribune din beton f\u0103r\u0103 scaune&#8211; Pista de atletism \u020bn jurul terenului&#8211; Vestiare modernizate &#8211; Teren de antrenament&#8211; 2 Terenuri&hellip;<\/p>\n","protected":false},"author":1,"featured_media":0,"parent":0,"menu_order":0,"comment_status":"closed","ping_status":"closed","template":"","meta":{"_acf_changed":false,"footnotes":""},"folder":[],"acf":[],"_links":{"self":[{"href":"https:\/\/www.primariacalan.ro\/index.php?rest_route=\/wp\/v2\/pages\/1623"}],"collection":[{"href":"https:\/\/www.primariacalan.ro\/index.php?rest_route=\/wp\/v2\/pages"}],"about":[{"href":"https:\/\/www.primariacalan.ro\/index.php?rest_route=\/wp\/v2\/types\/page"}],"author":[{"embeddable":true,"href":"https:\/\/www.primariacalan.ro\/index.php?rest_route=\/wp\/v2\/users\/1"}],"replies":[{"embeddable":true,"href":"https:\/\/www.primariacalan.ro\/index.php?rest_route=%2Fwp%2Fv2%2Fcomments&post=1623"}],"version-history":[{"count":4,"href":"https:\/\/www.primariacalan.ro\/index.php?rest_route=\/wp\/v2\/pages\/1623\/revisions"}],"predecessor-version":[{"id":1787,"href":"https:\/\/www.primariacalan.ro\/index.php?rest_route=\/wp\/v2\/pages\/1623\/revisions\/1787"}],"wp:attachment":[{"href":"https:\/\/www.primariacalan.ro\/index.php?rest_route=%2Fwp%2Fv2%2Fmedia&parent=1623"}],"wp:term":[{"taxonomy":"folder","embeddable":true,"href":"https:\/\/www.primariacalan.ro\/index.php?rest_route=%2Fwp%2Fv2%2Ffolder&post=1623"}],"curies":[{"name":"wp","href":"https:\/\/api.w.org\/{rel}","templated":true}]}}