{"id":1491,"date":"2022-01-31T19:10:23","date_gmt":"2022-01-31T17:10:23","guid":{"rendered":"https:\/\/www.primariacalan.ro\/?page_id=1491"},"modified":"2022-09-21T12:27:47","modified_gmt":"2022-09-21T09:27:47","slug":"fond-locativ","status":"publish","type":"page","link":"https:\/\/www.primariacalan.ro\/?page_id=1491","title":{"rendered":"FOND LOCATIV"},"content":{"rendered":"\t\t<div data-elementor-type=\"wp-page\" data-elementor-id=\"1491\" class=\"elementor elementor-1491\">\n\t\t\t\t\t\t<section class=\"elementor-section elementor-top-section elementor-element elementor-element-cb0fb58 elementor-section-boxed elementor-section-height-default elementor-section-height-default\" data-id=\"cb0fb58\" data-element_type=\"section\">\n\t\t\t\t\t\t<div class=\"elementor-container elementor-column-gap-default\">\n\t\t\t\t\t<div class=\"elementor-column elementor-col-100 elementor-top-column elementor-element elementor-element-d20aa7b\" data-id=\"d20aa7b\" data-element_type=\"column\">\n\t\t\t<div class=\"elementor-widget-wrap elementor-element-populated\">\n\t\t\t\t\t\t<div class=\"elementor-element elementor-element-2d8c69a elementor-tabs-view-vertical elementor-widget elementor-widget-tabs\" data-id=\"2d8c69a\" data-element_type=\"widget\" data-widget_type=\"tabs.default\">\n\t\t\t\t<div class=\"elementor-widget-container\">\n\t\t\t<style>\/*! elementor - v3.21.0 - 26-05-2024 *\/\n.elementor-widget-tabs.elementor-tabs-view-vertical .elementor-tabs-wrapper{width:25%;flex-shrink:0}.elementor-widget-tabs.elementor-tabs-view-vertical .elementor-tab-desktop-title.elementor-active{border-inline-end-style:none}.elementor-widget-tabs.elementor-tabs-view-vertical .elementor-tab-desktop-title.elementor-active:after,.elementor-widget-tabs.elementor-tabs-view-vertical .elementor-tab-desktop-title.elementor-active:before{height:999em;width:0;right:0;border-inline-end-style:solid}.elementor-widget-tabs.elementor-tabs-view-vertical .elementor-tab-desktop-title.elementor-active:before{top:0;transform:translateY(-100%)}.elementor-widget-tabs.elementor-tabs-view-vertical .elementor-tab-desktop-title.elementor-active:after{top:100%}.elementor-widget-tabs.elementor-tabs-view-horizontal .elementor-tab-desktop-title{display:table-cell}.elementor-widget-tabs.elementor-tabs-view-horizontal .elementor-tab-desktop-title.elementor-active{border-bottom-style:none}.elementor-widget-tabs.elementor-tabs-view-horizontal .elementor-tab-desktop-title.elementor-active:after,.elementor-widget-tabs.elementor-tabs-view-horizontal .elementor-tab-desktop-title.elementor-active:before{bottom:0;height:0;width:999em;border-bottom-style:solid}.elementor-widget-tabs.elementor-tabs-view-horizontal .elementor-tab-desktop-title.elementor-active:before{right:100%}.elementor-widget-tabs.elementor-tabs-view-horizontal .elementor-tab-desktop-title.elementor-active:after{left:100%}.elementor-widget-tabs .elementor-tab-content,.elementor-widget-tabs .elementor-tab-title,.elementor-widget-tabs .elementor-tab-title:after,.elementor-widget-tabs .elementor-tab-title:before,.elementor-widget-tabs .elementor-tabs-content-wrapper{border:1px #d5d8dc}.elementor-widget-tabs .elementor-tabs{text-align:start}.elementor-widget-tabs .elementor-tabs-wrapper{overflow:hidden}.elementor-widget-tabs .elementor-tab-title{cursor:pointer;outline:var(--focus-outline,none)}.elementor-widget-tabs .elementor-tab-desktop-title{position:relative;padding:20px 25px;font-weight:700;line-height:1;border:solid transparent}.elementor-widget-tabs .elementor-tab-desktop-title.elementor-active{border-color:#d5d8dc}.elementor-widget-tabs .elementor-tab-desktop-title.elementor-active:after,.elementor-widget-tabs .elementor-tab-desktop-title.elementor-active:before{display:block;content:\"\";position:absolute}.elementor-widget-tabs .elementor-tab-desktop-title:focus-visible{border:1px solid #000}.elementor-widget-tabs .elementor-tab-mobile-title{padding:10px;cursor:pointer}.elementor-widget-tabs .elementor-tab-content{padding:20px;display:none}@media (max-width:767px){.elementor-tabs .elementor-tab-content,.elementor-tabs .elementor-tab-title{border-style:solid solid none}.elementor-tabs .elementor-tabs-wrapper{display:none}.elementor-tabs .elementor-tabs-content-wrapper{border-bottom-style:solid}.elementor-tabs .elementor-tab-content{padding:10px}}@media (min-width:768px){.elementor-widget-tabs.elementor-tabs-view-vertical .elementor-tabs{display:flex}.elementor-widget-tabs.elementor-tabs-view-vertical .elementor-tabs-wrapper{flex-direction:column}.elementor-widget-tabs.elementor-tabs-view-vertical .elementor-tabs-content-wrapper{flex-grow:1;border-style:solid solid solid none}.elementor-widget-tabs.elementor-tabs-view-horizontal .elementor-tab-content{border-style:none solid solid}.elementor-widget-tabs.elementor-tabs-alignment-center .elementor-tabs-wrapper,.elementor-widget-tabs.elementor-tabs-alignment-end .elementor-tabs-wrapper,.elementor-widget-tabs.elementor-tabs-alignment-stretch .elementor-tabs-wrapper{display:flex}.elementor-widget-tabs.elementor-tabs-alignment-center .elementor-tabs-wrapper{justify-content:center}.elementor-widget-tabs.elementor-tabs-alignment-end .elementor-tabs-wrapper{justify-content:flex-end}.elementor-widget-tabs.elementor-tabs-alignment-stretch.elementor-tabs-view-horizontal .elementor-tab-title{width:100%}.elementor-widget-tabs.elementor-tabs-alignment-stretch.elementor-tabs-view-vertical .elementor-tab-title{height:100%}.elementor-tabs .elementor-tab-mobile-title{display:none}}<\/style>\t\t<div class=\"elementor-tabs\">\n\t\t\t<div class=\"elementor-tabs-wrapper\" role=\"tablist\" >\n\t\t\t\t\t\t\t\t\t<div id=\"elementor-tab-title-4771\" class=\"elementor-tab-title elementor-tab-desktop-title\" aria-selected=\"true\" data-tab=\"1\" role=\"tab\" tabindex=\"0\" aria-controls=\"elementor-tab-content-4771\" aria-expanded=\"false\">Anun\u021buri<\/div>\n\t\t\t\t\t\t\t\t\t<div id=\"elementor-tab-title-4772\" class=\"elementor-tab-title elementor-tab-desktop-title\" aria-selected=\"false\" data-tab=\"2\" role=\"tab\" tabindex=\"-1\" aria-controls=\"elementor-tab-content-4772\" aria-expanded=\"false\">Diverse<\/div>\n\t\t\t\t\t\t\t<\/div>\n\t\t\t<div class=\"elementor-tabs-content-wrapper\" role=\"tablist\" aria-orientation=\"vertical\">\n\t\t\t\t\t\t\t\t\t<div class=\"elementor-tab-title elementor-tab-mobile-title\" aria-selected=\"true\" data-tab=\"1\" role=\"tab\" tabindex=\"0\" aria-controls=\"elementor-tab-content-4771\" aria-expanded=\"false\">Anun\u021buri<\/div>\n\t\t\t\t\t<div id=\"elementor-tab-content-4771\" class=\"elementor-tab-content elementor-clearfix\" data-tab=\"1\" role=\"tabpanel\" aria-labelledby=\"elementor-tab-title-4771\" tabindex=\"0\" hidden=\"false\"><ul><li><span style=\"font-size: 10pt;\"><span style=\"font-size: 10pt;\">Se primesc cereri pentru locuin\u021bele ANL care vor fi construite \u00een Ora\u0219ul C\u0103lan, strada Lucian Blaga. Pentru informa\u021bii \u0219i depunerea cererii \u0219i a documentelor justificative, v\u0103 rug\u0103m adresa\u021bi-v\u0103 la Prim\u0103ria C\u0103lan str. G\u0103rii nr 1. tel 0254730223 email: primariacalan@yahoo.com &#8211; <a href=\"https:\/\/www.primariacalan.ro\/wp-content\/uploads\/2022\/09\/CERERE-LOCUINTA-ANL.docx\">CERERE TIP \u0219i LISTA DOCUMENTELOR<\/a> justificative necesare \u00eentocmirii dosarului \u0219i analiz\u0103rii cererilor \u00een vederea repartiz\u0103rii locuin\u021belor.<\/span><\/span><\/li><li><span style=\"font-size: 10pt;\"><span class=\"d2edcug0 hpfvmrgz qv66sw1b c1et5uql lr9zc1uh gfeo3gy3 a3bd9o3v b1v8xokw m9osqain\"><span class=\"nc684nl6\"><span class=\"j1lvzwm4 stjgntxs ni8dbmo4 q9uorilb gpro0wi8\" aria-labelledby=\"jsc_c_59c\"><b class=\"t5a262vz nc684nl6 ihxqhq3m l94mrbxd aenfhxwr l9j0dhe7 sdhka5h4\"><b class=\"nc684nl6 l94mrbxd l9j0dhe7 sdhka5h4\">21 aprilie 2020 &#8211; <\/b><\/b><\/span>Agen\u021bia Na\u021bional\u0103 pentru Locuin\u021be<\/span><\/span> (ANL) a emis ordinele de \u00eencepere a lucr\u0103rilor pentru realizarea obiectivelor de investi\u021bie situate \u00een localit\u0103\u021bile: Semlac (jud. Arad) \u2013 20 apartamente, C\u0103lan (jud. Hunedoara) \u2013 40 apartamente, Vulcan (jud. Hunedoara) \u2013 33 apartamente, Sebe\u0219 (jud. Alba)- 22 locuin\u021be de serviciu. Proiectele sunt derulate de ANL (institu\u0163ie aflat\u0103 sub autoritatea Ministerului\u00a0Lucr\u0103rilor Publice, Dezvolt\u0103rii \u0219i Administra\u021biei) prin \u201cProgramul de construc\u021bii locuin\u0163e pentru tineri, destinate \u00eenchirierii\u201d \u0219i prin Programul multianual \u201cConstruc\u0163ia de locuin\u0163e de serviciu\u201d.<\/span><\/li><\/ul><\/div>\n\t\t\t\t\t\t\t\t\t<div class=\"elementor-tab-title elementor-tab-mobile-title\" aria-selected=\"false\" data-tab=\"2\" role=\"tab\" tabindex=\"-1\" aria-controls=\"elementor-tab-content-4772\" aria-expanded=\"false\">Diverse<\/div>\n\t\t\t\t\t<div id=\"elementor-tab-content-4772\" class=\"elementor-tab-content elementor-clearfix\" data-tab=\"2\" role=\"tabpanel\" aria-labelledby=\"elementor-tab-title-4772\" tabindex=\"0\" hidden=\"hidden\"><p><a href=\"https:\/\/www.anl.ro\/ro\/locuinte-pentru-tineri\/\">ANEXA 11\u00a0la Normele metodologice aprobate de Hot\u0103r\u00e2rea Guvernului nr. 962\/2001, cu\u00a0complet\u0103rile \u015fi modific\u0103rile ulterioare.\u00a0<strong>CRITERII-CADRU<\/strong>\u00a0pentru stabilirea ordinii de prioritate \u00een solu\u0163ionarea cererilor de locuin\u0163e \u015fi \u00een repartizarea locuin\u0163elor pentru tineri, destinate \u00eenchirierii.<\/a><\/p><p><strong><a href=\"https:\/\/www.anl.ro\/ro\/cerereinscriere\/\">CERERE DE INSCRIERE IN BAZA DE DATE ANL<\/a><\/strong> &#8211; <em>Formularul se completeaz\u0103 numai de c\u0103tre persoanele interesate s\u0103 contracteze o locuin\u021b\u0103 prin credit ipotecar.<\/em><\/p><\/div>\n\t\t\t\t\t\t\t<\/div>\n\t\t<\/div>\n\t\t\t\t<\/div>\n\t\t\t\t<\/div>\n\t\t\t\t\t<\/div>\n\t\t<\/div>\n\t\t\t\t\t<\/div>\n\t\t<\/section>\n\t\t\t\t<\/div>\n\t\t","protected":false},"excerpt":{"rendered":"<p>Anun\u021buri Diverse Anun\u021buri Se primesc cereri pentru locuin\u021bele ANL care vor fi construite \u00een Ora\u0219ul C\u0103lan, strada Lucian Blaga. Pentru informa\u021bii \u0219i depunerea cererii \u0219i a documentelor justificative, v\u0103 rug\u0103m&hellip;<\/p>\n","protected":false},"author":1,"featured_media":0,"parent":0,"menu_order":0,"comment_status":"closed","ping_status":"closed","template":"","meta":{"_acf_changed":false,"footnotes":""},"folder":[],"acf":[],"_links":{"self":[{"href":"https:\/\/www.primariacalan.ro\/index.php?rest_route=\/wp\/v2\/pages\/1491"}],"collection":[{"href":"https:\/\/www.primariacalan.ro\/index.php?rest_route=\/wp\/v2\/pages"}],"about":[{"href":"https:\/\/www.primariacalan.ro\/index.php?rest_route=\/wp\/v2\/types\/page"}],"author":[{"embeddable":true,"href":"https:\/\/www.primariacalan.ro\/index.php?rest_route=\/wp\/v2\/users\/1"}],"replies":[{"embeddable":true,"href":"https:\/\/www.primariacalan.ro\/index.php?rest_route=%2Fwp%2Fv2%2Fcomments&post=1491"}],"version-history":[{"count":16,"href":"https:\/\/www.primariacalan.ro\/index.php?rest_route=\/wp\/v2\/pages\/1491\/revisions"}],"predecessor-version":[{"id":7844,"href":"https:\/\/www.primariacalan.ro\/index.php?rest_route=\/wp\/v2\/pages\/1491\/revisions\/7844"}],"wp:attachment":[{"href":"https:\/\/www.primariacalan.ro\/index.php?rest_route=%2Fwp%2Fv2%2Fmedia&parent=1491"}],"wp:term":[{"taxonomy":"folder","embeddable":true,"href":"https:\/\/www.primariacalan.ro\/index.php?rest_route=%2Fwp%2Fv2%2Ffolder&post=1491"}],"curies":[{"name":"wp","href":"https:\/\/api.w.org\/{rel}","templated":true}]}}