{"id":1476,"date":"2022-01-31T19:03:42","date_gmt":"2022-01-31T17:03:42","guid":{"rendered":"https:\/\/www.primariacalan.ro\/?page_id=1476"},"modified":"2022-02-03T13:04:39","modified_gmt":"2022-02-03T11:04:39","slug":"legislatie-institutie","status":"publish","type":"page","link":"https:\/\/www.primariacalan.ro\/?page_id=1476","title":{"rendered":"LEGISLA\u021aIE INSTITU\u021aIE"},"content":{"rendered":"\t\t<div data-elementor-type=\"wp-page\" data-elementor-id=\"1476\" class=\"elementor elementor-1476\">\n\t\t\t\t\t\t<section class=\"elementor-section elementor-top-section elementor-element elementor-element-9b6bc79 elementor-section-boxed elementor-section-height-default elementor-section-height-default\" data-id=\"9b6bc79\" data-element_type=\"section\">\n\t\t\t\t\t\t<div class=\"elementor-container elementor-column-gap-default\">\n\t\t\t\t\t<div class=\"elementor-column elementor-col-100 elementor-top-column elementor-element elementor-element-4e29f4e\" data-id=\"4e29f4e\" data-element_type=\"column\">\n\t\t\t<div class=\"elementor-widget-wrap elementor-element-populated\">\n\t\t\t\t\t\t<div class=\"elementor-element elementor-element-b1b096b elementor-widget elementor-widget-text-editor\" data-id=\"b1b096b\" data-element_type=\"widget\" data-widget_type=\"text-editor.default\">\n\t\t\t\t<div class=\"elementor-widget-container\">\n\t\t\t<style>\/*! elementor - v3.21.0 - 26-05-2024 *\/\n.elementor-widget-text-editor.elementor-drop-cap-view-stacked .elementor-drop-cap{background-color:#69727d;color:#fff}.elementor-widget-text-editor.elementor-drop-cap-view-framed .elementor-drop-cap{color:#69727d;border:3px solid;background-color:transparent}.elementor-widget-text-editor:not(.elementor-drop-cap-view-default) .elementor-drop-cap{margin-top:8px}.elementor-widget-text-editor:not(.elementor-drop-cap-view-default) .elementor-drop-cap-letter{width:1em;height:1em}.elementor-widget-text-editor .elementor-drop-cap{float:left;text-align:center;line-height:1;font-size:50px}.elementor-widget-text-editor .elementor-drop-cap-letter{display:inline-block}<\/style>\t\t\t\t<p><strong>&#8211; <a role=\"link\" href=\"http:\/\/legislatie.just.ro\/Public\/DetaliiDocument\/1413\" data-raofz=\"14\">Constitu\u021bia Rom\u00e2niei<\/a><\/strong><br \/><strong><a role=\"link\" href=\"http:\/\/legislatie.just.ro\/Public\/DetaliiDocument\/236378#A4524\" data-raofz=\"14\">&#8211; Ordonan\u021ba de Urgen\u021b\u0103 a Guvernului nr. 57\/2019 privind Codul administrativ<\/a><\/strong><br \/><strong><a role=\"link\" href=\"http:\/\/legislatie.just.ro\/Public\/DetaliiDocumentAfis\/31413#id_artA15\" data-raofz=\"14\">&#8211; Legea nr 544\/2001 privind liberul acces la informa\u021biile de interes public<\/a><\/strong><br \/><strong><a role=\"link\" href=\"http:\/\/legislatie.just.ro\/Public\/DetaliiDocument\/34416#?\" data-raofz=\"14\">&#8211; Hot\u0103r\u00e2rea Guvernului nr. 123\/2002 pentru aprobarea Normelor metodologice de aplicare a Legii nr. 544\/2001 privind liberul acces la informa\u0163iile de interes public<\/a><\/strong><br \/><strong><a role=\"link\" href=\"http:\/\/legislatie.just.ro\/Public\/DetaliiDocument\/41571\" data-raofz=\"14\">&#8211; Legea nr. 52\/2003 privind transparen\u0163a decizional\u0103 \u00een administra\u0163ia public\u0103<\/a><\/strong><br \/><strong><a role=\"link\" href=\"http:\/\/legislatie.just.ro\/Public\/DetaliiDocument\/33817#id_artA30\" data-raofz=\"14\">&#8211; Ordonan\u021ba Guvernului nr. 27\/2002 privind reglementarea activit\u0103\u0163ii de solu\u0163ionare a peti\u0163iilor<\/a><\/strong><br \/><a href=\"http:\/\/www.cdep.ro\/pls\/legis\/legis_pck.htp_act_text?idt=21103\"><strong>&#8211; Legea 189\/1999-republicat\u0103, privind exercitarea intia\u021bivei legislative de c\u0103tre cet\u0103\u021beni <\/strong><\/a><br \/><a href=\"https:\/\/www.mmanpis.ro\/wp-content\/uploads\/2019\/03\/L-554-2004-v.pdf\"><strong>&#8211; Legea 554\/2004 privind contenciosul administrativ<\/strong><\/a><br \/><a href=\"http:\/\/www.imm.gov.ro\/adaugare_fisiere_imm\/2018\/11\/O.U.G._27_2003_Aprobare_tacita.pdf\"><strong>&#8211; Ordonan\u021ba de urgen\u021b\u0103 27\/2003- modificat\u0103, privind aprobarea tacit\u0103<\/strong><\/a><br \/><a href=\"https:\/\/stbsa.ro\/docpdf\/LEGE%2051.pdf\"><strong>&#8211; Legea 51\/2006-republicat\u0103, privind serviciile comunitare de utilit\u0103\u021bi publice <\/strong><\/a><br \/><a href=\"https:\/\/www.utgjiu.ro\/docs\/inf_publice\/hg_17232004_relatii_cu_publicul.pdf\"><strong>&#8211; Hot\u0103r\u00e2rea 1723\/2004 privind aprobarea Programului de m\u0103suri pentru combaterea birocra\u0163iei \u00een activitatea de rela\u0163ii cu publicul<\/strong><\/a><br \/><a href=\"http:\/\/www.cdep.ro\/pls\/legis\/legis_pck.htp_act?ida=1333\"><strong>&#8211; Legea 61\/1991-republicat\u0103, pentru sanc\u0163ionarea faptelor de \u00eenc\u0103lcare a unor norme de convie\u0163uire social\u0103, a ordinii \u015fi lini\u015ftii publice<\/strong><\/a><br \/><a href=\"https:\/\/administrare.ro\/download\/legi\/Legea_114_1996_republicata_Legea%20locuintei.pdf\"><strong>&#8211; Legea 114\/1996-modificat\u0103 si completat\u0103, &#8211; Legea locuin\u021bei<\/strong><\/a><br \/><a href=\"http:\/\/www.cdep.ro\/pls\/legis\/legis_pck.htp_act_text?idt=39837\"><strong>&#8211; Legea 15\/2003 privind sprijinul acordat tinerilor pentru construirea unei locuin\u0163e proprietate personal\u0103<\/strong><\/a><br \/><a href=\"https:\/\/www.madr.ro\/docs\/agricultura\/fond-funciar\/2020\/LEGEA-fondului-funciar-nr.pdf\"><strong>&#8211; Legea 18\/1991-republicat\u0103, &#8211; Legea fondului funciar<\/strong><\/a><br \/><a href=\"http:\/\/www.ocpibn.ro\/documente\/legi\/Lege_nr_1_2000.html\"><strong>&#8211; Legea 1\/2000 pentru reconstituirea dreptului de proprietate asupra terenurilor agricole \u015fi celor forestiere, solicitate potrivit prevederilor Leqii fondului funciar nr. 18\/1991 \u015fi ale Leqii nr. 169\/1997<\/strong><\/a><br \/><a href=\"http:\/\/www.cdep.ro\/pls\/legis\/legis_pck.htp_act?ida=58107\"><strong>&#8211; Legea 247\/2005 privind reforma \u00een domeniiie propriet\u0103\u0163ii \u015fi justi\u0163iei, precum \u015fi unele m\u0103suri adiacente*<\/strong><\/a><br \/><a href=\"http:\/\/www.mmanpis.ro\/wp-content\/uploads\/2016\/07\/Legea-416-2001.pdf\"><strong>&#8211; Legea 416\/2001 privind venitul minim garantat<\/strong><\/a><br \/><a href=\"https:\/\/www.mmanpis.ro\/wp-content\/uploads\/2020\/02\/L-448-2006.pdf\"><strong>&#8211; Legea 448\/2006-republicat\u0103, privind protec\u0163ia \u015fi promovarea drepturilor persoanelor cu handicap<\/strong><\/a><br \/><a href=\"http:\/\/sgglegis.gov.ro\/legislativ\/docs\/2016\/04\/hbc1g04dz9r63fmjy5t_.pdf\"><strong>&#8211; Legea 350\/2006- Legea tinerilor<\/strong><\/a><br \/><a href=\"https:\/\/www.isc.gov.ro\/files\/2020\/Legislatie\/Lege%2050%201991%28r2%29.pdf\"><strong>&#8211; Legea 50\/1991-republicat\u0103 privind autorizarea execut\u0103rii lucr\u0103rilor de construc\u0163ii<\/strong><\/a><br \/><a href=\"http:\/\/www.onrc.ro\/documente\/legislatie\/OUG_Nr_44_2008.pdf\"><strong>&#8211; Ordonan\u021ba de Urgen\u021b\u0103 44\/2008 privind desf\u0103\u015furarea activit\u0103\u0163ilor economice de c\u0103tre persoanele fizice autorizate, \u00eentreprinderile individuale \u015fi \u00eentreprinderile familiale<\/strong><\/a><br \/><a href=\"http:\/\/www.dpfbl.mdrap.ro\/legislatie\/Legea_273_din_2006.pdf\"><strong>&#8211; Legea 273\/2006 privind finan\u021bele publice locale<\/strong><\/a><br \/><a href=\"https:\/\/www.iprotectiamuncii.ro\/legi\/codul-muncii.pdf\"><strong>&#8211; Legea 53, Codul Muncii<\/strong><\/a><br \/><a href=\"https:\/\/edirect.e-guvernare.ro\/Uploads\/Legi\/35338\/oug_99_2000.pdf\"><strong>&#8211; OUG 99\/2000 privind comercializarea produselor \u0219i serviciilor de pia\u021b\u0103, cu modific\u0103rile \u0219i complet\u0103rile ulterioare<\/strong><\/a><br \/><a href=\"http:\/\/www.afer.ro\/legislatie_nationala\/Lege%20nr.%2024%20din%202000.pdf\"><strong>&#8211; Legea 24\/2000 privind normele de tehnic\u0103 legislativ\u0103, cu modific\u0103rile \u0219i complet\u0103rile ulterioare<\/strong><\/a><br \/><a href=\"http:\/\/arhivelenationale.ro\/site\/download\/acte_normative\/Arhivelor_Nationale_nr_161996.pdf\"><strong>&#8211; Legea 16\/1996-a Arhivelor Na\u021bionale<\/strong><\/a><br \/><a href=\"https:\/\/parlamentare2016.bec.ro\/wp-content\/uploads\/2016\/09\/Lege-161-2003.pdf\"><strong>&#8211; Legea 161\/2003 privind unele m\u0103suri pentru asigurarea transparen\u021bei \u00een exercitarea demnit\u0103\u021bii publice, a func\u021biilor publice \u0219i in domeniul de afaceri, prevenirea si sanc\u021bionarea corup\u021biei<\/strong><\/a><br \/><a href=\"http:\/\/www.cdep.ro\/pls\/legis\/legis_pck.htp_act_text?idt=11641\"><strong>&#8211; Legea 60\/1991 privind organizarea \u0219i desf\u0103\u0219urarea adun\u0103rilor publice<\/strong><\/a><br \/><a href=\"https:\/\/www.aca.org.ro\/content\/media\/pagini\/OG%2028-2008%20registrul%20agricol.pdf\"><strong>&#8211; OG 28\/2008, privind registrul agricol, consolidat\u0103 \u00een 2009 <\/strong><\/a><br \/><a href=\"https:\/\/mmuncii.ro\/j33\/images\/Documente\/Legislatie\/Assistenta-sociala-2018\/Legea_asistentei_sociale_18012018.pdf\"><strong>&#8211; Legea asisten\u021bei sociale- nr 292\/2011<\/strong><\/a><br \/><a href=\"https:\/\/mmuncii.ro\/j33\/images\/Documente\/Legislatie\/Assistenta-sociala-2018\/Legea_17_2000_la_18-01-2018.pdf\"><strong>&#8211; Legea 17\/2000 privind asisten\u021ba persoanelor v\u00e2rstnice<\/strong><\/a><br \/><a href=\"http:\/\/www.mmuncii.ro\/j33\/images\/Documente\/Legislatie\/L272-2004-R.pdf\"><strong>&#8211; Legea 272\/2004 privind protec\u021bia si promovarea drepturilor copilului actualizata <\/strong><\/a><br \/><a href=\"https:\/\/anes.gov.ro\/wp-content\/uploads\/2018\/10\/Legea-217-din-2003.pdf\"><strong>&#8211; Legea 217\/2003 republicat\u0103, privind prevenirea si combaterea violen\u021bei in familie<\/strong><\/a><br \/><a href=\"http:\/\/www.mmuncii.ro\/j33\/images\/Documente\/Familie\/2017\/20171020_Lege_61-1993_republicata.pdf\"><strong>&#8211; Legea 60\/1993, republicat\u0103, aloca\u021bia de stat pentru copii<\/strong><\/a><br \/><a href=\"https:\/\/www.mmanpis.ro\/wp-content\/uploads\/2020\/02\/L-277-2010.pdf\"><strong>&#8211; Legea 277\/2010 privind aloca\u021bia pentru sustinerea familiei, actualizat\u0103<\/strong><\/a><br \/><a href=\"https:\/\/www.snppc.ro\/uploads\/fisiere\/articole\/OUG-148-2005.pdf\"><strong>&#8211; OUG 148\/2005 privind sus\u021binerea familiei \u00een vederea cre\u0219terii copilului, actualizat\u0103<\/strong><\/a><br \/><a href=\"https:\/\/www.primariacalan.ro\/?page_id=690\"><strong>&#8211; Hot\u0103r\u00e2ri ale Consiliului Local C\u0103lan<\/strong><\/a><\/p><p style=\"text-align: center;\"><strong><span style=\"text-decoration: underline; color: #339966;\">\u00cen cazul \u00een care folosi\u021bi pentru informare documente ata\u0219ate prin leg\u0103turile introduse \u00een enumerarea de mai sus, v\u0103 rug\u0103m asigura\u021bi-v\u0103 c\u0103 documentele consultate sunt actualizate la zi.<\/span><\/strong><\/p>\t\t\t\t\t\t<\/div>\n\t\t\t\t<\/div>\n\t\t\t\t\t<\/div>\n\t\t<\/div>\n\t\t\t\t\t<\/div>\n\t\t<\/section>\n\t\t\t\t<\/div>\n\t\t","protected":false},"excerpt":{"rendered":"<p>&#8211; Constitu\u021bia Rom\u00e2niei&#8211; Ordonan\u021ba de Urgen\u021b\u0103 a Guvernului nr. 57\/2019 privind Codul administrativ&#8211; Legea nr 544\/2001 privind liberul acces la informa\u021biile de interes public&#8211; Hot\u0103r\u00e2rea Guvernului nr. 123\/2002 pentru aprobarea&hellip;<\/p>\n","protected":false},"author":1,"featured_media":0,"parent":0,"menu_order":0,"comment_status":"closed","ping_status":"closed","template":"","meta":{"_acf_changed":false,"footnotes":""},"folder":[],"acf":[],"_links":{"self":[{"href":"https:\/\/www.primariacalan.ro\/index.php?rest_route=\/wp\/v2\/pages\/1476"}],"collection":[{"href":"https:\/\/www.primariacalan.ro\/index.php?rest_route=\/wp\/v2\/pages"}],"about":[{"href":"https:\/\/www.primariacalan.ro\/index.php?rest_route=\/wp\/v2\/types\/page"}],"author":[{"embeddable":true,"href":"https:\/\/www.primariacalan.ro\/index.php?rest_route=\/wp\/v2\/users\/1"}],"replies":[{"embeddable":true,"href":"https:\/\/www.primariacalan.ro\/index.php?rest_route=%2Fwp%2Fv2%2Fcomments&post=1476"}],"version-history":[{"count":40,"href":"https:\/\/www.primariacalan.ro\/index.php?rest_route=\/wp\/v2\/pages\/1476\/revisions"}],"predecessor-version":[{"id":1868,"href":"https:\/\/www.primariacalan.ro\/index.php?rest_route=\/wp\/v2\/pages\/1476\/revisions\/1868"}],"wp:attachment":[{"href":"https:\/\/www.primariacalan.ro\/index.php?rest_route=%2Fwp%2Fv2%2Fmedia&parent=1476"}],"wp:term":[{"taxonomy":"folder","embeddable":true,"href":"https:\/\/www.primariacalan.ro\/index.php?rest_route=%2Fwp%2Fv2%2Ffolder&post=1476"}],"curies":[{"name":"wp","href":"https:\/\/api.w.org\/{rel}","templated":true}]}}