{"id":1329,"date":"2022-01-31T10:05:58","date_gmt":"2022-01-31T08:05:58","guid":{"rendered":"https:\/\/www.primariacalan.ro\/?page_id=1329"},"modified":"2025-03-24T13:29:37","modified_gmt":"2025-03-24T11:29:37","slug":"serviciul-gospodarire-comunala-si-salubrizare","status":"publish","type":"page","link":"https:\/\/www.primariacalan.ro\/?page_id=1329","title":{"rendered":"SERVICIUL GOSPOD\u0102RIRE COMUNAL\u0102 \u0219i SALUBRIZARE"},"content":{"rendered":"\t\t<div data-elementor-type=\"wp-page\" data-elementor-id=\"1329\" class=\"elementor elementor-1329\">\n\t\t\t\t\t\t<section class=\"elementor-section elementor-top-section elementor-element elementor-element-2a750f6 elementor-section-boxed elementor-section-height-default elementor-section-height-default\" data-id=\"2a750f6\" data-element_type=\"section\">\n\t\t\t\t\t\t<div class=\"elementor-container elementor-column-gap-default\">\n\t\t\t\t\t<div class=\"elementor-column elementor-col-100 elementor-top-column elementor-element elementor-element-e05121b\" data-id=\"e05121b\" data-element_type=\"column\">\n\t\t\t<div class=\"elementor-widget-wrap elementor-element-populated\">\n\t\t\t\t\t\t<div class=\"elementor-element elementor-element-330f69e elementor-tabs-view-vertical elementor-widget elementor-widget-tabs\" data-id=\"330f69e\" data-element_type=\"widget\" data-widget_type=\"tabs.default\">\n\t\t\t\t<div class=\"elementor-widget-container\">\n\t\t\t<style>\/*! elementor - v3.21.0 - 26-05-2024 *\/\n.elementor-widget-tabs.elementor-tabs-view-vertical .elementor-tabs-wrapper{width:25%;flex-shrink:0}.elementor-widget-tabs.elementor-tabs-view-vertical .elementor-tab-desktop-title.elementor-active{border-inline-end-style:none}.elementor-widget-tabs.elementor-tabs-view-vertical .elementor-tab-desktop-title.elementor-active:after,.elementor-widget-tabs.elementor-tabs-view-vertical .elementor-tab-desktop-title.elementor-active:before{height:999em;width:0;right:0;border-inline-end-style:solid}.elementor-widget-tabs.elementor-tabs-view-vertical .elementor-tab-desktop-title.elementor-active:before{top:0;transform:translateY(-100%)}.elementor-widget-tabs.elementor-tabs-view-vertical .elementor-tab-desktop-title.elementor-active:after{top:100%}.elementor-widget-tabs.elementor-tabs-view-horizontal .elementor-tab-desktop-title{display:table-cell}.elementor-widget-tabs.elementor-tabs-view-horizontal .elementor-tab-desktop-title.elementor-active{border-bottom-style:none}.elementor-widget-tabs.elementor-tabs-view-horizontal .elementor-tab-desktop-title.elementor-active:after,.elementor-widget-tabs.elementor-tabs-view-horizontal .elementor-tab-desktop-title.elementor-active:before{bottom:0;height:0;width:999em;border-bottom-style:solid}.elementor-widget-tabs.elementor-tabs-view-horizontal .elementor-tab-desktop-title.elementor-active:before{right:100%}.elementor-widget-tabs.elementor-tabs-view-horizontal .elementor-tab-desktop-title.elementor-active:after{left:100%}.elementor-widget-tabs .elementor-tab-content,.elementor-widget-tabs .elementor-tab-title,.elementor-widget-tabs .elementor-tab-title:after,.elementor-widget-tabs .elementor-tab-title:before,.elementor-widget-tabs .elementor-tabs-content-wrapper{border:1px #d5d8dc}.elementor-widget-tabs .elementor-tabs{text-align:start}.elementor-widget-tabs .elementor-tabs-wrapper{overflow:hidden}.elementor-widget-tabs .elementor-tab-title{cursor:pointer;outline:var(--focus-outline,none)}.elementor-widget-tabs .elementor-tab-desktop-title{position:relative;padding:20px 25px;font-weight:700;line-height:1;border:solid transparent}.elementor-widget-tabs .elementor-tab-desktop-title.elementor-active{border-color:#d5d8dc}.elementor-widget-tabs .elementor-tab-desktop-title.elementor-active:after,.elementor-widget-tabs .elementor-tab-desktop-title.elementor-active:before{display:block;content:\"\";position:absolute}.elementor-widget-tabs .elementor-tab-desktop-title:focus-visible{border:1px solid #000}.elementor-widget-tabs .elementor-tab-mobile-title{padding:10px;cursor:pointer}.elementor-widget-tabs .elementor-tab-content{padding:20px;display:none}@media (max-width:767px){.elementor-tabs .elementor-tab-content,.elementor-tabs .elementor-tab-title{border-style:solid solid none}.elementor-tabs .elementor-tabs-wrapper{display:none}.elementor-tabs .elementor-tabs-content-wrapper{border-bottom-style:solid}.elementor-tabs .elementor-tab-content{padding:10px}}@media (min-width:768px){.elementor-widget-tabs.elementor-tabs-view-vertical .elementor-tabs{display:flex}.elementor-widget-tabs.elementor-tabs-view-vertical .elementor-tabs-wrapper{flex-direction:column}.elementor-widget-tabs.elementor-tabs-view-vertical .elementor-tabs-content-wrapper{flex-grow:1;border-style:solid solid solid none}.elementor-widget-tabs.elementor-tabs-view-horizontal .elementor-tab-content{border-style:none solid solid}.elementor-widget-tabs.elementor-tabs-alignment-center .elementor-tabs-wrapper,.elementor-widget-tabs.elementor-tabs-alignment-end .elementor-tabs-wrapper,.elementor-widget-tabs.elementor-tabs-alignment-stretch .elementor-tabs-wrapper{display:flex}.elementor-widget-tabs.elementor-tabs-alignment-center .elementor-tabs-wrapper{justify-content:center}.elementor-widget-tabs.elementor-tabs-alignment-end .elementor-tabs-wrapper{justify-content:flex-end}.elementor-widget-tabs.elementor-tabs-alignment-stretch.elementor-tabs-view-horizontal .elementor-tab-title{width:100%}.elementor-widget-tabs.elementor-tabs-alignment-stretch.elementor-tabs-view-vertical .elementor-tab-title{height:100%}.elementor-tabs .elementor-tab-mobile-title{display:none}}<\/style>\t\t<div class=\"elementor-tabs\">\n\t\t\t<div class=\"elementor-tabs-wrapper\" role=\"tablist\" >\n\t\t\t\t\t\t\t\t\t<div id=\"elementor-tab-title-5351\" class=\"elementor-tab-title elementor-tab-desktop-title\" aria-selected=\"true\" data-tab=\"1\" role=\"tab\" tabindex=\"0\" aria-controls=\"elementor-tab-content-5351\" aria-expanded=\"false\">Anun\u021buri<\/div>\n\t\t\t\t\t\t\t\t\t<div id=\"elementor-tab-title-5352\" class=\"elementor-tab-title elementor-tab-desktop-title\" aria-selected=\"false\" data-tab=\"2\" role=\"tab\" tabindex=\"-1\" aria-controls=\"elementor-tab-content-5352\" aria-expanded=\"false\">Diverse<\/div>\n\t\t\t\t\t\t\t<\/div>\n\t\t\t<div class=\"elementor-tabs-content-wrapper\" role=\"tablist\" aria-orientation=\"vertical\">\n\t\t\t\t\t\t\t\t\t<div class=\"elementor-tab-title elementor-tab-mobile-title\" aria-selected=\"true\" data-tab=\"1\" role=\"tab\" tabindex=\"0\" aria-controls=\"elementor-tab-content-5351\" aria-expanded=\"false\">Anun\u021buri<\/div>\n\t\t\t\t\t<div id=\"elementor-tab-content-5351\" class=\"elementor-tab-content elementor-clearfix\" data-tab=\"1\" role=\"tabpanel\" aria-labelledby=\"elementor-tab-title-5351\" tabindex=\"0\" hidden=\"false\"><ul><li><strong>15.11.2022<\/strong> &#8211; A fost adoptat\u0103 Hot\u0103r\u00e2rea Consiliului Local <a href=\"https:\/\/www.primariacalan.ro\/wp-content\/uploads\/2022\/11\/HCL-106-instituirea-taxei-speciale-de-salubrizare.pdf\">106-instituirea-taxei-speciale-de-salubrizare<\/a><\/li><\/ul><\/div>\n\t\t\t\t\t\t\t\t\t<div class=\"elementor-tab-title elementor-tab-mobile-title\" aria-selected=\"false\" data-tab=\"2\" role=\"tab\" tabindex=\"-1\" aria-controls=\"elementor-tab-content-5352\" aria-expanded=\"false\">Diverse<\/div>\n\t\t\t\t\t<div id=\"elementor-tab-content-5352\" class=\"elementor-tab-content elementor-clearfix\" data-tab=\"2\" role=\"tabpanel\" aria-labelledby=\"elementor-tab-title-5352\" tabindex=\"0\" hidden=\"hidden\"><ul><li><a href=\"https:\/\/www.primariacalan.ro\/wp-content\/uploads\/2025\/03\/GRAFICE-CALAN.pdf\">Programul de colectare al de\u0219eurilor de la popula\u021bia UAT C\u0103lan \u00een perioada APRILIE 2025 \u2013 MARTIE 2026<\/a><\/li><li><a href=\"https:\/\/www.primariacalan.ro\/wp-content\/uploads\/2025\/02\/Valorificarea-compostului-03.01-1.pdf\">Compost \u0219i valorificarea compostului<\/a><\/li><li><a href=\"https:\/\/www.primariacalan.ro\/?p=12714\">Colectarea de\u0219eurilor textile<\/a><\/li><li><a href=\"https:\/\/www.primariacalan.ro\/?p=11768\"><span style=\"font-size: 16px;\">Programul de colectare al de\u0219eurilor de la popula\u021bia UAT C\u0103lan \u00een perioada S\u0103rb\u0103torilor de iarn\u0103 \u2013 SUPERCOM S.A.<\/span><\/a><\/li><li><a href=\"https:\/\/www.primariacalan.ro\/?p=10347\">Graficul de colectare al de\u0219eurilor voluminoase &#8211; UAT C\u0102LAN &#8211; 2024<\/a><\/li><li><a href=\"https:\/\/www.primariacalan.ro\/?p=10053\">Graficul de colectare al de\u0219eurilor &#8211; UAT C\u0102LAN &#8211; Ianuarie-Februarie 2024<\/a><\/li><li><a href=\"https:\/\/www.primariacalan.ro\/?p=8571\">Graficul de colectare al De\u0219eurilor Periculoase din De\u0219euri Menajere &#8211; 2023<\/a><\/li><li><a href=\"https:\/\/www.primariacalan.ro\/wp-content\/uploads\/2023\/02\/COLECTARE-GUNOI-A3.pdf\">Graficul de colectare al de\u0219eurilor zona UAT C\u0102LAN &#8211; Ianuarie &#8211; Octombrie 2023 &#8211; operator de salubritate SUPERCOM S.A.<\/a><\/li><li><a href=\"https:\/\/www.primariacalan.ro\/wp-content\/uploads\/2022\/11\/106.-Regulament_taxa_anexe.docx\">FORMULARE &#8211; DECLARA\u0162II DE IMPUNERE<\/a> \u00een vederea stabilirii cuantumului taxei speciale de salubrizare pe raza UAT C\u0102LAN<\/li><\/ul><\/div>\n\t\t\t\t\t\t\t<\/div>\n\t\t<\/div>\n\t\t\t\t<\/div>\n\t\t\t\t<\/div>\n\t\t\t\t\t<\/div>\n\t\t<\/div>\n\t\t\t\t\t<\/div>\n\t\t<\/section>\n\t\t\t\t<\/div>\n\t\t","protected":false},"excerpt":{"rendered":"<p>Anun\u021buri Diverse Anun\u021buri 15.11.2022 &#8211; A fost adoptat\u0103 Hot\u0103r\u00e2rea Consiliului Local 106-instituirea-taxei-speciale-de-salubrizare Diverse Programul de colectare al de\u0219eurilor de la popula\u021bia UAT C\u0103lan \u00een perioada APRILIE 2025 \u2013 MARTIE 2026&hellip;<\/p>\n","protected":false},"author":1,"featured_media":0,"parent":0,"menu_order":0,"comment_status":"closed","ping_status":"closed","template":"","meta":{"_acf_changed":false,"footnotes":""},"folder":[],"acf":[],"_links":{"self":[{"href":"https:\/\/www.primariacalan.ro\/index.php?rest_route=\/wp\/v2\/pages\/1329"}],"collection":[{"href":"https:\/\/www.primariacalan.ro\/index.php?rest_route=\/wp\/v2\/pages"}],"about":[{"href":"https:\/\/www.primariacalan.ro\/index.php?rest_route=\/wp\/v2\/types\/page"}],"author":[{"embeddable":true,"href":"https:\/\/www.primariacalan.ro\/index.php?rest_route=\/wp\/v2\/users\/1"}],"replies":[{"embeddable":true,"href":"https:\/\/www.primariacalan.ro\/index.php?rest_route=%2Fwp%2Fv2%2Fcomments&post=1329"}],"version-history":[{"count":52,"href":"https:\/\/www.primariacalan.ro\/index.php?rest_route=\/wp\/v2\/pages\/1329\/revisions"}],"predecessor-version":[{"id":13031,"href":"https:\/\/www.primariacalan.ro\/index.php?rest_route=\/wp\/v2\/pages\/1329\/revisions\/13031"}],"wp:attachment":[{"href":"https:\/\/www.primariacalan.ro\/index.php?rest_route=%2Fwp%2Fv2%2Fmedia&parent=1329"}],"wp:term":[{"taxonomy":"folder","embeddable":true,"href":"https:\/\/www.primariacalan.ro\/index.php?rest_route=%2Fwp%2Fv2%2Ffolder&post=1329"}],"curies":[{"name":"wp","href":"https:\/\/api.w.org\/{rel}","templated":true}]}}