{"id":1301,"date":"2022-01-31T09:53:38","date_gmt":"2022-01-31T07:53:38","guid":{"rendered":"https:\/\/www.primariacalan.ro\/?page_id=1301"},"modified":"2022-01-31T18:03:29","modified_gmt":"2022-01-31T16:03:29","slug":"directii-si-servicii","status":"publish","type":"page","link":"https:\/\/www.primariacalan.ro\/?page_id=1301","title":{"rendered":"DIREC\u021aII \u0219i SERVICII"},"content":{"rendered":"\n<p><strong><a href=\"https:\/\/www.primariacalan.ro\/?page_id=1314\">* SERVICIUL FINANCIAR<\/a><\/strong><br><a href=\"https:\/\/www.primariacalan.ro\/?page_id=1317\">&#8211; IMPOZITE \u0219i TAXE<\/a><br><a href=\"https:\/\/www.primariacalan.ro\/?page_id=1320\">&#8211; EXECU\u021aIE BUGETAR\u0102<\/a><br><strong><a href=\"https:\/\/www.primariacalan.ro\/?page_id=1323\">* SERVICIUL URBANISM \u0218I AMENAJAREA TERITORIULUI<\/a><\/strong><br><strong><a href=\"https:\/\/www.primariacalan.ro\/?page_id=1326\">* SERVICIUL DEZVOLTARE LOCAL\u0102<\/a><\/strong><br><strong><a href=\"https:\/\/www.primariacalan.ro\/?page_id=1329\">* SERVICIUL GOSPOD\u0102RIRE COMUNAL\u0102 \u0218I SALUBRIZARE<\/a><\/strong><br><strong><a href=\"https:\/\/www.primariacalan.ro\/?page_id=1332\">* REGISTRUL AGRICOL<\/a><\/strong><br><strong><a href=\"https:\/\/www.primariacalan.ro\/?page_id=1335\">* DIREC\u021aIA DE ASISTEN\u021a\u0102 SOCIAL\u0102<\/a><\/strong><br><strong><a href=\"https:\/\/www.primariacalan.ro\/?page_id=1338\">* PROTEC\u021aIE CIVIL\u0102 \u0218I SITUA\u021aII DE URGEN\u021a\u0102<\/a><\/strong><br><strong><a href=\"https:\/\/www.primariacalan.ro\/?page_id=1341\">* SPCLEP<\/a><\/strong><\/p>\n","protected":false},"excerpt":{"rendered":"<p>* SERVICIUL FINANCIAR&#8211; IMPOZITE \u0219i TAXE&#8211; EXECU\u021aIE BUGETAR\u0102* SERVICIUL URBANISM \u0218I AMENAJAREA TERITORIULUI* SERVICIUL DEZVOLTARE LOCAL\u0102* SERVICIUL GOSPOD\u0102RIRE COMUNAL\u0102 \u0218I SALUBRIZARE* REGISTRUL AGRICOL* DIREC\u021aIA DE ASISTEN\u021a\u0102 SOCIAL\u0102* PROTEC\u021aIE CIVIL\u0102 \u0218I&hellip;<\/p>\n","protected":false},"author":1,"featured_media":0,"parent":0,"menu_order":0,"comment_status":"closed","ping_status":"closed","template":"","meta":{"_acf_changed":false,"footnotes":""},"folder":[],"acf":[],"_links":{"self":[{"href":"https:\/\/www.primariacalan.ro\/index.php?rest_route=\/wp\/v2\/pages\/1301"}],"collection":[{"href":"https:\/\/www.primariacalan.ro\/index.php?rest_route=\/wp\/v2\/pages"}],"about":[{"href":"https:\/\/www.primariacalan.ro\/index.php?rest_route=\/wp\/v2\/types\/page"}],"author":[{"embeddable":true,"href":"https:\/\/www.primariacalan.ro\/index.php?rest_route=\/wp\/v2\/users\/1"}],"replies":[{"embeddable":true,"href":"https:\/\/www.primariacalan.ro\/index.php?rest_route=%2Fwp%2Fv2%2Fcomments&post=1301"}],"version-history":[{"count":2,"href":"https:\/\/www.primariacalan.ro\/index.php?rest_route=\/wp\/v2\/pages\/1301\/revisions"}],"predecessor-version":[{"id":1461,"href":"https:\/\/www.primariacalan.ro\/index.php?rest_route=\/wp\/v2\/pages\/1301\/revisions\/1461"}],"wp:attachment":[{"href":"https:\/\/www.primariacalan.ro\/index.php?rest_route=%2Fwp%2Fv2%2Fmedia&parent=1301"}],"wp:term":[{"taxonomy":"folder","embeddable":true,"href":"https:\/\/www.primariacalan.ro\/index.php?rest_route=%2Fwp%2Fv2%2Ffolder&post=1301"}],"curies":[{"name":"wp","href":"https:\/\/api.w.org\/{rel}","templated":true}]}}