{"id":11440,"date":"2024-11-07T08:39:42","date_gmt":"2024-11-07T06:39:42","guid":{"rendered":"https:\/\/www.primariacalan.ro\/?page_id=11440"},"modified":"2024-11-12T06:57:06","modified_gmt":"2024-11-12T04:57:06","slug":"elementor-11440","status":"publish","type":"page","link":"https:\/\/www.primariacalan.ro\/?page_id=11440","title":{"rendered":""},"content":{"rendered":"\t\t<div data-elementor-type=\"wp-page\" data-elementor-id=\"11440\" class=\"elementor elementor-11440\">\n\t\t\t\t\t\t<section class=\"elementor-section elementor-top-section elementor-element elementor-element-ea2c754 elementor-section-boxed elementor-section-height-default elementor-section-height-default\" data-id=\"ea2c754\" data-element_type=\"section\">\n\t\t\t\t\t\t<div class=\"elementor-container elementor-column-gap-default\">\n\t\t\t\t\t<div class=\"elementor-column elementor-col-100 elementor-top-column elementor-element elementor-element-a085611\" data-id=\"a085611\" data-element_type=\"column\">\n\t\t\t<div class=\"elementor-widget-wrap elementor-element-populated\">\n\t\t\t\t\t\t<div class=\"elementor-element elementor-element-16cc742 elementor-widget elementor-widget-image\" data-id=\"16cc742\" data-element_type=\"widget\" data-widget_type=\"image.default\">\n\t\t\t\t<div class=\"elementor-widget-container\">\n\t\t\t<style>\/*! elementor - v3.21.0 - 26-05-2024 *\/\n.elementor-widget-image{text-align:center}.elementor-widget-image a{display:inline-block}.elementor-widget-image a img[src$=\".svg\"]{width:48px}.elementor-widget-image img{vertical-align:middle;display:inline-block}<\/style>\t\t\t\t\t\t\t\t\t\t<img fetchpriority=\"high\" decoding=\"async\" width=\"842\" height=\"77\" src=\"https:\/\/www.primariacalan.ro\/wp-content\/uploads\/2024\/11\/screenshot.1-Copie-4.jpg\" class=\"attachment-full size-full wp-image-11446\" alt=\"\" srcset=\"https:\/\/www.primariacalan.ro\/wp-content\/uploads\/2024\/11\/screenshot.1-Copie-4.jpg 842w, https:\/\/www.primariacalan.ro\/wp-content\/uploads\/2024\/11\/screenshot.1-Copie-4-300x27.jpg 300w, https:\/\/www.primariacalan.ro\/wp-content\/uploads\/2024\/11\/screenshot.1-Copie-4-100x9.jpg 100w, https:\/\/www.primariacalan.ro\/wp-content\/uploads\/2024\/11\/screenshot.1-Copie-4-768x70.jpg 768w, https:\/\/www.primariacalan.ro\/wp-content\/uploads\/2024\/11\/screenshot.1-Copie-4-140x13.jpg 140w\" sizes=\"(max-width: 842px) 100vw, 842px\" \/>\t\t\t\t\t\t\t\t\t\t\t\t\t<\/div>\n\t\t\t\t<\/div>\n\t\t\t\t\t<\/div>\n\t\t<\/div>\n\t\t\t\t\t<\/div>\n\t\t<\/section>\n\t\t\t\t<section class=\"elementor-section elementor-top-section elementor-element elementor-element-d083c94 elementor-section-content-top elementor-section-boxed elementor-section-height-default elementor-section-height-default\" data-id=\"d083c94\" data-element_type=\"section\">\n\t\t\t\t\t\t<div class=\"elementor-container elementor-column-gap-default\">\n\t\t\t\t\t<div class=\"elementor-column elementor-col-50 elementor-top-column elementor-element elementor-element-c4125a9\" data-id=\"c4125a9\" data-element_type=\"column\">\n\t\t\t<div class=\"elementor-widget-wrap elementor-element-populated\">\n\t\t\t\t\t\t<div class=\"elementor-element elementor-element-e1367ef elementor-widget__width-initial elementor-widget elementor-widget-image\" data-id=\"e1367ef\" data-element_type=\"widget\" data-widget_type=\"image.default\">\n\t\t\t\t<div class=\"elementor-widget-container\">\n\t\t\t\t\t\t\t\t\t\t\t\t\t<img decoding=\"async\" width=\"560\" height=\"641\" src=\"https:\/\/www.primariacalan.ro\/wp-content\/uploads\/2024\/11\/screenshot.3.jpg\" class=\"attachment-large size-large wp-image-11469\" alt=\"\" srcset=\"https:\/\/www.primariacalan.ro\/wp-content\/uploads\/2024\/11\/screenshot.3.jpg 572w, https:\/\/www.primariacalan.ro\/wp-content\/uploads\/2024\/11\/screenshot.3-262x300.jpg 262w, https:\/\/www.primariacalan.ro\/wp-content\/uploads\/2024\/11\/screenshot.3-87x100.jpg 87w, https:\/\/www.primariacalan.ro\/wp-content\/uploads\/2024\/11\/screenshot.3-140x160.jpg 140w\" sizes=\"(max-width: 560px) 100vw, 560px\" \/>\t\t\t\t\t\t\t\t\t\t\t\t\t<\/div>\n\t\t\t\t<\/div>\n\t\t\t\t\t<\/div>\n\t\t<\/div>\n\t\t\t\t<div class=\"elementor-column elementor-col-50 elementor-top-column elementor-element elementor-element-1faf7f7\" data-id=\"1faf7f7\" data-element_type=\"column\">\n\t\t\t<div class=\"elementor-widget-wrap elementor-element-populated\">\n\t\t\t\t\t\t<div class=\"elementor-element elementor-element-f98884f elementor-widget__width-initial elementor-widget elementor-widget-image\" data-id=\"f98884f\" data-element_type=\"widget\" data-widget_type=\"image.default\">\n\t\t\t\t<div class=\"elementor-widget-container\">\n\t\t\t\t\t\t\t\t\t\t\t\t\t<img decoding=\"async\" width=\"560\" height=\"766\" src=\"https:\/\/www.primariacalan.ro\/wp-content\/uploads\/2024\/11\/screenshot.4.jpg\" class=\"elementor-animation-grow attachment-medium_large size-medium_large wp-image-11470\" alt=\"\" srcset=\"https:\/\/www.primariacalan.ro\/wp-content\/uploads\/2024\/11\/screenshot.4.jpg 706w, https:\/\/www.primariacalan.ro\/wp-content\/uploads\/2024\/11\/screenshot.4-219x300.jpg 219w, https:\/\/www.primariacalan.ro\/wp-content\/uploads\/2024\/11\/screenshot.4-73x100.jpg 73w, https:\/\/www.primariacalan.ro\/wp-content\/uploads\/2024\/11\/screenshot.4-140x192.jpg 140w\" sizes=\"(max-width: 560px) 100vw, 560px\" \/>\t\t\t\t\t\t\t\t\t\t\t\t\t<\/div>\n\t\t\t\t<\/div>\n\t\t\t\t\t<\/div>\n\t\t<\/div>\n\t\t\t\t\t<\/div>\n\t\t<\/section>\n\t\t\t\t<section class=\"elementor-section elementor-top-section elementor-element elementor-element-61a7f0a elementor-section-boxed elementor-section-height-default elementor-section-height-default\" data-id=\"61a7f0a\" data-element_type=\"section\">\n\t\t\t\t\t\t<div class=\"elementor-container elementor-column-gap-default\">\n\t\t\t\t\t<div class=\"elementor-column elementor-col-33 elementor-top-column elementor-element elementor-element-1dc22a4\" data-id=\"1dc22a4\" data-element_type=\"column\">\n\t\t\t<div class=\"elementor-widget-wrap elementor-element-populated\">\n\t\t\t\t\t\t<div class=\"elementor-element elementor-element-0e96744 elementor-widget__width-initial elementor-widget elementor-widget-text-editor\" data-id=\"0e96744\" data-element_type=\"widget\" data-widget_type=\"text-editor.default\">\n\t\t\t\t<div class=\"elementor-widget-container\">\n\t\t\t<style>\/*! elementor - v3.21.0 - 26-05-2024 *\/\n.elementor-widget-text-editor.elementor-drop-cap-view-stacked .elementor-drop-cap{background-color:#69727d;color:#fff}.elementor-widget-text-editor.elementor-drop-cap-view-framed .elementor-drop-cap{color:#69727d;border:3px solid;background-color:transparent}.elementor-widget-text-editor:not(.elementor-drop-cap-view-default) .elementor-drop-cap{margin-top:8px}.elementor-widget-text-editor:not(.elementor-drop-cap-view-default) .elementor-drop-cap-letter{width:1em;height:1em}.elementor-widget-text-editor .elementor-drop-cap{float:left;text-align:center;line-height:1;font-size:50px}.elementor-widget-text-editor .elementor-drop-cap-letter{display:inline-block}<\/style>\t\t\t\t<h6 class=\"western\"><span style=\"font-size: 12px;\"><strong><span style=\"font-family: Montserrat;\">Informa\u021bii contact:\u00a0<\/span><\/strong><\/span><\/h6><h6><span style=\"font-size: 11px; color: #808080;\"><span style=\"font-family: Montserrat;\">Nume:<\/span><span style=\"font-family: Montserrat;\">\u00a0<\/span><span style=\"font-family: Montserrat;\"> Jurj Florin<\/span><\/span><br \/><span style=\"font-size: 11px; color: #808080;\"><span style=\"font-family: Montserrat;\">Func\u021bia:<\/span><span style=\"font-family: Montserrat;\">\u00a0<\/span><span style=\"font-family: Montserrat;\">Manager de proiect<\/span><\/span><br \/><span style=\"font-size: 11px; color: #808080;\"><span style=\"font-family: Montserrat;\">Telefon:<\/span><span style=\"font-family: Montserrat;\">\u00a0<\/span><span style=\"font-family: Montserrat;\"> 0745\/320.876<\/span><\/span><br \/><span style=\"font-size: 11px; color: #808080;\"><span style=\"font-family: Montserrat;\">Email:<\/span><span style=\"font-family: Montserrat;\">\u00a0<\/span><a href=\"mailto:primariacalan@yahoo.com\"><span style=\"font-family: Montserrat;\">primariacalan@yahoo.com<\/span><\/a><\/span><br \/><span style=\"font-size: 11px; color: #808080;\"><span style=\"font-family: Montserrat;\">Website:<\/span><span style=\"font-family: Montserrat;\">\u00a0<\/span><a href=\"http:\/\/primariacalan.ro\"><span style=\"font-family: Montserrat;\">www.primariacalan.ro<\/span><\/a><\/span><\/h6>\t\t\t\t\t\t<\/div>\n\t\t\t\t<\/div>\n\t\t\t\t\t<\/div>\n\t\t<\/div>\n\t\t\t\t<div class=\"elementor-column elementor-col-66 elementor-top-column elementor-element elementor-element-49e349f\" data-id=\"49e349f\" data-element_type=\"column\">\n\t\t\t<div class=\"elementor-widget-wrap elementor-element-populated\">\n\t\t\t\t\t\t<div class=\"elementor-element elementor-element-d00abdd elementor-widget__width-initial elementor-widget elementor-widget-text-editor\" data-id=\"d00abdd\" data-element_type=\"widget\" data-widget_type=\"text-editor.default\">\n\t\t\t\t<div class=\"elementor-widget-container\">\n\t\t\t\t\t\t\t<p style=\"text-align: left;\"><span style=\"font-size: 10px; color: #999999; font-family: verdana, geneva;\"><br><\/span><\/p><p style=\"text-align: left;\"><span style=\"font-size: 10px; color: #999999; font-family: verdana, geneva;\">\u2022 Proiectul este cofinan\u021bat de Uniunea European\u0103, prin ADR Vest \u00een calitate de Autoritate de Management pentru Programul Regional Vest 2021-2027. Pentru informa\u021bii detaliate despre program, accesa\u021bi <span style=\"color: #0000ff;\"><a style=\"color: #0000ff;\" href=\"http:\/\/www.vest.ro\">www.vest.ro<\/a><\/span><\/span><br><span style=\"font-size: 10px; color: #999999; font-family: verdana, geneva;\">\u2022 Pentru informa\u021bii detaliate despre celelalte programe cofinan\u021bate de Uniunea European\u0103, v\u0103 invit\u0103m s\u0103 vizita\u021bi <span style=\"color: #0000ff;\"><a style=\"color: #0000ff;\" href=\"http:\/\/www.mfe.gov.ro\">www.mfe.gov.ro<\/a>;<\/span><\/span><br><span style=\"font-size: 10px; color: #999999; font-family: verdana, geneva;\">\u2022 Con\u021binutul acestei pagini nu reprezint\u0103 \u00een mod obligatoriu pozi\u021bia oficial\u0103 a Uniunii Europene sau a ADR Vest<\/span><\/p>\t\t\t\t\t\t<\/div>\n\t\t\t\t<\/div>\n\t\t\t\t\t<\/div>\n\t\t<\/div>\n\t\t\t\t\t<\/div>\n\t\t<\/section>\n\t\t\t\t<section class=\"elementor-section elementor-top-section elementor-element elementor-element-da710b7 elementor-section-boxed elementor-section-height-default elementor-section-height-default\" data-id=\"da710b7\" data-element_type=\"section\">\n\t\t\t\t\t\t<div class=\"elementor-container elementor-column-gap-default\">\n\t\t\t\t\t<div class=\"elementor-column elementor-col-100 elementor-top-column elementor-element elementor-element-9d1298e\" data-id=\"9d1298e\" data-element_type=\"column\">\n\t\t\t<div class=\"elementor-widget-wrap elementor-element-populated\">\n\t\t\t\t\t\t<div class=\"elementor-element elementor-element-c7df47d elementor-widget__width-initial elementor-pagination-position-outside elementor-widget elementor-widget-image-carousel\" data-id=\"c7df47d\" data-element_type=\"widget\" data-settings=\"{&quot;slides_to_show&quot;:&quot;3&quot;,&quot;slides_to_scroll&quot;:&quot;1&quot;,&quot;navigation&quot;:&quot;dots&quot;,&quot;speed&quot;:2000,&quot;autoplay&quot;:&quot;yes&quot;,&quot;pause_on_hover&quot;:&quot;yes&quot;,&quot;pause_on_interaction&quot;:&quot;yes&quot;,&quot;autoplay_speed&quot;:5000,&quot;infinite&quot;:&quot;yes&quot;}\" data-widget_type=\"image-carousel.default\">\n\t\t\t\t<div class=\"elementor-widget-container\">\n\t\t\t<style>\/*! elementor - v3.21.0 - 26-05-2024 *\/\n.elementor-widget-image-carousel .swiper,.elementor-widget-image-carousel .swiper-container{position:static}.elementor-widget-image-carousel .swiper-container .swiper-slide figure,.elementor-widget-image-carousel .swiper .swiper-slide figure{line-height:inherit}.elementor-widget-image-carousel .swiper-slide{text-align:center}.elementor-image-carousel-wrapper:not(.swiper-container-initialized):not(.swiper-initialized) .swiper-slide{max-width:calc(100% \/ var(--e-image-carousel-slides-to-show, 3))}<\/style>\t\t<div class=\"elementor-image-carousel-wrapper swiper\" dir=\"ltr\">\n\t\t\t<div class=\"elementor-image-carousel swiper-wrapper\" aria-live=\"off\">\n\t\t\t\t\t\t\t\t<div class=\"swiper-slide\" role=\"group\" aria-roledescription=\"slide\" aria-label=\"1 of 24\"><figure class=\"swiper-slide-inner\"><img decoding=\"async\" class=\"swiper-slide-image\" src=\"https:\/\/www.primariacalan.ro\/wp-content\/uploads\/2024\/11\/IMG-20241108-WA0005-Copie-768x432.jpg\" alt=\"IMG-20241108-WA0005 - Copie\" \/><\/figure><\/div><div class=\"swiper-slide\" role=\"group\" aria-roledescription=\"slide\" aria-label=\"2 of 24\"><figure class=\"swiper-slide-inner\"><img decoding=\"async\" class=\"swiper-slide-image\" src=\"https:\/\/www.primariacalan.ro\/wp-content\/uploads\/2024\/11\/IMG-20241108-WA0006-Copie-768x432.jpg\" alt=\"IMG-20241108-WA0006 - Copie\" \/><\/figure><\/div><div class=\"swiper-slide\" role=\"group\" aria-roledescription=\"slide\" aria-label=\"3 of 24\"><figure class=\"swiper-slide-inner\"><img decoding=\"async\" class=\"swiper-slide-image\" src=\"https:\/\/www.primariacalan.ro\/wp-content\/uploads\/2024\/11\/IMG-20241108-WA0007-Copie-768x432.jpg\" alt=\"IMG-20241108-WA0007 - Copie\" \/><\/figure><\/div><div class=\"swiper-slide\" role=\"group\" aria-roledescription=\"slide\" aria-label=\"4 of 24\"><figure class=\"swiper-slide-inner\"><img decoding=\"async\" class=\"swiper-slide-image\" src=\"https:\/\/www.primariacalan.ro\/wp-content\/uploads\/2024\/11\/IMG-20241108-WA0008-Copie-768x432.jpg\" alt=\"IMG-20241108-WA0008 - Copie\" \/><\/figure><\/div><div class=\"swiper-slide\" role=\"group\" aria-roledescription=\"slide\" aria-label=\"5 of 24\"><figure class=\"swiper-slide-inner\"><img decoding=\"async\" class=\"swiper-slide-image\" src=\"https:\/\/www.primariacalan.ro\/wp-content\/uploads\/2024\/11\/IMG-20241108-WA0009-Copie-768x432.jpg\" alt=\"IMG-20241108-WA0009 - Copie\" \/><\/figure><\/div><div class=\"swiper-slide\" role=\"group\" aria-roledescription=\"slide\" aria-label=\"6 of 24\"><figure class=\"swiper-slide-inner\"><img decoding=\"async\" class=\"swiper-slide-image\" src=\"https:\/\/www.primariacalan.ro\/wp-content\/uploads\/2024\/11\/IMG-20241108-WA0010-Copie-768x432.jpg\" alt=\"IMG-20241108-WA0010 - Copie\" \/><\/figure><\/div><div class=\"swiper-slide\" role=\"group\" aria-roledescription=\"slide\" aria-label=\"7 of 24\"><figure class=\"swiper-slide-inner\"><img decoding=\"async\" class=\"swiper-slide-image\" src=\"https:\/\/www.primariacalan.ro\/wp-content\/uploads\/2024\/11\/IMG-20241108-WA0011-Copie-768x432.jpg\" alt=\"IMG-20241108-WA0011 - Copie\" \/><\/figure><\/div><div class=\"swiper-slide\" role=\"group\" aria-roledescription=\"slide\" aria-label=\"8 of 24\"><figure class=\"swiper-slide-inner\"><img decoding=\"async\" class=\"swiper-slide-image\" src=\"https:\/\/www.primariacalan.ro\/wp-content\/uploads\/2024\/11\/IMG-20241108-WA0012-Copie-768x432.jpg\" alt=\"IMG-20241108-WA0012 - Copie\" \/><\/figure><\/div><div class=\"swiper-slide\" role=\"group\" aria-roledescription=\"slide\" aria-label=\"9 of 24\"><figure class=\"swiper-slide-inner\"><img decoding=\"async\" class=\"swiper-slide-image\" src=\"https:\/\/www.primariacalan.ro\/wp-content\/uploads\/2024\/11\/IMG-20241108-WA0013-Copie-768x432.jpg\" alt=\"IMG-20241108-WA0013 - Copie\" \/><\/figure><\/div><div class=\"swiper-slide\" role=\"group\" aria-roledescription=\"slide\" aria-label=\"10 of 24\"><figure class=\"swiper-slide-inner\"><img decoding=\"async\" class=\"swiper-slide-image\" src=\"https:\/\/www.primariacalan.ro\/wp-content\/uploads\/2024\/11\/IMG-20241108-WA0014-Copie-768x432.jpg\" alt=\"IMG-20241108-WA0014 - Copie\" \/><\/figure><\/div><div class=\"swiper-slide\" role=\"group\" aria-roledescription=\"slide\" aria-label=\"11 of 24\"><figure class=\"swiper-slide-inner\"><img decoding=\"async\" class=\"swiper-slide-image\" src=\"https:\/\/www.primariacalan.ro\/wp-content\/uploads\/2024\/11\/IMG-20241108-WA0015-Copie-768x432.jpg\" alt=\"IMG-20241108-WA0015 - Copie\" \/><\/figure><\/div><div class=\"swiper-slide\" role=\"group\" aria-roledescription=\"slide\" aria-label=\"12 of 24\"><figure class=\"swiper-slide-inner\"><img decoding=\"async\" class=\"swiper-slide-image\" src=\"https:\/\/www.primariacalan.ro\/wp-content\/uploads\/2024\/11\/IMG-20241108-WA0016-Copie-768x432.jpg\" alt=\"IMG-20241108-WA0016 - Copie\" \/><\/figure><\/div><div class=\"swiper-slide\" role=\"group\" aria-roledescription=\"slide\" aria-label=\"13 of 24\"><figure class=\"swiper-slide-inner\"><img decoding=\"async\" class=\"swiper-slide-image\" src=\"https:\/\/www.primariacalan.ro\/wp-content\/uploads\/2024\/11\/IMG-20241108-WA0017-Copie-768x432.jpg\" alt=\"IMG-20241108-WA0017 - Copie\" \/><\/figure><\/div><div class=\"swiper-slide\" role=\"group\" aria-roledescription=\"slide\" aria-label=\"14 of 24\"><figure class=\"swiper-slide-inner\"><img decoding=\"async\" class=\"swiper-slide-image\" src=\"https:\/\/www.primariacalan.ro\/wp-content\/uploads\/2024\/11\/IMG-20241108-WA0018-Copie-768x432.jpg\" alt=\"IMG-20241108-WA0018 - Copie\" \/><\/figure><\/div><div class=\"swiper-slide\" role=\"group\" aria-roledescription=\"slide\" aria-label=\"15 of 24\"><figure class=\"swiper-slide-inner\"><img decoding=\"async\" class=\"swiper-slide-image\" src=\"https:\/\/www.primariacalan.ro\/wp-content\/uploads\/2024\/11\/IMG-20241108-WA0020-Copie-768x432.jpg\" alt=\"IMG-20241108-WA0020 - Copie\" \/><\/figure><\/div><div class=\"swiper-slide\" role=\"group\" aria-roledescription=\"slide\" aria-label=\"16 of 24\"><figure class=\"swiper-slide-inner\"><img decoding=\"async\" class=\"swiper-slide-image\" src=\"https:\/\/www.primariacalan.ro\/wp-content\/uploads\/2024\/11\/IMG-20241108-WA0021-Copie-768x432.jpg\" alt=\"IMG-20241108-WA0021 - Copie\" \/><\/figure><\/div><div class=\"swiper-slide\" role=\"group\" aria-roledescription=\"slide\" aria-label=\"17 of 24\"><figure class=\"swiper-slide-inner\"><img decoding=\"async\" class=\"swiper-slide-image\" src=\"https:\/\/www.primariacalan.ro\/wp-content\/uploads\/2024\/11\/IMG-20241108-WA0022-Copie-768x432.jpg\" alt=\"IMG-20241108-WA0022 - Copie\" \/><\/figure><\/div><div class=\"swiper-slide\" role=\"group\" aria-roledescription=\"slide\" aria-label=\"18 of 24\"><figure class=\"swiper-slide-inner\"><img decoding=\"async\" class=\"swiper-slide-image\" src=\"https:\/\/www.primariacalan.ro\/wp-content\/uploads\/2024\/11\/IMG-20241108-WA0023-Copie-768x432.jpg\" alt=\"IMG-20241108-WA0023 - Copie\" \/><\/figure><\/div><div class=\"swiper-slide\" role=\"group\" aria-roledescription=\"slide\" aria-label=\"19 of 24\"><figure class=\"swiper-slide-inner\"><img decoding=\"async\" class=\"swiper-slide-image\" src=\"https:\/\/www.primariacalan.ro\/wp-content\/uploads\/2024\/11\/IMG-20241108-WA0024-Copie-768x432.jpg\" alt=\"IMG-20241108-WA0024 - Copie\" \/><\/figure><\/div><div class=\"swiper-slide\" role=\"group\" aria-roledescription=\"slide\" aria-label=\"20 of 24\"><figure class=\"swiper-slide-inner\"><img decoding=\"async\" class=\"swiper-slide-image\" src=\"https:\/\/www.primariacalan.ro\/wp-content\/uploads\/2024\/11\/IMG-20241108-WA0025-Copie-768x432.jpg\" alt=\"IMG-20241108-WA0025 - Copie\" \/><\/figure><\/div><div class=\"swiper-slide\" role=\"group\" aria-roledescription=\"slide\" aria-label=\"21 of 24\"><figure class=\"swiper-slide-inner\"><img decoding=\"async\" class=\"swiper-slide-image\" src=\"https:\/\/www.primariacalan.ro\/wp-content\/uploads\/2024\/11\/IMG-20241108-WA0026-Copie-768x432.jpg\" alt=\"IMG-20241108-WA0026 - Copie\" \/><\/figure><\/div><div class=\"swiper-slide\" role=\"group\" aria-roledescription=\"slide\" aria-label=\"22 of 24\"><figure class=\"swiper-slide-inner\"><img decoding=\"async\" class=\"swiper-slide-image\" src=\"https:\/\/www.primariacalan.ro\/wp-content\/uploads\/2024\/11\/IMG-20241108-WA0027-Copie-768x432.jpg\" alt=\"IMG-20241108-WA0027 - Copie\" \/><\/figure><\/div><div class=\"swiper-slide\" role=\"group\" aria-roledescription=\"slide\" aria-label=\"23 of 24\"><figure class=\"swiper-slide-inner\"><img decoding=\"async\" class=\"swiper-slide-image\" src=\"https:\/\/www.primariacalan.ro\/wp-content\/uploads\/2024\/11\/IMG-20241108-WA0028-Copie-768x432.jpg\" alt=\"IMG-20241108-WA0028 - Copie\" \/><\/figure><\/div><div class=\"swiper-slide\" role=\"group\" aria-roledescription=\"slide\" aria-label=\"24 of 24\"><figure class=\"swiper-slide-inner\"><img decoding=\"async\" class=\"swiper-slide-image\" src=\"https:\/\/www.primariacalan.ro\/wp-content\/uploads\/2024\/11\/IMG-20241108-WA0029-Copie-768x432.jpg\" alt=\"IMG-20241108-WA0029 - Copie\" \/><\/figure><\/div>\t\t\t<\/div>\n\t\t\t\t\t\t\t\n\t\t\t\t\t\t\t\t\t<div class=\"swiper-pagination\"><\/div>\n\t\t\t\t\t\t\t\t\t<\/div>\n\t\t\t\t<\/div>\n\t\t\t\t<\/div>\n\t\t\t\t\t<\/div>\n\t\t<\/div>\n\t\t\t\t\t<\/div>\n\t\t<\/section>\n\t\t\t\t<\/div>\n\t\t","protected":false},"excerpt":{"rendered":"<p>Informa\u021bii contact:\u00a0 Nume:\u00a0 Jurj FlorinFunc\u021bia:\u00a0Manager de proiectTelefon:\u00a0 0745\/320.876Email:\u00a0primariacalan@yahoo.comWebsite:\u00a0www.primariacalan.ro \u2022 Proiectul este cofinan\u021bat de Uniunea European\u0103, prin ADR Vest \u00een calitate de Autoritate de Management pentru Programul Regional Vest 2021-2027. Pentru&hellip;<\/p>\n","protected":false},"author":1,"featured_media":0,"parent":0,"menu_order":0,"comment_status":"closed","ping_status":"closed","template":"","meta":{"_acf_changed":false,"footnotes":""},"folder":[],"acf":[],"_links":{"self":[{"href":"https:\/\/www.primariacalan.ro\/index.php?rest_route=\/wp\/v2\/pages\/11440"}],"collection":[{"href":"https:\/\/www.primariacalan.ro\/index.php?rest_route=\/wp\/v2\/pages"}],"about":[{"href":"https:\/\/www.primariacalan.ro\/index.php?rest_route=\/wp\/v2\/types\/page"}],"author":[{"embeddable":true,"href":"https:\/\/www.primariacalan.ro\/index.php?rest_route=\/wp\/v2\/users\/1"}],"replies":[{"embeddable":true,"href":"https:\/\/www.primariacalan.ro\/index.php?rest_route=%2Fwp%2Fv2%2Fcomments&post=11440"}],"version-history":[{"count":89,"href":"https:\/\/www.primariacalan.ro\/index.php?rest_route=\/wp\/v2\/pages\/11440\/revisions"}],"predecessor-version":[{"id":11591,"href":"https:\/\/www.primariacalan.ro\/index.php?rest_route=\/wp\/v2\/pages\/11440\/revisions\/11591"}],"wp:attachment":[{"href":"https:\/\/www.primariacalan.ro\/index.php?rest_route=%2Fwp%2Fv2%2Fmedia&parent=11440"}],"wp:term":[{"taxonomy":"folder","embeddable":true,"href":"https:\/\/www.primariacalan.ro\/index.php?rest_route=%2Fwp%2Fv2%2Ffolder&post=11440"}],"curies":[{"name":"wp","href":"https:\/\/api.w.org\/{rel}","templated":true}]}}