{"id":11421,"date":"2024-11-06T14:39:03","date_gmt":"2024-11-06T12:39:03","guid":{"rendered":"https:\/\/www.primariacalan.ro\/?page_id=11421"},"modified":"2025-02-24T10:03:26","modified_gmt":"2025-02-24T08:03:26","slug":"x","status":"publish","type":"page","link":"https:\/\/www.primariacalan.ro\/?page_id=11421","title":{"rendered":""},"content":{"rendered":"\n<p><style>\/*! elementor - v3.21.0 - 26-05-2024 *\/<br \/>\n.elementor-widget-image{text-align:center}.elementor-widget-image a{display:inline-block}.elementor-widget-image a img[src$=\".svg\"]{width:48px}.elementor-widget-image img{vertical-align:middle;display:inline-block}<\/style><\/p>\n\n\n\n<ul>\n<li style=\"font-size:18px\"><a href=\"https:\/\/www.primariacalan.ro\/?page_id=12825\"><strong>Reabilitarea energetic\u0103 a blocurilor de locuin\u021be din ora\u0219ul C\u0103lan, jude\u021bul Hunedoara, cod SMIS 324569<\/strong><\/a><\/li>\n\n\n\n<li style=\"font-size:18px\"><a href=\"https:\/\/www.primariacalan.ro\/?page_id=12819\"><strong>Reabilitarea energetic\u0103 a blocurilor de locuin\u021be din ora\u0219ul C\u0103lan, jude\u021bul Hunedoara, cod SMIS 324568<\/strong><\/a><\/li>\n\n\n\n<li style=\"font-size:18px\"><a href=\"https:\/\/www.primariacalan.ro\/?page_id=12814\"><strong>Reabilitarea energetic\u0103 a blocurilor de locuin\u021be din ora\u0219ul C\u0103lan, jude\u021bul Hunedoara, cod SMIS 324530<\/strong><\/a><\/li>\n\n\n\n<li style=\"font-size:18px\"><strong><a href=\"https:\/\/www.primariacalan.ro\/?page_id=12677\">\u201dCONSTRUIRE PARC FOTOVOLTAIC, LOCALITATEA C\u0102LAN, JUDE\u021aUL HUNEDOARA\u201d, cod SMIS 315024<\/a><\/strong><\/li>\n\n\n\n<li style=\"font-size:18px\"><strong><a href=\"https:\/\/www.primariacalan.ro\/?page_id=11440\">\u201dEficien\u021b\u0103 energetic\u0103 \u00een sectorul reziden\u021bial, ora\u0219ul C\u0103lan, jude\u021bul Hunedoara\u201d, cod SMIS 324476<\/a><\/strong><\/li>\n<\/ul>\n","protected":false},"excerpt":{"rendered":"","protected":false},"author":1,"featured_media":11405,"parent":0,"menu_order":0,"comment_status":"closed","ping_status":"closed","template":"","meta":{"_acf_changed":false,"footnotes":""},"folder":[91],"acf":[],"_links":{"self":[{"href":"https:\/\/www.primariacalan.ro\/index.php?rest_route=\/wp\/v2\/pages\/11421"}],"collection":[{"href":"https:\/\/www.primariacalan.ro\/index.php?rest_route=\/wp\/v2\/pages"}],"about":[{"href":"https:\/\/www.primariacalan.ro\/index.php?rest_route=\/wp\/v2\/types\/page"}],"author":[{"embeddable":true,"href":"https:\/\/www.primariacalan.ro\/index.php?rest_route=\/wp\/v2\/users\/1"}],"replies":[{"embeddable":true,"href":"https:\/\/www.primariacalan.ro\/index.php?rest_route=%2Fwp%2Fv2%2Fcomments&post=11421"}],"version-history":[{"count":16,"href":"https:\/\/www.primariacalan.ro\/index.php?rest_route=\/wp\/v2\/pages\/11421\/revisions"}],"predecessor-version":[{"id":12828,"href":"https:\/\/www.primariacalan.ro\/index.php?rest_route=\/wp\/v2\/pages\/11421\/revisions\/12828"}],"wp:featuredmedia":[{"embeddable":true,"href":"https:\/\/www.primariacalan.ro\/index.php?rest_route=\/wp\/v2\/media\/11405"}],"wp:attachment":[{"href":"https:\/\/www.primariacalan.ro\/index.php?rest_route=%2Fwp%2Fv2%2Fmedia&parent=11421"}],"wp:term":[{"taxonomy":"folder","embeddable":true,"href":"https:\/\/www.primariacalan.ro\/index.php?rest_route=%2Fwp%2Fv2%2Ffolder&post=11421"}],"curies":[{"name":"wp","href":"https:\/\/api.w.org\/{rel}","templated":true}]}}